{"id":95,"date":"2025-07-22T14:32:08","date_gmt":"2025-07-22T14:32:08","guid":{"rendered":"http:\/\/cloca-evenementiel.com\/?page_id=95"},"modified":"2026-02-27T13:45:28","modified_gmt":"2026-02-27T13:45:28","slug":"accueil","status":"publish","type":"page","link":"https:\/\/cloca-evenementiel.com\/","title":{"rendered":"Accueil"},"content":{"rendered":"\t\t<div data-elementor-type=\"wp-page\" data-elementor-id=\"95\" class=\"elementor elementor-95\">\n\t\t\t\t<div class=\"elementor-element elementor-element-db68ef3 e-flex e-con-boxed e-con e-parent\" data-id=\"db68ef3\" data-element_type=\"container\">\n\t\t\t\t\t<div class=\"e-con-inner\">\n\t\t\t\t<div class=\"elementor-element elementor-element-ef7e9f1 elementor-widget elementor-widget-button\" data-id=\"ef7e9f1\" data-element_type=\"widget\" data-widget_type=\"button.default\">\n\t\t\t\t\t\t\t\t\t\t<a class=\"elementor-button elementor-button-link elementor-size-sm\" href=\"https:\/\/cloca-evenementiel.com\/index.php\/contact\/\">\n\t\t\t\t\t\t<span class=\"elementor-button-content-wrapper\">\n\t\t\t\t\t\t\t\t\t<span class=\"elementor-button-text\">Contact<\/span>\n\t\t\t\t\t<\/span>\n\t\t\t\t\t<\/a>\n\t\t\t\t\t\t\t\t<\/div>\n\t\t\t\t\t<\/div>\n\t\t\t\t<\/div>\n\t\t<div class=\"elementor-element elementor-element-5d66b66 e-flex e-con-boxed e-con e-parent\" data-id=\"5d66b66\" data-element_type=\"container\">\n\t\t\t\t\t<div class=\"e-con-inner\">\n\t\t\t\t<div class=\"elementor-element elementor-element-31ac4f5 elementor-widget elementor-widget-image\" data-id=\"31ac4f5\" data-element_type=\"widget\" data-widget_type=\"image.default\">\n\t\t\t\t\t\t\t\t\t\t\t\t\t\t\t<img fetchpriority=\"high\" decoding=\"async\" width=\"200\" height=\"300\" src=\"https:\/\/cloca-evenementiel.com\/wp-content\/uploads\/2026\/02\/IMG_0598-200x300.jpeg\" class=\"attachment-medium size-medium wp-image-312\" alt=\"Buffet mariage traiteur Pont-l&#039;Ev\u00eaque\" srcset=\"https:\/\/cloca-evenementiel.com\/wp-content\/uploads\/2026\/02\/IMG_0598-200x300.jpeg 200w, https:\/\/cloca-evenementiel.com\/wp-content\/uploads\/2026\/02\/IMG_0598-683x1024.jpeg 683w, https:\/\/cloca-evenementiel.com\/wp-content\/uploads\/2026\/02\/IMG_0598-768x1151.jpeg 768w, https:\/\/cloca-evenementiel.com\/wp-content\/uploads\/2026\/02\/IMG_0598-1025x1536.jpeg 1025w, https:\/\/cloca-evenementiel.com\/wp-content\/uploads\/2026\/02\/IMG_0598.jpeg 1366w\" sizes=\"(max-width: 200px) 100vw, 200px\" \/>\t\t\t\t\t\t\t\t\t\t\t\t\t\t\t<\/div>\n\t\t\t\t\t<\/div>\n\t\t\t\t<\/div>\n\t\t<div class=\"elementor-element elementor-element-cbf64a0 e-flex e-con-boxed e-con e-parent\" data-id=\"cbf64a0\" data-element_type=\"container\">\n\t\t\t\t\t<div class=\"e-con-inner\">\n\t\t\t\t<div class=\"elementor-element elementor-element-47f0d9e elementor-widget elementor-widget-text-editor\" data-id=\"47f0d9e\" data-element_type=\"widget\" data-widget_type=\"text-editor.default\">\n\t\t\t\t\t\t\t\t\t<p><strong>Des prestations sur-mesure pour tout vos \u00e9v\u00e9nements\u00a0<\/strong><\/p><p><strong>Cloca traiteur, traiteur \u00e0 Pont-l&rsquo;Ev\u00eaque, vous accompagne dans tous vos \u00e9v\u00e9nements de vie : mariages, anniversaires, bapt\u00eames, f\u00eates de famille, \u00e9v\u00e9nements professionnels, r\u00e9unions, salons ou f\u00eates publiques dans le Calvados et l&rsquo;Eure.<\/strong><\/p><p>Nous intervenons r\u00e9guli\u00e8rement \u00e0 Pont-l&rsquo;Ev\u00eaque, Deauville, Honfleur, Lisieux, Trouville, Cabourg, Pont-Audemer et dans tout le Pays d&rsquo;Auge.<\/p><p>Chaque prestation est con\u00e7ue avec soin, en fonction de vos besoins et de vos envies.<\/p><p><strong>Des formules gourmandes et vari\u00e9es<\/strong><\/p><p>Je propose un large choix de pr\u00e9parations :<\/p><p>Brunchs complets<\/p><p>Buffets froids<\/p><p>Plateaux repas<\/p><p>Buffets chauds<\/p><p>Ap\u00e9ritifs d\u00eenatoires<\/p><p>Desserts et douceurs<\/p><p><strong>Un service complet, en option<\/strong><\/p><p>Selon vos besoins, je peux \u00eatre pr\u00e9sent sur place le jour de votre \u00e9v\u00e9nement, accompagn\u00e9 de mes serveuses.<\/p><p>Cette prestation inclut :<\/p><ul><li>Le service en salle pour une prise en charge fluide et soign\u00e9e<\/li><li>Des animations gourmandes autour de la nourriture<\/li><\/ul><p>( Cette option est sur demande et engage des frais suppl\u00e9mentaires, d\u00e9finis selon la dur\u00e9e et les services demand\u00e9s. )<\/p><p><strong>Zones d&rsquo;intervention<\/strong><\/p><p>Bas\u00e9 \u00e0 Pont-l&rsquo;Ev\u00eaque, Cloca Traiteur intervient \u00e0 :<\/p><p>Pont-l&rsquo;Ev\u00eaque<\/p><p>Deauville<\/p><p>Honfleur<\/p><p>Lisieux<\/p><p>Trouville-sur-Mer<\/p><p>Cabourg<\/p><p>Pont-Audemer<\/p><p>L&rsquo;ensemble du Calvados<\/p><p>L&rsquo;Eure<\/p><p>D\u00e9placements possibles dans d&rsquo;autres secteurs sur demande.<\/p><p>N\u2019h\u00e9sitez pas \u00e0 me contacter via le formulaire pour toute demande, information ou devis personnalis\u00e9.<\/p>\t\t\t\t\t\t\t\t<\/div>\n\t\t\t\t\t<\/div>\n\t\t\t\t<\/div>\n\t\t<div class=\"elementor-element elementor-element-763f696 e-flex e-con-boxed e-con e-parent\" data-id=\"763f696\" data-element_type=\"container\">\n\t\t\t\t\t<div class=\"e-con-inner\">\n\t\t\t\t<div class=\"elementor-element elementor-element-1430735 elementor-widget elementor-widget-text-editor\" data-id=\"1430735\" data-element_type=\"widget\" data-widget_type=\"text-editor.default\">\n\t\t\t\t\t\t\t\t\t<p><strong>Avis clients<\/strong><\/p><p>\u2b50\u2b50\u2b50\u2b50\u2b50<\/p><p>Que ce soit pour vos \u00e9v\u00e9nements familiaux ou bien les repas pr\u00e9par\u00e9s, n&rsquo;h\u00e9sitez pas \u00e0 faire appel \u00e0 Cloca traiteur.<br \/>Je recommande vivement.<br \/>Mention sp\u00e9ciale pour le g\u00e2teau de cr\u00eapes : une merveille.<br \/>A bient\u00f4t !<\/p><p>&#8211; Johan<\/p><p>\u2b50\u2b50\u2b50\u2b50\u2b50<\/p><p>Tr\u00e8s bon traiteur qui nous avait pr\u00e9par\u00e9 de nombreux canap\u00e9s, cuill\u00e8res diverses et verrines pour un ap\u00e9ritif d\u00eenatoire. Des produits frais et une pr\u00e9sentation raffin\u00e9e. Une merveille!<\/p><p>&#8211; Claire<\/p><p>\u2b50\u2b50\u2b50\u2b50\u2b50<\/p><p>Tr\u00e8s bon couscous que nous avons appr\u00e9ci\u00e9<br \/>Tr\u00e8s bon traiteur<\/p><p>&#8211; Martine<\/p>\t\t\t\t\t\t\t\t<\/div>\n\t\t\t\t\t<\/div>\n\t\t\t\t<\/div>\n\t\t<div class=\"elementor-element elementor-element-a6de59d e-flex e-con-boxed e-con e-parent\" data-id=\"a6de59d\" data-element_type=\"container\">\n\t\t\t\t\t<div class=\"e-con-inner\">\n\t\t\t\t<div class=\"elementor-element elementor-element-c486981 elementor-widget elementor-widget-button\" data-id=\"c486981\" data-element_type=\"widget\" data-widget_type=\"button.default\">\n\t\t\t\t\t\t\t\t\t\t<a class=\"elementor-button elementor-button-link elementor-size-sm\" href=\"https:\/\/g.page\/r\/CSZRSlc3ln_TEAE\/review\">\n\t\t\t\t\t\t<span class=\"elementor-button-content-wrapper\">\n\t\t\t\t\t\t\t\t\t<span class=\"elementor-button-text\">Laisser un avis<\/span>\n\t\t\t\t\t<\/span>\n\t\t\t\t\t<\/a>\n\t\t\t\t\t\t\t\t<\/div>\n\t\t\t\t\t<\/div>\n\t\t\t\t<\/div>\n\t\t\t\t<\/div>\n\t\t","protected":false},"excerpt":{"rendered":"<p>Contact Des prestations sur-mesure pour tout vos \u00e9v\u00e9nements\u00a0 Cloca traiteur, traiteur \u00e0 Pont-l&rsquo;Ev\u00eaque, vous accompagne dans tous vos \u00e9v\u00e9nements de [&hellip;]<\/p>\n","protected":false},"author":1,"featured_media":0,"parent":0,"menu_order":0,"comment_status":"closed","ping_status":"closed","template":"","meta":{"site-sidebar-layout":"no-sidebar","site-content-layout":"","ast-site-content-layout":"full-width-container","site-content-style":"default","site-sidebar-style":"default","ast-global-header-display":"","ast-banner-title-visibility":"","ast-main-header-display":"","ast-hfb-above-header-display":"","ast-hfb-below-header-display":"","ast-hfb-mobile-header-display":"","site-post-title":"disabled","ast-breadcrumbs-content":"","ast-featured-img":"disabled","footer-sml-layout":"","theme-transparent-header-meta":"","adv-header-id-meta":"","stick-header-meta":"","header-above-stick-meta":"","header-main-stick-meta":"","header-below-stick-meta":"","astra-migrate-meta-layouts":"default","ast-page-background-enabled":"default","ast-page-background-meta":{"desktop":{"background-color":"var(--ast-global-color-5)","background-image":"","background-repeat":"repeat","background-position":"center center","background-size":"auto","background-attachment":"scroll","background-type":"","background-media":"","overlay-type":"","overlay-color":"","overlay-opacity":"","overlay-gradient":""},"tablet":{"background-color":"","background-image":"","background-repeat":"repeat","background-position":"center center","background-size":"auto","background-attachment":"scroll","background-type":"","background-media":"","overlay-type":"","overlay-color":"","overlay-opacity":"","overlay-gradient":""},"mobile":{"background-color":"","background-image":"","background-repeat":"repeat","background-position":"center center","background-size":"auto","background-attachment":"scroll","background-type":"","background-media":"","overlay-type":"","overlay-color":"","overlay-opacity":"","overlay-gradient":""}},"ast-content-background-meta":{"desktop":{"background-color":"var(--ast-global-color-4)","background-image":"","background-repeat":"repeat","background-position":"center center","background-size":"auto","background-attachment":"scroll","background-type":"","background-media":"","overlay-type":"","overlay-color":"","overlay-opacity":"","overlay-gradient":""},"tablet":{"background-color":"var(--ast-global-color-4)","background-image":"","background-repeat":"repeat","background-position":"center center","background-size":"auto","background-attachment":"scroll","background-type":"","background-media":"","overlay-type":"","overlay-color":"","overlay-opacity":"","overlay-gradient":""},"mobile":{"background-color":"var(--ast-global-color-4)","background-image":"","background-repeat":"repeat","background-position":"center center","background-size":"auto","background-attachment":"scroll","background-type":"","background-media":"","overlay-type":"","overlay-color":"","overlay-opacity":"","overlay-gradient":""}},"footnotes":""},"class_list":["post-95","page","type-page","status-publish","hentry"],"_links":{"self":[{"href":"https:\/\/cloca-evenementiel.com\/index.php\/wp-json\/wp\/v2\/pages\/95","targetHints":{"allow":["GET"]}}],"collection":[{"href":"https:\/\/cloca-evenementiel.com\/index.php\/wp-json\/wp\/v2\/pages"}],"about":[{"href":"https:\/\/cloca-evenementiel.com\/index.php\/wp-json\/wp\/v2\/types\/page"}],"author":[{"embeddable":true,"href":"https:\/\/cloca-evenementiel.com\/index.php\/wp-json\/wp\/v2\/users\/1"}],"replies":[{"embeddable":true,"href":"https:\/\/cloca-evenementiel.com\/index.php\/wp-json\/wp\/v2\/comments?post=95"}],"version-history":[{"count":43,"href":"https:\/\/cloca-evenementiel.com\/index.php\/wp-json\/wp\/v2\/pages\/95\/revisions"}],"predecessor-version":[{"id":461,"href":"https:\/\/cloca-evenementiel.com\/index.php\/wp-json\/wp\/v2\/pages\/95\/revisions\/461"}],"wp:attachment":[{"href":"https:\/\/cloca-evenementiel.com\/index.php\/wp-json\/wp\/v2\/media?parent=95"}],"curies":[{"name":"wp","href":"https:\/\/api.w.org\/{rel}","templated":true}]}}