{"id":408,"date":"2026-02-25T17:30:01","date_gmt":"2026-02-25T17:30:01","guid":{"rendered":"https:\/\/cloca-evenementiel.com\/?page_id=408"},"modified":"2026-02-25T17:38:44","modified_gmt":"2026-02-25T17:38:44","slug":"saint-valentin","status":"publish","type":"page","link":"https:\/\/cloca-evenementiel.com\/index.php\/saint-valentin\/","title":{"rendered":"Saint-Valentin"},"content":{"rendered":"\t\t<div data-elementor-type=\"wp-page\" data-elementor-id=\"408\" class=\"elementor elementor-408\">\n\t\t\t\t<div class=\"elementor-element elementor-element-c9b4de3 e-flex e-con-boxed e-con e-parent\" data-id=\"c9b4de3\" data-element_type=\"container\">\n\t\t\t\t\t<div class=\"e-con-inner\">\n\t\t\t\t<div class=\"elementor-element elementor-element-92c0cc7 elementor-widget elementor-widget-heading\" data-id=\"92c0cc7\" data-element_type=\"widget\" data-widget_type=\"heading.default\">\n\t\t\t\t\t<h2 class=\"elementor-heading-title elementor-size-default\">Saint-Valentin<\/h2>\t\t\t\t<\/div>\n\t\t\t\t\t<\/div>\n\t\t\t\t<\/div>\n\t\t<div class=\"elementor-element elementor-element-b87851a e-flex e-con-boxed e-con e-parent\" data-id=\"b87851a\" data-element_type=\"container\">\n\t\t\t\t\t<div class=\"e-con-inner\">\n\t\t\t\t<div class=\"elementor-element elementor-element-87a373a elementor-widget elementor-widget-image\" data-id=\"87a373a\" data-element_type=\"widget\" data-widget_type=\"image.default\">\n\t\t\t\t\t\t\t\t\t\t\t\t\t\t\t<img fetchpriority=\"high\" decoding=\"async\" width=\"225\" height=\"300\" src=\"https:\/\/cloca-evenementiel.com\/wp-content\/uploads\/2026\/02\/IMG_0623-225x300.jpeg\" class=\"attachment-medium size-medium wp-image-415\" alt=\"\" srcset=\"https:\/\/cloca-evenementiel.com\/wp-content\/uploads\/2026\/02\/IMG_0623-225x300.jpeg 225w, https:\/\/cloca-evenementiel.com\/wp-content\/uploads\/2026\/02\/IMG_0623-768x1024.jpeg 768w, https:\/\/cloca-evenementiel.com\/wp-content\/uploads\/2026\/02\/IMG_0623-1152x1536.jpeg 1152w, https:\/\/cloca-evenementiel.com\/wp-content\/uploads\/2026\/02\/IMG_0623.jpeg 1536w\" sizes=\"(max-width: 225px) 100vw, 225px\" \/>\t\t\t\t\t\t\t\t\t\t\t\t\t\t\t<\/div>\n\t\t\t\t<div class=\"elementor-element elementor-element-3a9dac6 elementor-widget elementor-widget-text-editor\" data-id=\"3a9dac6\" data-element_type=\"widget\" data-widget_type=\"text-editor.default\">\n\t\t\t\t\t\t\t\t\t<p>Pour la Saint-Valentin, profitez d\u2019un moment gourmand et romantique sans passer des heures en cuisine.<\/p><p>Je vous propose un menu sp\u00e9cial compos\u00e9 de :<\/p><p>\u2022 Ap\u00e9ritif<\/p><p>\u2022 Entr\u00e9e au choix<\/p><p>\u2022 Plat au choix (accompagnement inclus)<\/p><p>\u2022 Verrine sucr\u00e9e<\/p><p>Un menu pens\u00e9 pour vous offrir une parenth\u00e8se gourmande, que vous c\u00e9l\u00e9briez seul(e), en couple ou avec vos proches.<\/p><p>\u00a0<\/p><p>Le d\u00e9pliant d\u00e9taill\u00e9 sera disponible quelques semaines avant la Saint-Valentin.<\/p><p>Les pr\u00e9commandes seront ouvertes \u00e0 ce moment-l\u00e0, mais vous pouvez d\u00e9j\u00e0 me contacter pour toute question ou r\u00e9servation anticip\u00e9e.<\/p>\t\t\t\t\t\t\t\t<\/div>\n\t\t\t\t<div class=\"elementor-element elementor-element-d4dbb5c elementor-widget elementor-widget-button\" data-id=\"d4dbb5c\" data-element_type=\"widget\" data-widget_type=\"button.default\">\n\t\t\t\t\t\t\t\t\t\t<a class=\"elementor-button elementor-button-link elementor-size-sm\" href=\"https:\/\/cloca-evenementiel.com\/wp-content\/uploads\/2026\/02\/Menu-Restaurant-Saint-Valentin-simple-moderne-illustratif-rose.png\">\n\t\t\t\t\t\t<span class=\"elementor-button-content-wrapper\">\n\t\t\t\t\t\t\t\t\t<span class=\"elementor-button-text\">T\u00e9l\u00e9charger le menu 2026<\/span>\n\t\t\t\t\t<\/span>\n\t\t\t\t\t<\/a>\n\t\t\t\t\t\t\t\t<\/div>\n\t\t\t\t\t<\/div>\n\t\t\t\t<\/div>\n\t\t<div class=\"elementor-element elementor-element-4ea6f05 e-flex e-con-boxed e-con e-parent\" data-id=\"4ea6f05\" data-element_type=\"container\">\n\t\t\t\t\t<div class=\"e-con-inner\">\n\t\t\t\t<div class=\"elementor-element elementor-element-0248e38 elementor-widget elementor-widget-image\" data-id=\"0248e38\" data-element_type=\"widget\" data-widget_type=\"image.default\">\n\t\t\t\t\t\t\t\t\t\t\t\t\t\t\t<img decoding=\"async\" width=\"225\" height=\"300\" src=\"https:\/\/cloca-evenementiel.com\/wp-content\/uploads\/2026\/02\/IMG_0624-225x300.jpeg\" class=\"attachment-medium size-medium wp-image-414\" alt=\"\" srcset=\"https:\/\/cloca-evenementiel.com\/wp-content\/uploads\/2026\/02\/IMG_0624-225x300.jpeg 225w, https:\/\/cloca-evenementiel.com\/wp-content\/uploads\/2026\/02\/IMG_0624-768x1024.jpeg 768w, https:\/\/cloca-evenementiel.com\/wp-content\/uploads\/2026\/02\/IMG_0624-1152x1536.jpeg 1152w, https:\/\/cloca-evenementiel.com\/wp-content\/uploads\/2026\/02\/IMG_0624.jpeg 1536w\" sizes=\"(max-width: 225px) 100vw, 225px\" \/>\t\t\t\t\t\t\t\t\t\t\t\t\t\t\t<\/div>\n\t\t\t\t\t<\/div>\n\t\t\t\t<\/div>\n\t\t<div class=\"elementor-element elementor-element-6a3f108 e-flex e-con-boxed e-con e-parent\" data-id=\"6a3f108\" data-element_type=\"container\">\n\t\t\t\t\t<div class=\"e-con-inner\">\n\t\t\t\t<div class=\"elementor-element elementor-element-8f273f5 elementor-widget elementor-widget-image\" data-id=\"8f273f5\" data-element_type=\"widget\" data-widget_type=\"image.default\">\n\t\t\t\t\t\t\t\t\t\t\t\t\t\t\t<img decoding=\"async\" width=\"225\" height=\"300\" src=\"https:\/\/cloca-evenementiel.com\/wp-content\/uploads\/2026\/02\/IMG_0622-225x300.jpeg\" class=\"attachment-medium size-medium wp-image-416\" alt=\"\" srcset=\"https:\/\/cloca-evenementiel.com\/wp-content\/uploads\/2026\/02\/IMG_0622-225x300.jpeg 225w, https:\/\/cloca-evenementiel.com\/wp-content\/uploads\/2026\/02\/IMG_0622-768x1024.jpeg 768w, https:\/\/cloca-evenementiel.com\/wp-content\/uploads\/2026\/02\/IMG_0622-1152x1536.jpeg 1152w, https:\/\/cloca-evenementiel.com\/wp-content\/uploads\/2026\/02\/IMG_0622.jpeg 1536w\" sizes=\"(max-width: 225px) 100vw, 225px\" \/>\t\t\t\t\t\t\t\t\t\t\t\t\t\t\t<\/div>\n\t\t\t\t\t<\/div>\n\t\t\t\t<\/div>\n\t\t<div class=\"elementor-element elementor-element-6bc4223 e-flex e-con-boxed e-con e-parent\" data-id=\"6bc4223\" data-element_type=\"container\">\n\t\t\t\t\t<div class=\"e-con-inner\">\n\t\t\t\t<div class=\"elementor-element elementor-element-26bab68 elementor-widget elementor-widget-image\" data-id=\"26bab68\" data-element_type=\"widget\" data-widget_type=\"image.default\">\n\t\t\t\t\t\t\t\t\t\t\t\t\t\t\t<img loading=\"lazy\" decoding=\"async\" width=\"225\" height=\"300\" src=\"https:\/\/cloca-evenementiel.com\/wp-content\/uploads\/2026\/02\/IMG_0625-225x300.jpeg\" class=\"attachment-medium size-medium wp-image-413\" alt=\"\" srcset=\"https:\/\/cloca-evenementiel.com\/wp-content\/uploads\/2026\/02\/IMG_0625-225x300.jpeg 225w, https:\/\/cloca-evenementiel.com\/wp-content\/uploads\/2026\/02\/IMG_0625-768x1024.jpeg 768w, https:\/\/cloca-evenementiel.com\/wp-content\/uploads\/2026\/02\/IMG_0625-1152x1536.jpeg 1152w, https:\/\/cloca-evenementiel.com\/wp-content\/uploads\/2026\/02\/IMG_0625.jpeg 1536w\" sizes=\"(max-width: 225px) 100vw, 225px\" \/>\t\t\t\t\t\t\t\t\t\t\t\t\t\t\t<\/div>\n\t\t\t\t<div class=\"elementor-element elementor-element-6f97c77 elementor-widget elementor-widget-image\" data-id=\"6f97c77\" data-element_type=\"widget\" data-widget_type=\"image.default\">\n\t\t\t\t\t\t\t\t\t\t\t\t\t\t\t<img loading=\"lazy\" decoding=\"async\" width=\"300\" height=\"225\" src=\"https:\/\/cloca-evenementiel.com\/wp-content\/uploads\/2026\/02\/IMG_0626-300x225.jpeg\" class=\"attachment-medium size-medium wp-image-412\" alt=\"\" srcset=\"https:\/\/cloca-evenementiel.com\/wp-content\/uploads\/2026\/02\/IMG_0626-300x225.jpeg 300w, https:\/\/cloca-evenementiel.com\/wp-content\/uploads\/2026\/02\/IMG_0626-1024x768.jpeg 1024w, https:\/\/cloca-evenementiel.com\/wp-content\/uploads\/2026\/02\/IMG_0626-768x576.jpeg 768w, https:\/\/cloca-evenementiel.com\/wp-content\/uploads\/2026\/02\/IMG_0626-1536x1152.jpeg 1536w, https:\/\/cloca-evenementiel.com\/wp-content\/uploads\/2026\/02\/IMG_0626.jpeg 2048w\" sizes=\"(max-width: 300px) 100vw, 300px\" \/>\t\t\t\t\t\t\t\t\t\t\t\t\t\t\t<\/div>\n\t\t\t\t\t<\/div>\n\t\t\t\t<\/div>\n\t\t<div class=\"elementor-element elementor-element-cbe6700 e-flex e-con-boxed e-con e-parent\" data-id=\"cbe6700\" data-element_type=\"container\">\n\t\t\t\t\t<div class=\"e-con-inner\">\n\t\t\t\t<div class=\"elementor-element elementor-element-3a9de1a elementor-widget elementor-widget-image\" data-id=\"3a9de1a\" data-element_type=\"widget\" data-widget_type=\"image.default\">\n\t\t\t\t\t\t\t\t\t\t\t\t\t\t\t<img loading=\"lazy\" decoding=\"async\" width=\"300\" height=\"225\" src=\"https:\/\/cloca-evenementiel.com\/wp-content\/uploads\/2026\/02\/IMG_0627-300x225.jpeg\" class=\"attachment-medium size-medium wp-image-411\" alt=\"\" srcset=\"https:\/\/cloca-evenementiel.com\/wp-content\/uploads\/2026\/02\/IMG_0627-300x225.jpeg 300w, https:\/\/cloca-evenementiel.com\/wp-content\/uploads\/2026\/02\/IMG_0627-1024x768.jpeg 1024w, https:\/\/cloca-evenementiel.com\/wp-content\/uploads\/2026\/02\/IMG_0627-768x576.jpeg 768w, https:\/\/cloca-evenementiel.com\/wp-content\/uploads\/2026\/02\/IMG_0627-1536x1152.jpeg 1536w, https:\/\/cloca-evenementiel.com\/wp-content\/uploads\/2026\/02\/IMG_0627.jpeg 2048w\" sizes=\"(max-width: 300px) 100vw, 300px\" \/>\t\t\t\t\t\t\t\t\t\t\t\t\t\t\t<\/div>\n\t\t\t\t\t<\/div>\n\t\t\t\t<\/div>\n\t\t<div class=\"elementor-element elementor-element-cb54ff8 e-flex e-con-boxed e-con e-parent\" data-id=\"cb54ff8\" data-element_type=\"container\">\n\t\t\t\t\t<div class=\"e-con-inner\">\n\t\t\t\t<div class=\"elementor-element elementor-element-55ea04f elementor-widget elementor-widget-image\" data-id=\"55ea04f\" data-element_type=\"widget\" data-widget_type=\"image.default\">\n\t\t\t\t\t\t\t\t\t\t\t\t\t\t\t<img loading=\"lazy\" decoding=\"async\" width=\"300\" height=\"225\" src=\"https:\/\/cloca-evenementiel.com\/wp-content\/uploads\/2026\/02\/IMG_0628-300x225.jpeg\" class=\"attachment-medium size-medium wp-image-410\" alt=\"\" srcset=\"https:\/\/cloca-evenementiel.com\/wp-content\/uploads\/2026\/02\/IMG_0628-300x225.jpeg 300w, https:\/\/cloca-evenementiel.com\/wp-content\/uploads\/2026\/02\/IMG_0628-1024x768.jpeg 1024w, https:\/\/cloca-evenementiel.com\/wp-content\/uploads\/2026\/02\/IMG_0628-768x576.jpeg 768w, https:\/\/cloca-evenementiel.com\/wp-content\/uploads\/2026\/02\/IMG_0628-1536x1152.jpeg 1536w, https:\/\/cloca-evenementiel.com\/wp-content\/uploads\/2026\/02\/IMG_0628.jpeg 2048w\" sizes=\"(max-width: 300px) 100vw, 300px\" \/>\t\t\t\t\t\t\t\t\t\t\t\t\t\t\t<\/div>\n\t\t\t\t\t<\/div>\n\t\t\t\t<\/div>\n\t\t\t\t<\/div>\n\t\t","protected":false},"excerpt":{"rendered":"<p>Saint-Valentin Pour la Saint-Valentin, profitez d\u2019un moment gourmand et romantique sans passer des heures en cuisine. Je vous propose un [&hellip;]<\/p>\n","protected":false},"author":1,"featured_media":0,"parent":0,"menu_order":0,"comment_status":"closed","ping_status":"closed","template":"","meta":{"site-sidebar-layout":"no-sidebar","site-content-layout":"","ast-site-content-layout":"full-width-container","site-content-style":"default","site-sidebar-style":"default","ast-global-header-display":"","ast-banner-title-visibility":"","ast-main-header-display":"","ast-hfb-above-header-display":"","ast-hfb-below-header-display":"","ast-hfb-mobile-header-display":"","site-post-title":"disabled","ast-breadcrumbs-content":"","ast-featured-img":"disabled","footer-sml-layout":"","theme-transparent-header-meta":"","adv-header-id-meta":"","stick-header-meta":"","header-above-stick-meta":"","header-main-stick-meta":"","header-below-stick-meta":"","astra-migrate-meta-layouts":"default","ast-page-background-enabled":"default","ast-page-background-meta":{"desktop":{"background-color":"var(--ast-global-color-5)","background-image":"","background-repeat":"repeat","background-position":"center center","background-size":"auto","background-attachment":"scroll","background-type":"","background-media":"","overlay-type":"","overlay-color":"","overlay-opacity":"","overlay-gradient":""},"tablet":{"background-color":"","background-image":"","background-repeat":"repeat","background-position":"center center","background-size":"auto","background-attachment":"scroll","background-type":"","background-media":"","overlay-type":"","overlay-color":"","overlay-opacity":"","overlay-gradient":""},"mobile":{"background-color":"","background-image":"","background-repeat":"repeat","background-position":"center center","background-size":"auto","background-attachment":"scroll","background-type":"","background-media":"","overlay-type":"","overlay-color":"","overlay-opacity":"","overlay-gradient":""}},"ast-content-background-meta":{"desktop":{"background-color":"var(--ast-global-color-4)","background-image":"","background-repeat":"repeat","background-position":"center center","background-size":"auto","background-attachment":"scroll","background-type":"","background-media":"","overlay-type":"","overlay-color":"","overlay-opacity":"","overlay-gradient":""},"tablet":{"background-color":"var(--ast-global-color-4)","background-image":"","background-repeat":"repeat","background-position":"center center","background-size":"auto","background-attachment":"scroll","background-type":"","background-media":"","overlay-type":"","overlay-color":"","overlay-opacity":"","overlay-gradient":""},"mobile":{"background-color":"var(--ast-global-color-4)","background-image":"","background-repeat":"repeat","background-position":"center center","background-size":"auto","background-attachment":"scroll","background-type":"","background-media":"","overlay-type":"","overlay-color":"","overlay-opacity":"","overlay-gradient":""}},"footnotes":""},"class_list":["post-408","page","type-page","status-publish","hentry"],"_links":{"self":[{"href":"https:\/\/cloca-evenementiel.com\/index.php\/wp-json\/wp\/v2\/pages\/408","targetHints":{"allow":["GET"]}}],"collection":[{"href":"https:\/\/cloca-evenementiel.com\/index.php\/wp-json\/wp\/v2\/pages"}],"about":[{"href":"https:\/\/cloca-evenementiel.com\/index.php\/wp-json\/wp\/v2\/types\/page"}],"author":[{"embeddable":true,"href":"https:\/\/cloca-evenementiel.com\/index.php\/wp-json\/wp\/v2\/users\/1"}],"replies":[{"embeddable":true,"href":"https:\/\/cloca-evenementiel.com\/index.php\/wp-json\/wp\/v2\/comments?post=408"}],"version-history":[{"count":7,"href":"https:\/\/cloca-evenementiel.com\/index.php\/wp-json\/wp\/v2\/pages\/408\/revisions"}],"predecessor-version":[{"id":424,"href":"https:\/\/cloca-evenementiel.com\/index.php\/wp-json\/wp\/v2\/pages\/408\/revisions\/424"}],"wp:attachment":[{"href":"https:\/\/cloca-evenementiel.com\/index.php\/wp-json\/wp\/v2\/media?parent=408"}],"curies":[{"name":"wp","href":"https:\/\/api.w.org\/{rel}","templated":true}]}}