{"id":301,"date":"2025-08-12T09:16:39","date_gmt":"2025-08-12T09:16:39","guid":{"rendered":"https:\/\/cloca-evenementiel.com\/?page_id=301"},"modified":"2026-02-25T17:50:44","modified_gmt":"2026-02-25T17:50:44","slug":"mariages","status":"publish","type":"page","link":"https:\/\/cloca-evenementiel.com\/index.php\/mariages\/","title":{"rendered":"Mariages"},"content":{"rendered":"\t\t<div data-elementor-type=\"wp-page\" data-elementor-id=\"301\" class=\"elementor elementor-301\">\n\t\t\t\t<div class=\"elementor-element elementor-element-41785e7 e-flex e-con-boxed e-con e-parent\" data-id=\"41785e7\" data-element_type=\"container\">\n\t\t\t\t\t<div class=\"e-con-inner\">\n\t\t\t\t<div class=\"elementor-element elementor-element-8f5697a elementor-widget elementor-widget-heading\" data-id=\"8f5697a\" data-element_type=\"widget\" data-widget_type=\"heading.default\">\n\t\t\t\t\t<h2 class=\"elementor-heading-title elementor-size-default\">Mariages<\/h2>\t\t\t\t<\/div>\n\t\t\t\t\t<\/div>\n\t\t\t\t<\/div>\n\t\t<div class=\"elementor-element elementor-element-e16c706 e-flex e-con-boxed e-con e-parent\" data-id=\"e16c706\" data-element_type=\"container\">\n\t\t\t\t\t<div class=\"e-con-inner\">\n\t\t\t\t<div class=\"elementor-element elementor-element-47c68f6 elementor-widget elementor-widget-image\" data-id=\"47c68f6\" data-element_type=\"widget\" data-widget_type=\"image.default\">\n\t\t\t\t\t\t\t\t\t\t\t\t\t\t\t<img fetchpriority=\"high\" decoding=\"async\" width=\"200\" height=\"300\" src=\"https:\/\/cloca-evenementiel.com\/wp-content\/uploads\/2026\/02\/IMG_0601-200x300.jpeg\" class=\"attachment-medium size-medium wp-image-325\" alt=\"Traiteur \u00e0 Pont-l&#039;Ev\u00eaque - Cloca Ev\u00e9nementiel\" srcset=\"https:\/\/cloca-evenementiel.com\/wp-content\/uploads\/2026\/02\/IMG_0601-200x300.jpeg 200w, https:\/\/cloca-evenementiel.com\/wp-content\/uploads\/2026\/02\/IMG_0601-683x1024.jpeg 683w, https:\/\/cloca-evenementiel.com\/wp-content\/uploads\/2026\/02\/IMG_0601-768x1152.jpeg 768w, https:\/\/cloca-evenementiel.com\/wp-content\/uploads\/2026\/02\/IMG_0601-1024x1536.jpeg 1024w, https:\/\/cloca-evenementiel.com\/wp-content\/uploads\/2026\/02\/IMG_0601.jpeg 1365w\" sizes=\"(max-width: 200px) 100vw, 200px\" \/>\t\t\t\t\t\t\t\t\t\t\t\t\t\t\t<\/div>\n\t\t\t\t<div class=\"elementor-element elementor-element-4f7043b elementor-widget elementor-widget-text-editor\" data-id=\"4f7043b\" data-element_type=\"widget\" data-widget_type=\"text-editor.default\">\n\t\t\t\t\t\t\t\t\t<p><strong>Un repas d\u2019exception pour un jour inoubliable<\/strong><\/p><p>Votre mariage m\u00e9rite le meilleur. Pour ce jour unique, je vous propose un service traiteur enti\u00e8rement personnalis\u00e9, pens\u00e9 pour \u00e9merveiller vos invit\u00e9s et refl\u00e9ter votre histoire.<\/p><p><strong>Des menus sur mesure<\/strong><\/p><p>Que vous r\u00eaviez d\u2019un buffet convivial, d\u2019un repas servi \u00e0 table ou d\u2019un cocktail raffin\u00e9, chaque plat est pr\u00e9par\u00e9 avec soin \u00e0 partir de produits de qualit\u00e9. Nous cr\u00e9ons ensemble un menu qui correspond \u00e0 vos go\u00fbts, \u00e0 votre budget et \u00e0 l\u2019ambiance de votre mariage.<\/p><p><strong>Un accompagnement de A \u00e0 Z<\/strong><\/p><p>De la premi\u00e8re prise de contact \u00e0 la derni\u00e8re bouch\u00e9e, je vous accompagne \u00e0 chaque \u00e9tape : choix des plats, d\u00e9gustation, organisation et service le jour J. Mon objectif : vous offrir une exp\u00e9rience culinaire sans stress, pour que vous puissiez profiter pleinement de votre f\u00eate.<\/p><p><strong>Zone d\u2019intervention<\/strong><\/p><p>Je me d\u00e9place dans le Calvados et dans l\u2019Eure, directement sur votre lieu de r\u00e9ception, avec tout le mat\u00e9riel n\u00e9cessaire pour garantir un service irr\u00e9prochable.<\/p><p><strong>Contactez-moi d\u00e8s aujourd\u2019hui<\/strong><\/p><p>Pour un devis personnalis\u00e9 ou pour r\u00e9server votre date, n\u2019attendez pas ! Ensemble, cr\u00e9ons le repas qui marquera vos souvenirs\u2026 et ceux de vos invit\u00e9s.<\/p><p><strong>Pi\u00e8ces jointes\u00a0<\/strong><\/p><p>Vous trouverez ci-joint des menus d\u00e9j\u00e0 pr\u00e9par\u00e9s. Pour toute autre demande ou pour cr\u00e9er vous-m\u00eame votre menu \u00e0 partir de mon d\u00e9pliant, n\u2019h\u00e9sitez pas \u00e0 me contacter au 06 15 15 49 47 ou par e-mail \u00e0\u00a0<a href=\"mailto:clocaevenementiel@gmail.com\" target=\"_blank\" rel=\"noopener\">clocaevenementiel@gmail.com<\/a>.<\/p>\t\t\t\t\t\t\t\t<\/div>\n\t\t\t\t\t<\/div>\n\t\t\t\t<\/div>\n\t\t<div class=\"elementor-element elementor-element-115104a e-flex e-con-boxed e-con e-parent\" data-id=\"115104a\" data-element_type=\"container\">\n\t\t\t\t\t<div class=\"e-con-inner\">\n\t\t\t\t<div class=\"elementor-element elementor-element-0f549fd elementor-widget elementor-widget-button\" data-id=\"0f549fd\" data-element_type=\"widget\" data-widget_type=\"button.default\">\n\t\t\t\t\t\t\t\t\t\t<a class=\"elementor-button elementor-button-link elementor-size-sm\" href=\"https:\/\/cloca-evenementiel.com\/wp-content\/uploads\/2025\/08\/Menu-mariage.pdf\">\n\t\t\t\t\t\t<span class=\"elementor-button-content-wrapper\">\n\t\t\t\t\t\t\t\t\t<span class=\"elementor-button-text\">T\u00e9l\u00e9charger le menu de mariage 1<\/span>\n\t\t\t\t\t<\/span>\n\t\t\t\t\t<\/a>\n\t\t\t\t\t\t\t\t<\/div>\n\t\t\t\t<div class=\"elementor-element elementor-element-cdeac01 elementor-widget elementor-widget-button\" data-id=\"cdeac01\" data-element_type=\"widget\" data-widget_type=\"button.default\">\n\t\t\t\t\t\t\t\t\t\t<a class=\"elementor-button elementor-button-link elementor-size-sm\" href=\"https:\/\/cloca-evenementiel.com\/wp-content\/uploads\/2025\/08\/Menu-mariage-2.pdf\">\n\t\t\t\t\t\t<span class=\"elementor-button-content-wrapper\">\n\t\t\t\t\t\t\t\t\t<span class=\"elementor-button-text\">T\u00e9l\u00e9charger le menu de mariage 2<\/span>\n\t\t\t\t\t<\/span>\n\t\t\t\t\t<\/a>\n\t\t\t\t\t\t\t\t<\/div>\n\t\t\t\t<div class=\"elementor-element elementor-element-b705e1c elementor-widget elementor-widget-button\" data-id=\"b705e1c\" data-element_type=\"widget\" data-widget_type=\"button.default\">\n\t\t\t\t\t\t\t\t\t\t<a class=\"elementor-button elementor-button-link elementor-size-sm\" href=\"https:\/\/cloca-evenementiel.com\/wp-content\/uploads\/2025\/08\/Brunch.pdf\">\n\t\t\t\t\t\t<span class=\"elementor-button-content-wrapper\">\n\t\t\t\t\t\t\t\t\t<span class=\"elementor-button-text\">T\u00e9l\u00e9charger le menu brunch<\/span>\n\t\t\t\t\t<\/span>\n\t\t\t\t\t<\/a>\n\t\t\t\t\t\t\t\t<\/div>\n\t\t\t\t\t<\/div>\n\t\t\t\t<\/div>\n\t\t<div class=\"elementor-element elementor-element-20e87e0 e-flex e-con-boxed e-con e-parent\" data-id=\"20e87e0\" data-element_type=\"container\">\n\t\t\t\t\t<div class=\"e-con-inner\">\n\t\t\t\t<div class=\"elementor-element elementor-element-7c3b8d5 elementor-widget elementor-widget-button\" data-id=\"7c3b8d5\" data-element_type=\"widget\" data-widget_type=\"button.default\">\n\t\t\t\t\t\t\t\t\t\t<a class=\"elementor-button elementor-button-link elementor-size-sm\" href=\"https:\/\/cloca-evenementiel.com\/wp-content\/uploads\/2026\/02\/Aperitif-17-1.pdf\">\n\t\t\t\t\t\t<span class=\"elementor-button-content-wrapper\">\n\t\t\t\t\t\t\t\t\t<span class=\"elementor-button-text\">T\u00e9l\u00e9charger le menu ap\u00e9ritif<\/span>\n\t\t\t\t\t<\/span>\n\t\t\t\t\t<\/a>\n\t\t\t\t\t\t\t\t<\/div>\n\t\t\t\t<div class=\"elementor-element elementor-element-f61447f elementor-widget elementor-widget-button\" data-id=\"f61447f\" data-element_type=\"widget\" data-widget_type=\"button.default\">\n\t\t\t\t\t\t\t\t\t\t<a class=\"elementor-button elementor-button-link elementor-size-sm\" href=\"https:\/\/cloca-evenementiel.com\/wp-content\/uploads\/2026\/02\/Buffet-froid-.pdf\">\n\t\t\t\t\t\t<span class=\"elementor-button-content-wrapper\">\n\t\t\t\t\t\t\t\t\t<span class=\"elementor-button-text\">T\u00e9l\u00e9charger la carte des buffets froids<\/span>\n\t\t\t\t\t<\/span>\n\t\t\t\t\t<\/a>\n\t\t\t\t\t\t\t\t<\/div>\n\t\t\t\t<div class=\"elementor-element elementor-element-ef0b209 elementor-widget elementor-widget-button\" data-id=\"ef0b209\" data-element_type=\"widget\" data-widget_type=\"button.default\">\n\t\t\t\t\t\t\t\t\t\t<a class=\"elementor-button elementor-button-link elementor-size-sm\" href=\"https:\/\/cloca-evenementiel.com\/wp-content\/uploads\/2026\/02\/Menu-mariage-chaud-1.pdf\">\n\t\t\t\t\t\t<span class=\"elementor-button-content-wrapper\">\n\t\t\t\t\t\t\t\t\t<span class=\"elementor-button-text\">T\u00e9l\u00e9charger le menu de mariage 3<\/span>\n\t\t\t\t\t<\/span>\n\t\t\t\t\t<\/a>\n\t\t\t\t\t\t\t\t<\/div>\n\t\t\t\t<div class=\"elementor-element elementor-element-0269ba0 elementor-widget elementor-widget-image\" data-id=\"0269ba0\" data-element_type=\"widget\" data-widget_type=\"image.default\">\n\t\t\t\t\t\t\t\t\t\t\t\t\t\t\t<img decoding=\"async\" width=\"300\" height=\"225\" src=\"https:\/\/cloca-evenementiel.com\/wp-content\/uploads\/2026\/02\/IMG_0629-300x225.jpeg\" class=\"attachment-medium size-medium wp-image-432\" alt=\"\" srcset=\"https:\/\/cloca-evenementiel.com\/wp-content\/uploads\/2026\/02\/IMG_0629-300x225.jpeg 300w, https:\/\/cloca-evenementiel.com\/wp-content\/uploads\/2026\/02\/IMG_0629-1024x768.jpeg 1024w, https:\/\/cloca-evenementiel.com\/wp-content\/uploads\/2026\/02\/IMG_0629-768x576.jpeg 768w, https:\/\/cloca-evenementiel.com\/wp-content\/uploads\/2026\/02\/IMG_0629-1536x1152.jpeg 1536w, https:\/\/cloca-evenementiel.com\/wp-content\/uploads\/2026\/02\/IMG_0629.jpeg 2048w\" sizes=\"(max-width: 300px) 100vw, 300px\" \/>\t\t\t\t\t\t\t\t\t\t\t\t\t\t\t<\/div>\n\t\t\t\t<div class=\"elementor-element elementor-element-9972b42 elementor-widget elementor-widget-image\" data-id=\"9972b42\" data-element_type=\"widget\" data-widget_type=\"image.default\">\n\t\t\t\t\t\t\t\t\t\t\t\t\t\t\t<img decoding=\"async\" width=\"300\" height=\"225\" src=\"https:\/\/cloca-evenementiel.com\/wp-content\/uploads\/2026\/02\/IMG_0631-300x225.jpeg\" class=\"attachment-medium size-medium wp-image-430\" alt=\"\" srcset=\"https:\/\/cloca-evenementiel.com\/wp-content\/uploads\/2026\/02\/IMG_0631-300x225.jpeg 300w, https:\/\/cloca-evenementiel.com\/wp-content\/uploads\/2026\/02\/IMG_0631-1024x768.jpeg 1024w, https:\/\/cloca-evenementiel.com\/wp-content\/uploads\/2026\/02\/IMG_0631-768x576.jpeg 768w, https:\/\/cloca-evenementiel.com\/wp-content\/uploads\/2026\/02\/IMG_0631-1536x1152.jpeg 1536w, https:\/\/cloca-evenementiel.com\/wp-content\/uploads\/2026\/02\/IMG_0631.jpeg 2048w\" sizes=\"(max-width: 300px) 100vw, 300px\" \/>\t\t\t\t\t\t\t\t\t\t\t\t\t\t\t<\/div>\n\t\t\t\t<div class=\"elementor-element elementor-element-e13934e elementor-widget elementor-widget-image\" data-id=\"e13934e\" data-element_type=\"widget\" data-widget_type=\"image.default\">\n\t\t\t\t\t\t\t\t\t\t\t\t\t\t\t<img loading=\"lazy\" decoding=\"async\" width=\"225\" height=\"300\" src=\"https:\/\/cloca-evenementiel.com\/wp-content\/uploads\/2026\/02\/IMG_0634-225x300.jpeg\" class=\"attachment-medium size-medium wp-image-429\" alt=\"\" srcset=\"https:\/\/cloca-evenementiel.com\/wp-content\/uploads\/2026\/02\/IMG_0634-225x300.jpeg 225w, https:\/\/cloca-evenementiel.com\/wp-content\/uploads\/2026\/02\/IMG_0634-768x1024.jpeg 768w, https:\/\/cloca-evenementiel.com\/wp-content\/uploads\/2026\/02\/IMG_0634-1152x1536.jpeg 1152w, https:\/\/cloca-evenementiel.com\/wp-content\/uploads\/2026\/02\/IMG_0634.jpeg 1200w\" sizes=\"(max-width: 225px) 100vw, 225px\" \/>\t\t\t\t\t\t\t\t\t\t\t\t\t\t\t<\/div>\n\t\t\t\t<div class=\"elementor-element elementor-element-6ff245b elementor-widget elementor-widget-image\" data-id=\"6ff245b\" data-element_type=\"widget\" data-widget_type=\"image.default\">\n\t\t\t\t\t\t\t\t\t\t\t\t\t\t\t<img loading=\"lazy\" decoding=\"async\" width=\"225\" height=\"300\" src=\"https:\/\/cloca-evenementiel.com\/wp-content\/uploads\/2026\/02\/IMG_0635-225x300.jpeg\" class=\"attachment-medium size-medium wp-image-428\" alt=\"\" srcset=\"https:\/\/cloca-evenementiel.com\/wp-content\/uploads\/2026\/02\/IMG_0635-225x300.jpeg 225w, https:\/\/cloca-evenementiel.com\/wp-content\/uploads\/2026\/02\/IMG_0635-768x1024.jpeg 768w, https:\/\/cloca-evenementiel.com\/wp-content\/uploads\/2026\/02\/IMG_0635-1152x1536.jpeg 1152w, https:\/\/cloca-evenementiel.com\/wp-content\/uploads\/2026\/02\/IMG_0635.jpeg 1200w\" sizes=\"(max-width: 225px) 100vw, 225px\" \/>\t\t\t\t\t\t\t\t\t\t\t\t\t\t\t<\/div>\n\t\t\t\t<div class=\"elementor-element elementor-element-f6fede4 elementor-widget elementor-widget-image\" data-id=\"f6fede4\" data-element_type=\"widget\" data-widget_type=\"image.default\">\n\t\t\t\t\t\t\t\t\t\t\t\t\t\t\t<img loading=\"lazy\" decoding=\"async\" width=\"300\" height=\"225\" src=\"https:\/\/cloca-evenementiel.com\/wp-content\/uploads\/2026\/02\/IMG_0633-300x225.jpeg\" class=\"attachment-medium size-medium wp-image-427\" alt=\"Traiteur Mariage Lisieux\" srcset=\"https:\/\/cloca-evenementiel.com\/wp-content\/uploads\/2026\/02\/IMG_0633-300x225.jpeg 300w, https:\/\/cloca-evenementiel.com\/wp-content\/uploads\/2026\/02\/IMG_0633-1024x768.jpeg 1024w, https:\/\/cloca-evenementiel.com\/wp-content\/uploads\/2026\/02\/IMG_0633-768x576.jpeg 768w, https:\/\/cloca-evenementiel.com\/wp-content\/uploads\/2026\/02\/IMG_0633-1536x1152.jpeg 1536w, https:\/\/cloca-evenementiel.com\/wp-content\/uploads\/2026\/02\/IMG_0633.jpeg 2048w\" sizes=\"(max-width: 300px) 100vw, 300px\" \/>\t\t\t\t\t\t\t\t\t\t\t\t\t\t\t<\/div>\n\t\t\t\t<div class=\"elementor-element elementor-element-c90afba elementor-widget elementor-widget-image\" data-id=\"c90afba\" data-element_type=\"widget\" data-widget_type=\"image.default\">\n\t\t\t\t\t\t\t\t\t\t\t\t\t\t\t<img loading=\"lazy\" decoding=\"async\" width=\"225\" height=\"300\" src=\"https:\/\/cloca-evenementiel.com\/wp-content\/uploads\/2026\/02\/IMG_0632-225x300.jpeg\" class=\"attachment-medium size-medium wp-image-426\" alt=\"Traiteur Mariage Deauville\" srcset=\"https:\/\/cloca-evenementiel.com\/wp-content\/uploads\/2026\/02\/IMG_0632-225x300.jpeg 225w, https:\/\/cloca-evenementiel.com\/wp-content\/uploads\/2026\/02\/IMG_0632-768x1024.jpeg 768w, https:\/\/cloca-evenementiel.com\/wp-content\/uploads\/2026\/02\/IMG_0632-1152x1536.jpeg 1152w, https:\/\/cloca-evenementiel.com\/wp-content\/uploads\/2026\/02\/IMG_0632.jpeg 1536w\" sizes=\"(max-width: 225px) 100vw, 225px\" \/>\t\t\t\t\t\t\t\t\t\t\t\t\t\t\t<\/div>\n\t\t\t\t<div class=\"elementor-element elementor-element-e4b5e68 elementor-widget elementor-widget-image\" data-id=\"e4b5e68\" data-element_type=\"widget\" data-widget_type=\"image.default\">\n\t\t\t\t\t\t\t\t\t\t\t\t\t\t\t<img loading=\"lazy\" decoding=\"async\" width=\"300\" height=\"225\" src=\"https:\/\/cloca-evenementiel.com\/wp-content\/uploads\/2026\/02\/IMG_0630-300x225.jpeg\" class=\"attachment-medium size-medium wp-image-425\" alt=\"Traiteur Mariage Pont-l&#039;Ev\u00eaque\" srcset=\"https:\/\/cloca-evenementiel.com\/wp-content\/uploads\/2026\/02\/IMG_0630-300x225.jpeg 300w, https:\/\/cloca-evenementiel.com\/wp-content\/uploads\/2026\/02\/IMG_0630-1024x768.jpeg 1024w, https:\/\/cloca-evenementiel.com\/wp-content\/uploads\/2026\/02\/IMG_0630-768x576.jpeg 768w, https:\/\/cloca-evenementiel.com\/wp-content\/uploads\/2026\/02\/IMG_0630-1536x1152.jpeg 1536w, https:\/\/cloca-evenementiel.com\/wp-content\/uploads\/2026\/02\/IMG_0630.jpeg 2048w\" sizes=\"(max-width: 300px) 100vw, 300px\" \/>\t\t\t\t\t\t\t\t\t\t\t\t\t\t\t<\/div>\n\t\t\t\t\t<\/div>\n\t\t\t\t<\/div>\n\t\t\t\t<\/div>\n\t\t","protected":false},"excerpt":{"rendered":"<p>Mariages Un repas d\u2019exception pour un jour inoubliable Votre mariage m\u00e9rite le meilleur. Pour ce jour unique, je vous propose [&hellip;]<\/p>\n","protected":false},"author":1,"featured_media":0,"parent":0,"menu_order":0,"comment_status":"closed","ping_status":"closed","template":"","meta":{"site-sidebar-layout":"no-sidebar","site-content-layout":"","ast-site-content-layout":"full-width-container","site-content-style":"default","site-sidebar-style":"default","ast-global-header-display":"","ast-banner-title-visibility":"","ast-main-header-display":"","ast-hfb-above-header-display":"","ast-hfb-below-header-display":"","ast-hfb-mobile-header-display":"","site-post-title":"disabled","ast-breadcrumbs-content":"","ast-featured-img":"disabled","footer-sml-layout":"","theme-transparent-header-meta":"","adv-header-id-meta":"","stick-header-meta":"","header-above-stick-meta":"","header-main-stick-meta":"","header-below-stick-meta":"","astra-migrate-meta-layouts":"default","ast-page-background-enabled":"default","ast-page-background-meta":{"desktop":{"background-color":"var(--ast-global-color-5)","background-image":"","background-repeat":"repeat","background-position":"center center","background-size":"auto","background-attachment":"scroll","background-type":"","background-media":"","overlay-type":"","overlay-color":"","overlay-opacity":"","overlay-gradient":""},"tablet":{"background-color":"","background-image":"","background-repeat":"repeat","background-position":"center center","background-size":"auto","background-attachment":"scroll","background-type":"","background-media":"","overlay-type":"","overlay-color":"","overlay-opacity":"","overlay-gradient":""},"mobile":{"background-color":"","background-image":"","background-repeat":"repeat","background-position":"center center","background-size":"auto","background-attachment":"scroll","background-type":"","background-media":"","overlay-type":"","overlay-color":"","overlay-opacity":"","overlay-gradient":""}},"ast-content-background-meta":{"desktop":{"background-color":"var(--ast-global-color-4)","background-image":"","background-repeat":"repeat","background-position":"center center","background-size":"auto","background-attachment":"scroll","background-type":"","background-media":"","overlay-type":"","overlay-color":"","overlay-opacity":"","overlay-gradient":""},"tablet":{"background-color":"var(--ast-global-color-4)","background-image":"","background-repeat":"repeat","background-position":"center center","background-size":"auto","background-attachment":"scroll","background-type":"","background-media":"","overlay-type":"","overlay-color":"","overlay-opacity":"","overlay-gradient":""},"mobile":{"background-color":"var(--ast-global-color-4)","background-image":"","background-repeat":"repeat","background-position":"center center","background-size":"auto","background-attachment":"scroll","background-type":"","background-media":"","overlay-type":"","overlay-color":"","overlay-opacity":"","overlay-gradient":""}},"footnotes":""},"class_list":["post-301","page","type-page","status-publish","hentry"],"_links":{"self":[{"href":"https:\/\/cloca-evenementiel.com\/index.php\/wp-json\/wp\/v2\/pages\/301","targetHints":{"allow":["GET"]}}],"collection":[{"href":"https:\/\/cloca-evenementiel.com\/index.php\/wp-json\/wp\/v2\/pages"}],"about":[{"href":"https:\/\/cloca-evenementiel.com\/index.php\/wp-json\/wp\/v2\/types\/page"}],"author":[{"embeddable":true,"href":"https:\/\/cloca-evenementiel.com\/index.php\/wp-json\/wp\/v2\/users\/1"}],"replies":[{"embeddable":true,"href":"https:\/\/cloca-evenementiel.com\/index.php\/wp-json\/wp\/v2\/comments?post=301"}],"version-history":[{"count":18,"href":"https:\/\/cloca-evenementiel.com\/index.php\/wp-json\/wp\/v2\/pages\/301\/revisions"}],"predecessor-version":[{"id":445,"href":"https:\/\/cloca-evenementiel.com\/index.php\/wp-json\/wp\/v2\/pages\/301\/revisions\/445"}],"wp:attachment":[{"href":"https:\/\/cloca-evenementiel.com\/index.php\/wp-json\/wp\/v2\/media?parent=301"}],"curies":[{"name":"wp","href":"https:\/\/api.w.org\/{rel}","templated":true}]}}