{"id":278,"date":"2025-07-30T13:01:54","date_gmt":"2025-07-30T13:01:54","guid":{"rendered":"https:\/\/cloca-evenementiel.com\/?page_id=278"},"modified":"2026-02-25T16:49:51","modified_gmt":"2026-02-25T16:49:51","slug":"buffet-chaud-2","status":"publish","type":"page","link":"https:\/\/cloca-evenementiel.com\/index.php\/buffet-chaud-2\/","title":{"rendered":"Buffet chaud"},"content":{"rendered":"\t\t<div data-elementor-type=\"wp-page\" data-elementor-id=\"278\" class=\"elementor elementor-278\">\n\t\t\t\t<div class=\"elementor-element elementor-element-15d6504 e-flex e-con-boxed e-con e-parent\" data-id=\"15d6504\" data-element_type=\"container\">\n\t\t\t\t\t<div class=\"e-con-inner\">\n\t\t\t\t<div class=\"elementor-element elementor-element-f631f67 elementor-widget elementor-widget-heading\" data-id=\"f631f67\" data-element_type=\"widget\" data-widget_type=\"heading.default\">\n\t\t\t\t\t<h2 class=\"elementor-heading-title elementor-size-default\">Buffet chaud<\/h2>\t\t\t\t<\/div>\n\t\t\t\t\t<\/div>\n\t\t\t\t<\/div>\n\t\t<div class=\"elementor-element elementor-element-aa14428 e-flex e-con-boxed e-con e-parent\" data-id=\"aa14428\" data-element_type=\"container\">\n\t\t\t\t\t<div class=\"e-con-inner\">\n\t\t\t\t<div class=\"elementor-element elementor-element-e45c2e2 elementor-widget elementor-widget-image\" data-id=\"e45c2e2\" data-element_type=\"widget\" data-widget_type=\"image.default\">\n\t\t\t\t\t\t\t\t\t\t\t\t\t\t\t<img fetchpriority=\"high\" decoding=\"async\" width=\"225\" height=\"300\" src=\"https:\/\/cloca-evenementiel.com\/wp-content\/uploads\/2026\/02\/IMG_0609-225x300.jpeg\" class=\"attachment-medium size-medium wp-image-368\" alt=\"\" srcset=\"https:\/\/cloca-evenementiel.com\/wp-content\/uploads\/2026\/02\/IMG_0609-225x300.jpeg 225w, https:\/\/cloca-evenementiel.com\/wp-content\/uploads\/2026\/02\/IMG_0609-768x1024.jpeg 768w, https:\/\/cloca-evenementiel.com\/wp-content\/uploads\/2026\/02\/IMG_0609-1152x1536.jpeg 1152w, https:\/\/cloca-evenementiel.com\/wp-content\/uploads\/2026\/02\/IMG_0609.jpeg 1536w\" sizes=\"(max-width: 225px) 100vw, 225px\" \/>\t\t\t\t\t\t\t\t\t\t\t\t\t\t\t<\/div>\n\t\t\t\t<div class=\"elementor-element elementor-element-31669a9 elementor-widget elementor-widget-text-editor\" data-id=\"31669a9\" data-element_type=\"widget\" data-widget_type=\"text-editor.default\">\n\t\t\t\t\t\t\t\t\t<p>Nos buffets chauds sont parfaits pour vos \u00e9v\u00e9nements en toutes saisons, que ce soit en hiver pour un repas r\u00e9confortant, ou pour toute occasion o\u00f9 vous souhaitez proposer un menu complet et chaleureux \u00e0 vos invit\u00e9s.<\/p><p>Que vous soyez un particulier ou un professionnel, pour un anniversaire, mariage, un repas associatif ou une r\u00e9ception d\u2019entreprise, nos buffets s\u2019adaptent \u00e0 vos envies et \u00e0 votre budget.<\/p><p>Nos formules comprennent :<\/p><p>\u2022 Des plats chauds vari\u00e9s (viandes, poissons, accompagnements)<\/p><p>\u2022 Des options v\u00e9g\u00e9tariennes sur demande<\/p><p>\u2022 Des plats \u00e0 emporter, pratiques et pr\u00eats \u00e0 d\u00e9guster<\/p><p>\u2022 Un service pr\u00eat \u00e0 r\u00e9chauffer ou d\u00e9j\u00e0 chaud, selon vos besoins<\/p><p dir=\"auto\">Tous mes\u00a0plats sont cuisin\u00e9s maison, avec des produits de qualit\u00e9, et conditionn\u00e9s pour une facilit\u00e9 de service optimale (bacs inox ou plats jetables).<\/p>\t\t\t\t\t\t\t\t<\/div>\n\t\t\t\t<div class=\"elementor-element elementor-element-f7c605b elementor-widget elementor-widget-button\" data-id=\"f7c605b\" data-element_type=\"widget\" data-widget_type=\"button.default\">\n\t\t\t\t\t\t\t\t\t\t<a class=\"elementor-button elementor-button-link elementor-size-sm\" href=\"https:\/\/cloca-evenementiel.com\/wp-content\/uploads\/2026\/02\/Buffet-chaud.pdf\">\n\t\t\t\t\t\t<span class=\"elementor-button-content-wrapper\">\n\t\t\t\t\t\t\t\t\t<span class=\"elementor-button-text\">T\u00e9l\u00e9charger la carte des buffets chauds<\/span>\n\t\t\t\t\t<\/span>\n\t\t\t\t\t<\/a>\n\t\t\t\t\t\t\t\t<\/div>\n\t\t\t\t\t<\/div>\n\t\t\t\t<\/div>\n\t\t<div class=\"elementor-element elementor-element-44de12b e-flex e-con-boxed e-con e-parent\" data-id=\"44de12b\" data-element_type=\"container\">\n\t\t\t\t\t<div class=\"e-con-inner\">\n\t\t\t\t<div class=\"elementor-element elementor-element-7d52af4 elementor-widget elementor-widget-image\" data-id=\"7d52af4\" data-element_type=\"widget\" data-widget_type=\"image.default\">\n\t\t\t\t\t\t\t\t\t\t\t\t\t\t\t<img decoding=\"async\" width=\"225\" height=\"300\" src=\"https:\/\/cloca-evenementiel.com\/wp-content\/uploads\/2026\/02\/IMG_0608-225x300.jpeg\" class=\"attachment-medium size-medium wp-image-367\" alt=\"\" srcset=\"https:\/\/cloca-evenementiel.com\/wp-content\/uploads\/2026\/02\/IMG_0608-225x300.jpeg 225w, https:\/\/cloca-evenementiel.com\/wp-content\/uploads\/2026\/02\/IMG_0608-768x1024.jpeg 768w, https:\/\/cloca-evenementiel.com\/wp-content\/uploads\/2026\/02\/IMG_0608-1152x1536.jpeg 1152w, https:\/\/cloca-evenementiel.com\/wp-content\/uploads\/2026\/02\/IMG_0608.jpeg 1536w\" sizes=\"(max-width: 225px) 100vw, 225px\" \/>\t\t\t\t\t\t\t\t\t\t\t\t\t\t\t<\/div>\n\t\t\t\t<div class=\"elementor-element elementor-element-93ecddd elementor-widget elementor-widget-image\" data-id=\"93ecddd\" data-element_type=\"widget\" data-widget_type=\"image.default\">\n\t\t\t\t\t\t\t\t\t\t\t\t\t\t\t<img decoding=\"async\" width=\"225\" height=\"300\" src=\"https:\/\/cloca-evenementiel.com\/wp-content\/uploads\/2025\/07\/20231225_110707-225x300.jpg\" class=\"attachment-medium size-medium wp-image-283\" alt=\"\" srcset=\"https:\/\/cloca-evenementiel.com\/wp-content\/uploads\/2025\/07\/20231225_110707-225x300.jpg 225w, https:\/\/cloca-evenementiel.com\/wp-content\/uploads\/2025\/07\/20231225_110707-scaled.jpg 1920w\" sizes=\"(max-width: 225px) 100vw, 225px\" \/>\t\t\t\t\t\t\t\t\t\t\t\t\t\t\t<\/div>\n\t\t\t\t\t<\/div>\n\t\t\t\t<\/div>\n\t\t<div class=\"elementor-element elementor-element-e1d4824 e-flex e-con-boxed e-con e-parent\" data-id=\"e1d4824\" data-element_type=\"container\">\n\t\t\t\t\t<div class=\"e-con-inner\">\n\t\t\t\t<div class=\"elementor-element elementor-element-8aaaca2 elementor-widget elementor-widget-image\" data-id=\"8aaaca2\" data-element_type=\"widget\" data-widget_type=\"image.default\">\n\t\t\t\t\t\t\t\t\t\t\t\t\t\t\t<img loading=\"lazy\" decoding=\"async\" width=\"225\" height=\"300\" src=\"https:\/\/cloca-evenementiel.com\/wp-content\/uploads\/2025\/07\/20231231_150022-225x300.jpg\" class=\"attachment-medium size-medium wp-image-285\" alt=\"\" srcset=\"https:\/\/cloca-evenementiel.com\/wp-content\/uploads\/2025\/07\/20231231_150022-225x300.jpg 225w, https:\/\/cloca-evenementiel.com\/wp-content\/uploads\/2025\/07\/20231231_150022-scaled.jpg 1920w\" sizes=\"(max-width: 225px) 100vw, 225px\" \/>\t\t\t\t\t\t\t\t\t\t\t\t\t\t\t<\/div>\n\t\t\t\t\t<\/div>\n\t\t\t\t<\/div>\n\t\t<div class=\"elementor-element elementor-element-2f53f67 e-flex e-con-boxed e-con e-parent\" data-id=\"2f53f67\" data-element_type=\"container\">\n\t\t\t\t\t<div class=\"e-con-inner\">\n\t\t\t\t<div class=\"elementor-element elementor-element-86f9d5d elementor-widget elementor-widget-image\" data-id=\"86f9d5d\" data-element_type=\"widget\" data-widget_type=\"image.default\">\n\t\t\t\t\t\t\t\t\t\t\t\t\t\t\t<img loading=\"lazy\" decoding=\"async\" width=\"225\" height=\"300\" src=\"https:\/\/cloca-evenementiel.com\/wp-content\/uploads\/2025\/07\/20231231_145522-1-225x300.jpg\" class=\"attachment-medium size-medium wp-image-288\" alt=\"\" srcset=\"https:\/\/cloca-evenementiel.com\/wp-content\/uploads\/2025\/07\/20231231_145522-1-225x300.jpg 225w, https:\/\/cloca-evenementiel.com\/wp-content\/uploads\/2025\/07\/20231231_145522-1-768x1023.jpg 768w, https:\/\/cloca-evenementiel.com\/wp-content\/uploads\/2025\/07\/20231231_145522-1.jpg 800w\" sizes=\"(max-width: 225px) 100vw, 225px\" \/>\t\t\t\t\t\t\t\t\t\t\t\t\t\t\t<\/div>\n\t\t\t\t\t<\/div>\n\t\t\t\t<\/div>\n\t\t<div class=\"elementor-element elementor-element-090cce0 e-flex e-con-boxed e-con e-parent\" data-id=\"090cce0\" data-element_type=\"container\">\n\t\t\t\t\t<div class=\"e-con-inner\">\n\t\t\t\t<div class=\"elementor-element elementor-element-5f159be elementor-widget elementor-widget-image\" data-id=\"5f159be\" data-element_type=\"widget\" data-widget_type=\"image.default\">\n\t\t\t\t\t\t\t\t\t\t\t\t\t\t\t<img loading=\"lazy\" decoding=\"async\" width=\"300\" height=\"225\" src=\"https:\/\/cloca-evenementiel.com\/wp-content\/uploads\/2025\/07\/20250510_221953-300x225.jpg\" class=\"attachment-medium size-medium wp-image-291\" alt=\"\" srcset=\"https:\/\/cloca-evenementiel.com\/wp-content\/uploads\/2025\/07\/20250510_221953-300x225.jpg 300w, https:\/\/cloca-evenementiel.com\/wp-content\/uploads\/2025\/07\/20250510_221953-768x576.jpg 768w, https:\/\/cloca-evenementiel.com\/wp-content\/uploads\/2025\/07\/20250510_221953.jpg 800w\" sizes=\"(max-width: 300px) 100vw, 300px\" \/>\t\t\t\t\t\t\t\t\t\t\t\t\t\t\t<\/div>\n\t\t\t\t\t<\/div>\n\t\t\t\t<\/div>\n\t\t<div class=\"elementor-element elementor-element-d31adf8 e-flex e-con-boxed e-con e-parent\" data-id=\"d31adf8\" data-element_type=\"container\">\n\t\t\t\t\t<div class=\"e-con-inner\">\n\t\t\t\t<div class=\"elementor-element elementor-element-b5db7be elementor-widget elementor-widget-image\" data-id=\"b5db7be\" data-element_type=\"widget\" data-widget_type=\"image.default\">\n\t\t\t\t\t\t\t\t\t\t\t\t\t\t\t<img loading=\"lazy\" decoding=\"async\" width=\"300\" height=\"300\" src=\"https:\/\/cloca-evenementiel.com\/wp-content\/uploads\/2025\/07\/20230130_101223-1-300x300.jpg\" class=\"attachment-medium size-medium wp-image-286\" alt=\"\" srcset=\"https:\/\/cloca-evenementiel.com\/wp-content\/uploads\/2025\/07\/20230130_101223-1-300x300.jpg 300w, https:\/\/cloca-evenementiel.com\/wp-content\/uploads\/2025\/07\/20230130_101223-1-150x150.jpg 150w, https:\/\/cloca-evenementiel.com\/wp-content\/uploads\/2025\/07\/20230130_101223-1-768x768.jpg 768w, https:\/\/cloca-evenementiel.com\/wp-content\/uploads\/2025\/07\/20230130_101223-1.jpg 800w\" sizes=\"(max-width: 300px) 100vw, 300px\" \/>\t\t\t\t\t\t\t\t\t\t\t\t\t\t\t<\/div>\n\t\t\t\t\t<\/div>\n\t\t\t\t<\/div>\n\t\t\t\t<\/div>\n\t\t","protected":false},"excerpt":{"rendered":"<p>Buffet chaud Nos buffets chauds sont parfaits pour vos \u00e9v\u00e9nements en toutes saisons, que ce soit en hiver pour un [&hellip;]<\/p>\n","protected":false},"author":1,"featured_media":0,"parent":0,"menu_order":0,"comment_status":"closed","ping_status":"closed","template":"","meta":{"site-sidebar-layout":"no-sidebar","site-content-layout":"","ast-site-content-layout":"full-width-container","site-content-style":"default","site-sidebar-style":"default","ast-global-header-display":"","ast-banner-title-visibility":"","ast-main-header-display":"","ast-hfb-above-header-display":"","ast-hfb-below-header-display":"","ast-hfb-mobile-header-display":"","site-post-title":"disabled","ast-breadcrumbs-content":"","ast-featured-img":"disabled","footer-sml-layout":"","theme-transparent-header-meta":"","adv-header-id-meta":"","stick-header-meta":"","header-above-stick-meta":"","header-main-stick-meta":"","header-below-stick-meta":"","astra-migrate-meta-layouts":"default","ast-page-background-enabled":"default","ast-page-background-meta":{"desktop":{"background-color":"var(--ast-global-color-5)","background-image":"","background-repeat":"repeat","background-position":"center center","background-size":"auto","background-attachment":"scroll","background-type":"","background-media":"","overlay-type":"","overlay-color":"","overlay-opacity":"","overlay-gradient":""},"tablet":{"background-color":"","background-image":"","background-repeat":"repeat","background-position":"center center","background-size":"auto","background-attachment":"scroll","background-type":"","background-media":"","overlay-type":"","overlay-color":"","overlay-opacity":"","overlay-gradient":""},"mobile":{"background-color":"","background-image":"","background-repeat":"repeat","background-position":"center center","background-size":"auto","background-attachment":"scroll","background-type":"","background-media":"","overlay-type":"","overlay-color":"","overlay-opacity":"","overlay-gradient":""}},"ast-content-background-meta":{"desktop":{"background-color":"var(--ast-global-color-4)","background-image":"","background-repeat":"repeat","background-position":"center center","background-size":"auto","background-attachment":"scroll","background-type":"","background-media":"","overlay-type":"","overlay-color":"","overlay-opacity":"","overlay-gradient":""},"tablet":{"background-color":"var(--ast-global-color-4)","background-image":"","background-repeat":"repeat","background-position":"center center","background-size":"auto","background-attachment":"scroll","background-type":"","background-media":"","overlay-type":"","overlay-color":"","overlay-opacity":"","overlay-gradient":""},"mobile":{"background-color":"var(--ast-global-color-4)","background-image":"","background-repeat":"repeat","background-position":"center center","background-size":"auto","background-attachment":"scroll","background-type":"","background-media":"","overlay-type":"","overlay-color":"","overlay-opacity":"","overlay-gradient":""}},"footnotes":""},"class_list":["post-278","page","type-page","status-publish","hentry"],"_links":{"self":[{"href":"https:\/\/cloca-evenementiel.com\/index.php\/wp-json\/wp\/v2\/pages\/278","targetHints":{"allow":["GET"]}}],"collection":[{"href":"https:\/\/cloca-evenementiel.com\/index.php\/wp-json\/wp\/v2\/pages"}],"about":[{"href":"https:\/\/cloca-evenementiel.com\/index.php\/wp-json\/wp\/v2\/types\/page"}],"author":[{"embeddable":true,"href":"https:\/\/cloca-evenementiel.com\/index.php\/wp-json\/wp\/v2\/users\/1"}],"replies":[{"embeddable":true,"href":"https:\/\/cloca-evenementiel.com\/index.php\/wp-json\/wp\/v2\/comments?post=278"}],"version-history":[{"count":10,"href":"https:\/\/cloca-evenementiel.com\/index.php\/wp-json\/wp\/v2\/pages\/278\/revisions"}],"predecessor-version":[{"id":372,"href":"https:\/\/cloca-evenementiel.com\/index.php\/wp-json\/wp\/v2\/pages\/278\/revisions\/372"}],"wp:attachment":[{"href":"https:\/\/cloca-evenementiel.com\/index.php\/wp-json\/wp\/v2\/media?parent=278"}],"curies":[{"name":"wp","href":"https:\/\/api.w.org\/{rel}","templated":true}]}}