{"id":266,"date":"2025-07-30T12:40:18","date_gmt":"2025-07-30T12:40:18","guid":{"rendered":"https:\/\/cloca-evenementiel.com\/?page_id=266"},"modified":"2026-02-25T17:51:56","modified_gmt":"2026-02-25T17:51:56","slug":"verrines-sucrees","status":"publish","type":"page","link":"https:\/\/cloca-evenementiel.com\/index.php\/verrines-sucrees\/","title":{"rendered":"Verrines sucr\u00e9es"},"content":{"rendered":"\t\t<div data-elementor-type=\"wp-page\" data-elementor-id=\"266\" class=\"elementor elementor-266\">\n\t\t\t\t<div class=\"elementor-element elementor-element-8ac7e5d e-flex e-con-boxed e-con e-parent\" data-id=\"8ac7e5d\" data-element_type=\"container\">\n\t\t\t\t\t<div class=\"e-con-inner\">\n\t\t\t\t<div class=\"elementor-element elementor-element-58cbb2d elementor-widget elementor-widget-heading\" data-id=\"58cbb2d\" data-element_type=\"widget\" data-widget_type=\"heading.default\">\n\t\t\t\t\t<h2 class=\"elementor-heading-title elementor-size-default\">Verrines sucr\u00e9es<\/h2>\t\t\t\t<\/div>\n\t\t\t\t\t<\/div>\n\t\t\t\t<\/div>\n\t\t<div class=\"elementor-element elementor-element-85433f8 e-flex e-con-boxed e-con e-parent\" data-id=\"85433f8\" data-element_type=\"container\">\n\t\t\t\t\t<div class=\"e-con-inner\">\n\t\t\t\t<div class=\"elementor-element elementor-element-29f774e elementor-widget elementor-widget-image\" data-id=\"29f774e\" data-element_type=\"widget\" data-widget_type=\"image.default\">\n\t\t\t\t\t\t\t\t\t\t\t\t\t\t\t<img fetchpriority=\"high\" decoding=\"async\" width=\"300\" height=\"225\" src=\"https:\/\/cloca-evenementiel.com\/wp-content\/uploads\/2025\/07\/20240616_095730_resized-300x225.jpg\" class=\"attachment-medium size-medium wp-image-269\" alt=\"Verrine sucr\u00e9e traiteur Calvados\" srcset=\"https:\/\/cloca-evenementiel.com\/wp-content\/uploads\/2025\/07\/20240616_095730_resized-300x225.jpg 300w, https:\/\/cloca-evenementiel.com\/wp-content\/uploads\/2025\/07\/20240616_095730_resized-1024x768.jpg 1024w, https:\/\/cloca-evenementiel.com\/wp-content\/uploads\/2025\/07\/20240616_095730_resized-768x576.jpg 768w, https:\/\/cloca-evenementiel.com\/wp-content\/uploads\/2025\/07\/20240616_095730_resized-1536x1152.jpg 1536w, https:\/\/cloca-evenementiel.com\/wp-content\/uploads\/2025\/07\/20240616_095730_resized.jpg 2016w\" sizes=\"(max-width: 300px) 100vw, 300px\" \/>\t\t\t\t\t\t\t\t\t\t\t\t\t\t\t<\/div>\n\t\t\t\t<div class=\"elementor-element elementor-element-8df0dcf elementor-widget elementor-widget-text-editor\" data-id=\"8df0dcf\" data-element_type=\"widget\" data-widget_type=\"text-editor.default\">\n\t\t\t\t\t\t\t\t\t<p>Mes verrines sucr\u00e9es sont la solution id\u00e9ale pour conclure un repas ou un ap\u00e9ritif d\u00eenatoire avec l\u00e9g\u00e8ret\u00e9 et raffinement.<\/p><p>Pr\u00e9sent\u00e9es en portions individuelles, elles allient esth\u00e9tique et saveurs vari\u00e9es, pour plaire \u00e0 tous les palais.<\/p><p>\u00a0Id\u00e9ales pour vos :<\/p><p>\u2022 Buffets de fin de repas<\/p><p>\u2022 Anniversaires, \u00e9v\u00e9nements familiaux<\/p><p>\u2022 R\u00e9ceptions professionnelles ou mariages<\/p><p>Au menu : mousses l\u00e9g\u00e8res, cr\u00e8mes onctueuses, douceurs chocolat\u00e9es\u2026 Chaque verrine est pr\u00e9par\u00e9e avec soin pour offrir un moment sucr\u00e9 inoubliable \u00e0 vos convives.<\/p><p>Conditionn\u00e9es en bo\u00eetes p\u00e2tissi\u00e8res, elles sont faciles \u00e0 transporter et \u00e0 conserver au frais.<\/p>\t\t\t\t\t\t\t\t<\/div>\n\t\t\t\t\t<\/div>\n\t\t\t\t<\/div>\n\t\t<div class=\"elementor-element elementor-element-d0023b7 e-flex e-con-boxed e-con e-parent\" data-id=\"d0023b7\" data-element_type=\"container\">\n\t\t\t\t\t<div class=\"e-con-inner\">\n\t\t\t\t<div class=\"elementor-element elementor-element-718b2bf elementor-widget elementor-widget-button\" data-id=\"718b2bf\" data-element_type=\"widget\" data-widget_type=\"button.default\">\n\t\t\t\t\t\t\t\t\t\t<a class=\"elementor-button elementor-button-link elementor-size-sm\" href=\"https:\/\/cloca-evenementiel.com\/wp-content\/uploads\/2025\/07\/Menu-des-verrines-sucrees.pdf\">\n\t\t\t\t\t\t<span class=\"elementor-button-content-wrapper\">\n\t\t\t\t\t\t\t\t\t<span class=\"elementor-button-text\">T\u00e9l\u00e9charger la carte des verrines sucr\u00e9es<\/span>\n\t\t\t\t\t<\/span>\n\t\t\t\t\t<\/a>\n\t\t\t\t\t\t\t\t<\/div>\n\t\t\t\t\t<\/div>\n\t\t\t\t<\/div>\n\t\t<div class=\"elementor-element elementor-element-9710fe1 e-flex e-con-boxed e-con e-parent\" data-id=\"9710fe1\" data-element_type=\"container\">\n\t\t\t\t\t<div class=\"e-con-inner\">\n\t\t\t\t\t<\/div>\n\t\t\t\t<\/div>\n\t\t<div class=\"elementor-element elementor-element-9a57750 e-flex e-con-boxed e-con e-parent\" data-id=\"9a57750\" data-element_type=\"container\">\n\t\t\t\t\t<div class=\"e-con-inner\">\n\t\t\t\t<div class=\"elementor-element elementor-element-3fa0f31 elementor-widget elementor-widget-image\" data-id=\"3fa0f31\" data-element_type=\"widget\" data-widget_type=\"image.default\">\n\t\t\t\t\t\t\t\t\t\t\t\t\t\t\t<img decoding=\"async\" width=\"225\" height=\"300\" src=\"https:\/\/cloca-evenementiel.com\/wp-content\/uploads\/2025\/07\/20250210_174735_resized-225x300.jpg\" class=\"attachment-medium size-medium wp-image-273\" alt=\"\" srcset=\"https:\/\/cloca-evenementiel.com\/wp-content\/uploads\/2025\/07\/20250210_174735_resized-225x300.jpg 225w, https:\/\/cloca-evenementiel.com\/wp-content\/uploads\/2025\/07\/20250210_174735_resized-768x1024.jpg 768w, https:\/\/cloca-evenementiel.com\/wp-content\/uploads\/2025\/07\/20250210_174735_resized-1152x1536.jpg 1152w, https:\/\/cloca-evenementiel.com\/wp-content\/uploads\/2025\/07\/20250210_174735_resized.jpg 1512w\" sizes=\"(max-width: 225px) 100vw, 225px\" \/>\t\t\t\t\t\t\t\t\t\t\t\t\t\t\t<\/div>\n\t\t\t\t<div class=\"elementor-element elementor-element-1c455b0 elementor-widget elementor-widget-image\" data-id=\"1c455b0\" data-element_type=\"widget\" data-widget_type=\"image.default\">\n\t\t\t\t\t\t\t\t\t\t\t\t\t\t\t<img decoding=\"async\" width=\"300\" height=\"225\" src=\"https:\/\/cloca-evenementiel.com\/wp-content\/uploads\/2025\/07\/20240616_100632_resized-300x225.jpg\" class=\"attachment-medium size-medium wp-image-272\" alt=\"\" srcset=\"https:\/\/cloca-evenementiel.com\/wp-content\/uploads\/2025\/07\/20240616_100632_resized-300x225.jpg 300w, https:\/\/cloca-evenementiel.com\/wp-content\/uploads\/2025\/07\/20240616_100632_resized-1024x768.jpg 1024w, https:\/\/cloca-evenementiel.com\/wp-content\/uploads\/2025\/07\/20240616_100632_resized-768x576.jpg 768w, https:\/\/cloca-evenementiel.com\/wp-content\/uploads\/2025\/07\/20240616_100632_resized-1536x1152.jpg 1536w, https:\/\/cloca-evenementiel.com\/wp-content\/uploads\/2025\/07\/20240616_100632_resized.jpg 2016w\" sizes=\"(max-width: 300px) 100vw, 300px\" \/>\t\t\t\t\t\t\t\t\t\t\t\t\t\t\t<\/div>\n\t\t\t\t<div class=\"elementor-element elementor-element-d3a8817 elementor-widget elementor-widget-image\" data-id=\"d3a8817\" data-element_type=\"widget\" data-widget_type=\"image.default\">\n\t\t\t\t\t\t\t\t\t\t\t\t\t\t\t<img loading=\"lazy\" decoding=\"async\" width=\"300\" height=\"225\" src=\"https:\/\/cloca-evenementiel.com\/wp-content\/uploads\/2025\/07\/20240616_095734_resized-300x225.jpg\" class=\"attachment-medium size-medium wp-image-270\" alt=\"\" srcset=\"https:\/\/cloca-evenementiel.com\/wp-content\/uploads\/2025\/07\/20240616_095734_resized-300x225.jpg 300w, https:\/\/cloca-evenementiel.com\/wp-content\/uploads\/2025\/07\/20240616_095734_resized-1024x768.jpg 1024w, https:\/\/cloca-evenementiel.com\/wp-content\/uploads\/2025\/07\/20240616_095734_resized-768x576.jpg 768w, https:\/\/cloca-evenementiel.com\/wp-content\/uploads\/2025\/07\/20240616_095734_resized-1536x1152.jpg 1536w, https:\/\/cloca-evenementiel.com\/wp-content\/uploads\/2025\/07\/20240616_095734_resized.jpg 2016w\" sizes=\"(max-width: 300px) 100vw, 300px\" \/>\t\t\t\t\t\t\t\t\t\t\t\t\t\t\t<\/div>\n\t\t\t\t<div class=\"elementor-element elementor-element-6ba75e0 elementor-widget elementor-widget-image\" data-id=\"6ba75e0\" data-element_type=\"widget\" data-widget_type=\"image.default\">\n\t\t\t\t\t\t\t\t\t\t\t\t\t\t\t<img loading=\"lazy\" decoding=\"async\" width=\"300\" height=\"225\" src=\"https:\/\/cloca-evenementiel.com\/wp-content\/uploads\/2025\/07\/20240616_100630_resized-300x225.jpg\" class=\"attachment-medium size-medium wp-image-271\" alt=\"\" srcset=\"https:\/\/cloca-evenementiel.com\/wp-content\/uploads\/2025\/07\/20240616_100630_resized-300x225.jpg 300w, https:\/\/cloca-evenementiel.com\/wp-content\/uploads\/2025\/07\/20240616_100630_resized-1024x768.jpg 1024w, https:\/\/cloca-evenementiel.com\/wp-content\/uploads\/2025\/07\/20240616_100630_resized-768x576.jpg 768w, https:\/\/cloca-evenementiel.com\/wp-content\/uploads\/2025\/07\/20240616_100630_resized-1536x1152.jpg 1536w, https:\/\/cloca-evenementiel.com\/wp-content\/uploads\/2025\/07\/20240616_100630_resized.jpg 2016w\" sizes=\"(max-width: 300px) 100vw, 300px\" \/>\t\t\t\t\t\t\t\t\t\t\t\t\t\t\t<\/div>\n\t\t\t\t\t<\/div>\n\t\t\t\t<\/div>\n\t\t\t\t<\/div>\n\t\t","protected":false},"excerpt":{"rendered":"<p>Verrines sucr\u00e9es Mes verrines sucr\u00e9es sont la solution id\u00e9ale pour conclure un repas ou un ap\u00e9ritif d\u00eenatoire avec l\u00e9g\u00e8ret\u00e9 et [&hellip;]<\/p>\n","protected":false},"author":1,"featured_media":0,"parent":0,"menu_order":0,"comment_status":"closed","ping_status":"closed","template":"","meta":{"site-sidebar-layout":"no-sidebar","site-content-layout":"","ast-site-content-layout":"full-width-container","site-content-style":"default","site-sidebar-style":"default","ast-global-header-display":"","ast-banner-title-visibility":"","ast-main-header-display":"","ast-hfb-above-header-display":"","ast-hfb-below-header-display":"","ast-hfb-mobile-header-display":"","site-post-title":"disabled","ast-breadcrumbs-content":"","ast-featured-img":"disabled","footer-sml-layout":"","theme-transparent-header-meta":"","adv-header-id-meta":"","stick-header-meta":"","header-above-stick-meta":"","header-main-stick-meta":"","header-below-stick-meta":"","astra-migrate-meta-layouts":"default","ast-page-background-enabled":"default","ast-page-background-meta":{"desktop":{"background-color":"var(--ast-global-color-5)","background-image":"","background-repeat":"repeat","background-position":"center center","background-size":"auto","background-attachment":"scroll","background-type":"","background-media":"","overlay-type":"","overlay-color":"","overlay-opacity":"","overlay-gradient":""},"tablet":{"background-color":"","background-image":"","background-repeat":"repeat","background-position":"center center","background-size":"auto","background-attachment":"scroll","background-type":"","background-media":"","overlay-type":"","overlay-color":"","overlay-opacity":"","overlay-gradient":""},"mobile":{"background-color":"","background-image":"","background-repeat":"repeat","background-position":"center center","background-size":"auto","background-attachment":"scroll","background-type":"","background-media":"","overlay-type":"","overlay-color":"","overlay-opacity":"","overlay-gradient":""}},"ast-content-background-meta":{"desktop":{"background-color":"var(--ast-global-color-4)","background-image":"","background-repeat":"repeat","background-position":"center center","background-size":"auto","background-attachment":"scroll","background-type":"","background-media":"","overlay-type":"","overlay-color":"","overlay-opacity":"","overlay-gradient":""},"tablet":{"background-color":"var(--ast-global-color-4)","background-image":"","background-repeat":"repeat","background-position":"center center","background-size":"auto","background-attachment":"scroll","background-type":"","background-media":"","overlay-type":"","overlay-color":"","overlay-opacity":"","overlay-gradient":""},"mobile":{"background-color":"var(--ast-global-color-4)","background-image":"","background-repeat":"repeat","background-position":"center center","background-size":"auto","background-attachment":"scroll","background-type":"","background-media":"","overlay-type":"","overlay-color":"","overlay-opacity":"","overlay-gradient":""}},"footnotes":""},"class_list":["post-266","page","type-page","status-publish","hentry"],"_links":{"self":[{"href":"https:\/\/cloca-evenementiel.com\/index.php\/wp-json\/wp\/v2\/pages\/266","targetHints":{"allow":["GET"]}}],"collection":[{"href":"https:\/\/cloca-evenementiel.com\/index.php\/wp-json\/wp\/v2\/pages"}],"about":[{"href":"https:\/\/cloca-evenementiel.com\/index.php\/wp-json\/wp\/v2\/types\/page"}],"author":[{"embeddable":true,"href":"https:\/\/cloca-evenementiel.com\/index.php\/wp-json\/wp\/v2\/users\/1"}],"replies":[{"embeddable":true,"href":"https:\/\/cloca-evenementiel.com\/index.php\/wp-json\/wp\/v2\/comments?post=266"}],"version-history":[{"count":7,"href":"https:\/\/cloca-evenementiel.com\/index.php\/wp-json\/wp\/v2\/pages\/266\/revisions"}],"predecessor-version":[{"id":448,"href":"https:\/\/cloca-evenementiel.com\/index.php\/wp-json\/wp\/v2\/pages\/266\/revisions\/448"}],"wp:attachment":[{"href":"https:\/\/cloca-evenementiel.com\/index.php\/wp-json\/wp\/v2\/media?parent=266"}],"curies":[{"name":"wp","href":"https:\/\/api.w.org\/{rel}","templated":true}]}}