{"id":240,"date":"2025-07-30T12:25:11","date_gmt":"2025-07-30T12:25:11","guid":{"rendered":"https:\/\/cloca-evenementiel.com\/?page_id=240"},"modified":"2026-02-25T16:37:08","modified_gmt":"2026-02-25T16:37:08","slug":"amuses-bouches","status":"publish","type":"page","link":"https:\/\/cloca-evenementiel.com\/index.php\/amuses-bouches\/","title":{"rendered":"Amuses-bouches"},"content":{"rendered":"\t\t<div data-elementor-type=\"wp-page\" data-elementor-id=\"240\" class=\"elementor elementor-240\">\n\t\t\t\t<div class=\"elementor-element elementor-element-99cfde6 e-flex e-con-boxed e-con e-parent\" data-id=\"99cfde6\" data-element_type=\"container\">\n\t\t\t\t\t<div class=\"e-con-inner\">\n\t\t\t\t<div class=\"elementor-element elementor-element-5957454 elementor-widget elementor-widget-heading\" data-id=\"5957454\" data-element_type=\"widget\" data-widget_type=\"heading.default\">\n\t\t\t\t\t<h2 class=\"elementor-heading-title elementor-size-default\">Amuses-bouches<\/h2>\t\t\t\t<\/div>\n\t\t\t\t<div class=\"elementor-element elementor-element-7065829 elementor-widget elementor-widget-image\" data-id=\"7065829\" data-element_type=\"widget\" data-widget_type=\"image.default\">\n\t\t\t\t\t\t\t\t\t\t\t\t\t\t\t<img fetchpriority=\"high\" decoding=\"async\" width=\"200\" height=\"300\" src=\"https:\/\/cloca-evenementiel.com\/wp-content\/uploads\/2026\/02\/IMG_0599-200x300.jpeg\" class=\"attachment-medium size-medium wp-image-316\" alt=\"Service traiteur pour \u00e9v\u00e9nements \u00e0 Deauville\" srcset=\"https:\/\/cloca-evenementiel.com\/wp-content\/uploads\/2026\/02\/IMG_0599-200x300.jpeg 200w, https:\/\/cloca-evenementiel.com\/wp-content\/uploads\/2026\/02\/IMG_0599-683x1024.jpeg 683w, https:\/\/cloca-evenementiel.com\/wp-content\/uploads\/2026\/02\/IMG_0599-768x1151.jpeg 768w, https:\/\/cloca-evenementiel.com\/wp-content\/uploads\/2026\/02\/IMG_0599-1025x1536.jpeg 1025w, https:\/\/cloca-evenementiel.com\/wp-content\/uploads\/2026\/02\/IMG_0599.jpeg 1366w\" sizes=\"(max-width: 200px) 100vw, 200px\" \/>\t\t\t\t\t\t\t\t\t\t\t\t\t\t\t<\/div>\n\t\t\t\t\t<\/div>\n\t\t\t\t<\/div>\n\t\t<div class=\"elementor-element elementor-element-93c7726 e-flex e-con-boxed e-con e-parent\" data-id=\"93c7726\" data-element_type=\"container\">\n\t\t\t\t\t<div class=\"e-con-inner\">\n\t\t\t\t<div class=\"elementor-element elementor-element-2e55ccc elementor-widget elementor-widget-text-editor\" data-id=\"2e55ccc\" data-element_type=\"widget\" data-widget_type=\"text-editor.default\">\n\t\t\t\t\t\t\t\t\t<p>Nos amuses-bouches et mignardises sal\u00e9es vous accompagnent en toute occasion :<\/p><p>que ce soit pour un moment convivial en petit comit\u00e9, un ap\u00e9ritif entre amis, un week-end barbecue ou un repas d\u2019anniversaire.<\/p><p>Les assortiments sont conditionn\u00e9s en bo\u00eetes p\u00e2tissi\u00e8res, pratiques \u00e0 stocker dans un r\u00e9frig\u00e9rateur domestique.<\/p><p>Pour vos grands \u00e9v\u00e9nements, priv\u00e9s ou professionnels, nous vous proposons une pr\u00e9sentation soign\u00e9e :<\/p><p>\u2022 Sur plateaux traiteur, grands pr\u00e9sentoirs ou miroirs d\u00e9cor\u00e9s<\/p><p>\u2022 Un large choix de pi\u00e8ces sal\u00e9es, froides ou chaudes<\/p><p>\u2022 Pr\u00e9par\u00e9es avec soin et professionnalisme<\/p><p>Que ce soit pour un ap\u00e9ritif simple, une r\u00e9ception estivale ou un ap\u00e9ritif d\u00eenatoire en guise de repas complet,<\/p><p>nos amuses-bouches raviront les papilles de vos convives.<\/p>\t\t\t\t\t\t\t\t<\/div>\n\t\t\t\t\t<\/div>\n\t\t\t\t<\/div>\n\t\t<div class=\"elementor-element elementor-element-687be4b e-flex e-con-boxed e-con e-parent\" data-id=\"687be4b\" data-element_type=\"container\">\n\t\t\t\t\t<div class=\"e-con-inner\">\n\t\t\t\t<div class=\"elementor-element elementor-element-48cbed9 elementor-widget elementor-widget-button\" data-id=\"48cbed9\" data-element_type=\"widget\" data-widget_type=\"button.default\">\n\t\t\t\t\t\t\t\t\t\t<a class=\"elementor-button elementor-button-link elementor-size-sm\" href=\"https:\/\/cloca-evenementiel.com\/wp-content\/uploads\/2026\/02\/Menu-aperitif-off.pdf\">\n\t\t\t\t\t\t<span class=\"elementor-button-content-wrapper\">\n\t\t\t\t\t\t\t\t\t<span class=\"elementor-button-text\">T\u00e9l\u00e9charger le d\u00e9pliant des ap\u00e9ritifs<\/span>\n\t\t\t\t\t<\/span>\n\t\t\t\t\t<\/a>\n\t\t\t\t\t\t\t\t<\/div>\n\t\t\t\t\t<\/div>\n\t\t\t\t<\/div>\n\t\t<div class=\"elementor-element elementor-element-2744e7d e-flex e-con-boxed e-con e-parent\" data-id=\"2744e7d\" data-element_type=\"container\">\n\t\t\t\t\t<div class=\"e-con-inner\">\n\t\t\t\t<div class=\"elementor-element elementor-element-d9748d8 elementor-widget elementor-widget-button\" data-id=\"d9748d8\" data-element_type=\"widget\" data-widget_type=\"button.default\">\n\t\t\t\t\t\t\t\t\t\t<a class=\"elementor-button elementor-button-link elementor-size-sm\" href=\"https:\/\/cloca-evenementiel.com\/wp-content\/uploads\/2026\/02\/Aperitif-17.pdf\">\n\t\t\t\t\t\t<span class=\"elementor-button-content-wrapper\">\n\t\t\t\t\t\t\t\t\t<span class=\"elementor-button-text\">T\u00e9l\u00e9charger le menu des ap\u00e9ritifs<\/span>\n\t\t\t\t\t<\/span>\n\t\t\t\t\t<\/a>\n\t\t\t\t\t\t\t\t<\/div>\n\t\t\t\t\t<\/div>\n\t\t\t\t<\/div>\n\t\t<div class=\"elementor-element elementor-element-5d6597d e-flex e-con-boxed e-con e-parent\" data-id=\"5d6597d\" data-element_type=\"container\">\n\t\t\t\t\t<div class=\"e-con-inner\">\n\t\t\t\t<div class=\"elementor-element elementor-element-5642fef elementor-widget elementor-widget-image\" data-id=\"5642fef\" data-element_type=\"widget\" data-widget_type=\"image.default\">\n\t\t\t\t\t\t\t\t\t\t\t\t\t\t\t<img decoding=\"async\" width=\"200\" height=\"300\" src=\"https:\/\/cloca-evenementiel.com\/wp-content\/uploads\/2026\/02\/IMG_0600-200x300.jpeg\" class=\"attachment-medium size-medium wp-image-317\" alt=\"\" srcset=\"https:\/\/cloca-evenementiel.com\/wp-content\/uploads\/2026\/02\/IMG_0600-200x300.jpeg 200w, https:\/\/cloca-evenementiel.com\/wp-content\/uploads\/2026\/02\/IMG_0600-683x1024.jpeg 683w, https:\/\/cloca-evenementiel.com\/wp-content\/uploads\/2026\/02\/IMG_0600-768x1151.jpeg 768w, https:\/\/cloca-evenementiel.com\/wp-content\/uploads\/2026\/02\/IMG_0600-1025x1536.jpeg 1025w, https:\/\/cloca-evenementiel.com\/wp-content\/uploads\/2026\/02\/IMG_0600.jpeg 1366w\" sizes=\"(max-width: 200px) 100vw, 200px\" \/>\t\t\t\t\t\t\t\t\t\t\t\t\t\t\t<\/div>\n\t\t\t\t<div class=\"elementor-element elementor-element-4701214 elementor-widget elementor-widget-image\" data-id=\"4701214\" data-element_type=\"widget\" data-widget_type=\"image.default\">\n\t\t\t\t\t\t\t\t\t\t\t\t\t\t\t<img decoding=\"async\" width=\"300\" height=\"225\" src=\"https:\/\/cloca-evenementiel.com\/wp-content\/uploads\/2026\/02\/IMG_0604-300x225.jpeg\" class=\"attachment-medium size-medium wp-image-321\" alt=\"\" srcset=\"https:\/\/cloca-evenementiel.com\/wp-content\/uploads\/2026\/02\/IMG_0604-300x225.jpeg 300w, https:\/\/cloca-evenementiel.com\/wp-content\/uploads\/2026\/02\/IMG_0604-1024x768.jpeg 1024w, https:\/\/cloca-evenementiel.com\/wp-content\/uploads\/2026\/02\/IMG_0604-768x576.jpeg 768w, https:\/\/cloca-evenementiel.com\/wp-content\/uploads\/2026\/02\/IMG_0604-1536x1152.jpeg 1536w, https:\/\/cloca-evenementiel.com\/wp-content\/uploads\/2026\/02\/IMG_0604.jpeg 2048w\" sizes=\"(max-width: 300px) 100vw, 300px\" \/>\t\t\t\t\t\t\t\t\t\t\t\t\t\t\t<\/div>\n\t\t\t\t<div class=\"elementor-element elementor-element-5b572c7 elementor-widget elementor-widget-image\" data-id=\"5b572c7\" data-element_type=\"widget\" data-widget_type=\"image.default\">\n\t\t\t\t\t\t\t\t\t\t\t\t\t\t\t<img loading=\"lazy\" decoding=\"async\" width=\"300\" height=\"225\" src=\"https:\/\/cloca-evenementiel.com\/wp-content\/uploads\/2025\/07\/20240324_121746_resized-300x225.jpg\" class=\"attachment-medium size-medium wp-image-244\" alt=\"Mariage Traiteur Pont Audemer\" srcset=\"https:\/\/cloca-evenementiel.com\/wp-content\/uploads\/2025\/07\/20240324_121746_resized-300x225.jpg 300w, https:\/\/cloca-evenementiel.com\/wp-content\/uploads\/2025\/07\/20240324_121746_resized-1024x768.jpg 1024w, https:\/\/cloca-evenementiel.com\/wp-content\/uploads\/2025\/07\/20240324_121746_resized-768x576.jpg 768w, https:\/\/cloca-evenementiel.com\/wp-content\/uploads\/2025\/07\/20240324_121746_resized-1536x1152.jpg 1536w, https:\/\/cloca-evenementiel.com\/wp-content\/uploads\/2025\/07\/20240324_121746_resized.jpg 2016w\" sizes=\"(max-width: 300px) 100vw, 300px\" \/>\t\t\t\t\t\t\t\t\t\t\t\t\t\t\t<\/div>\n\t\t\t\t<div class=\"elementor-element elementor-element-8a789c1 elementor-widget elementor-widget-image\" data-id=\"8a789c1\" data-element_type=\"widget\" data-widget_type=\"image.default\">\n\t\t\t\t\t\t\t\t\t\t\t\t\t\t\t<img loading=\"lazy\" decoding=\"async\" width=\"300\" height=\"225\" src=\"https:\/\/cloca-evenementiel.com\/wp-content\/uploads\/2025\/07\/20240324_121742_resized-300x225.jpg\" class=\"attachment-medium size-medium wp-image-243\" alt=\"Traiteur Trouville\" srcset=\"https:\/\/cloca-evenementiel.com\/wp-content\/uploads\/2025\/07\/20240324_121742_resized-300x225.jpg 300w, https:\/\/cloca-evenementiel.com\/wp-content\/uploads\/2025\/07\/20240324_121742_resized-1024x768.jpg 1024w, https:\/\/cloca-evenementiel.com\/wp-content\/uploads\/2025\/07\/20240324_121742_resized-768x576.jpg 768w, https:\/\/cloca-evenementiel.com\/wp-content\/uploads\/2025\/07\/20240324_121742_resized-1536x1152.jpg 1536w, https:\/\/cloca-evenementiel.com\/wp-content\/uploads\/2025\/07\/20240324_121742_resized.jpg 2016w\" sizes=\"(max-width: 300px) 100vw, 300px\" \/>\t\t\t\t\t\t\t\t\t\t\t\t\t\t\t<\/div>\n\t\t\t\t<div class=\"elementor-element elementor-element-589385e elementor-widget elementor-widget-image\" data-id=\"589385e\" data-element_type=\"widget\" data-widget_type=\"image.default\">\n\t\t\t\t\t\t\t\t\t\t\t\t\t\t\t<img loading=\"lazy\" decoding=\"async\" width=\"300\" height=\"225\" src=\"https:\/\/cloca-evenementiel.com\/wp-content\/uploads\/2026\/02\/IMG_0605-300x225.jpeg\" class=\"attachment-medium size-medium wp-image-320\" alt=\"\" srcset=\"https:\/\/cloca-evenementiel.com\/wp-content\/uploads\/2026\/02\/IMG_0605-300x225.jpeg 300w, https:\/\/cloca-evenementiel.com\/wp-content\/uploads\/2026\/02\/IMG_0605-1024x768.jpeg 1024w, https:\/\/cloca-evenementiel.com\/wp-content\/uploads\/2026\/02\/IMG_0605-768x576.jpeg 768w, https:\/\/cloca-evenementiel.com\/wp-content\/uploads\/2026\/02\/IMG_0605-1536x1152.jpeg 1536w, https:\/\/cloca-evenementiel.com\/wp-content\/uploads\/2026\/02\/IMG_0605.jpeg 2048w\" sizes=\"(max-width: 300px) 100vw, 300px\" \/>\t\t\t\t\t\t\t\t\t\t\t\t\t\t\t<\/div>\n\t\t\t\t<div class=\"elementor-element elementor-element-0ea8814 elementor-widget elementor-widget-image\" data-id=\"0ea8814\" data-element_type=\"widget\" data-widget_type=\"image.default\">\n\t\t\t\t\t\t\t\t\t\t\t\t\t\t\t<img loading=\"lazy\" decoding=\"async\" width=\"225\" height=\"300\" src=\"https:\/\/cloca-evenementiel.com\/wp-content\/uploads\/2026\/02\/IMG_0607-225x300.jpeg\" class=\"attachment-medium size-medium wp-image-319\" alt=\"Ap\u00e9ritif traiteur Deauville\" srcset=\"https:\/\/cloca-evenementiel.com\/wp-content\/uploads\/2026\/02\/IMG_0607-225x300.jpeg 225w, https:\/\/cloca-evenementiel.com\/wp-content\/uploads\/2026\/02\/IMG_0607-768x1024.jpeg 768w, https:\/\/cloca-evenementiel.com\/wp-content\/uploads\/2026\/02\/IMG_0607-1152x1536.jpeg 1152w, https:\/\/cloca-evenementiel.com\/wp-content\/uploads\/2026\/02\/IMG_0607.jpeg 1536w\" sizes=\"(max-width: 225px) 100vw, 225px\" \/>\t\t\t\t\t\t\t\t\t\t\t\t\t\t\t<\/div>\n\t\t\t\t<div class=\"elementor-element elementor-element-2977606 elementor-widget elementor-widget-image\" data-id=\"2977606\" data-element_type=\"widget\" data-widget_type=\"image.default\">\n\t\t\t\t\t\t\t\t\t\t\t\t\t\t\t<img loading=\"lazy\" decoding=\"async\" width=\"300\" height=\"225\" src=\"https:\/\/cloca-evenementiel.com\/wp-content\/uploads\/2025\/07\/20250510_200330_resized-300x225.jpg\" class=\"attachment-medium size-medium wp-image-257\" alt=\"\" srcset=\"https:\/\/cloca-evenementiel.com\/wp-content\/uploads\/2025\/07\/20250510_200330_resized-300x225.jpg 300w, https:\/\/cloca-evenementiel.com\/wp-content\/uploads\/2025\/07\/20250510_200330_resized-1024x768.jpg 1024w, https:\/\/cloca-evenementiel.com\/wp-content\/uploads\/2025\/07\/20250510_200330_resized-768x576.jpg 768w, https:\/\/cloca-evenementiel.com\/wp-content\/uploads\/2025\/07\/20250510_200330_resized-1536x1152.jpg 1536w, https:\/\/cloca-evenementiel.com\/wp-content\/uploads\/2025\/07\/20250510_200330_resized.jpg 2016w\" sizes=\"(max-width: 300px) 100vw, 300px\" \/>\t\t\t\t\t\t\t\t\t\t\t\t\t\t\t<\/div>\n\t\t\t\t<div class=\"elementor-element elementor-element-87163b2 elementor-widget elementor-widget-image\" data-id=\"87163b2\" data-element_type=\"widget\" data-widget_type=\"image.default\">\n\t\t\t\t\t\t\t\t\t\t\t\t\t\t\t<img loading=\"lazy\" decoding=\"async\" width=\"225\" height=\"300\" src=\"https:\/\/cloca-evenementiel.com\/wp-content\/uploads\/2025\/07\/20241102_194232_resized-225x300.jpg\" class=\"attachment-medium size-medium wp-image-254\" alt=\"\" srcset=\"https:\/\/cloca-evenementiel.com\/wp-content\/uploads\/2025\/07\/20241102_194232_resized-225x300.jpg 225w, https:\/\/cloca-evenementiel.com\/wp-content\/uploads\/2025\/07\/20241102_194232_resized-768x1024.jpg 768w, https:\/\/cloca-evenementiel.com\/wp-content\/uploads\/2025\/07\/20241102_194232_resized-1152x1536.jpg 1152w, https:\/\/cloca-evenementiel.com\/wp-content\/uploads\/2025\/07\/20241102_194232_resized.jpg 1512w\" sizes=\"(max-width: 225px) 100vw, 225px\" \/>\t\t\t\t\t\t\t\t\t\t\t\t\t\t\t<\/div>\n\t\t\t\t<div class=\"elementor-element elementor-element-565d0ea elementor-widget elementor-widget-image\" data-id=\"565d0ea\" data-element_type=\"widget\" data-widget_type=\"image.default\">\n\t\t\t\t\t\t\t\t\t\t\t\t\t\t\t<img loading=\"lazy\" decoding=\"async\" width=\"225\" height=\"300\" src=\"https:\/\/cloca-evenementiel.com\/wp-content\/uploads\/2025\/07\/20241102_194214_resized-225x300.jpg\" class=\"attachment-medium size-medium wp-image-251\" alt=\"\" srcset=\"https:\/\/cloca-evenementiel.com\/wp-content\/uploads\/2025\/07\/20241102_194214_resized-225x300.jpg 225w, https:\/\/cloca-evenementiel.com\/wp-content\/uploads\/2025\/07\/20241102_194214_resized-768x1024.jpg 768w, https:\/\/cloca-evenementiel.com\/wp-content\/uploads\/2025\/07\/20241102_194214_resized-1152x1536.jpg 1152w, https:\/\/cloca-evenementiel.com\/wp-content\/uploads\/2025\/07\/20241102_194214_resized.jpg 1512w\" sizes=\"(max-width: 225px) 100vw, 225px\" \/>\t\t\t\t\t\t\t\t\t\t\t\t\t\t\t<\/div>\n\t\t\t\t\t<\/div>\n\t\t\t\t<\/div>\n\t\t\t\t<\/div>\n\t\t","protected":false},"excerpt":{"rendered":"<p>Amuses-bouches Nos amuses-bouches et mignardises sal\u00e9es vous accompagnent en toute occasion : que ce soit pour un moment convivial en [&hellip;]<\/p>\n","protected":false},"author":1,"featured_media":0,"parent":0,"menu_order":0,"comment_status":"closed","ping_status":"closed","template":"","meta":{"site-sidebar-layout":"no-sidebar","site-content-layout":"","ast-site-content-layout":"full-width-container","site-content-style":"default","site-sidebar-style":"default","ast-global-header-display":"","ast-banner-title-visibility":"","ast-main-header-display":"","ast-hfb-above-header-display":"","ast-hfb-below-header-display":"","ast-hfb-mobile-header-display":"","site-post-title":"disabled","ast-breadcrumbs-content":"","ast-featured-img":"disabled","footer-sml-layout":"","theme-transparent-header-meta":"","adv-header-id-meta":"","stick-header-meta":"","header-above-stick-meta":"","header-main-stick-meta":"","header-below-stick-meta":"","astra-migrate-meta-layouts":"default","ast-page-background-enabled":"default","ast-page-background-meta":{"desktop":{"background-color":"var(--ast-global-color-5)","background-image":"","background-repeat":"repeat","background-position":"center center","background-size":"auto","background-attachment":"scroll","background-type":"","background-media":"","overlay-type":"","overlay-color":"","overlay-opacity":"","overlay-gradient":""},"tablet":{"background-color":"","background-image":"","background-repeat":"repeat","background-position":"center center","background-size":"auto","background-attachment":"scroll","background-type":"","background-media":"","overlay-type":"","overlay-color":"","overlay-opacity":"","overlay-gradient":""},"mobile":{"background-color":"","background-image":"","background-repeat":"repeat","background-position":"center center","background-size":"auto","background-attachment":"scroll","background-type":"","background-media":"","overlay-type":"","overlay-color":"","overlay-opacity":"","overlay-gradient":""}},"ast-content-background-meta":{"desktop":{"background-color":"var(--ast-global-color-4)","background-image":"","background-repeat":"repeat","background-position":"center center","background-size":"auto","background-attachment":"scroll","background-type":"","background-media":"","overlay-type":"","overlay-color":"","overlay-opacity":"","overlay-gradient":""},"tablet":{"background-color":"var(--ast-global-color-4)","background-image":"","background-repeat":"repeat","background-position":"center center","background-size":"auto","background-attachment":"scroll","background-type":"","background-media":"","overlay-type":"","overlay-color":"","overlay-opacity":"","overlay-gradient":""},"mobile":{"background-color":"var(--ast-global-color-4)","background-image":"","background-repeat":"repeat","background-position":"center center","background-size":"auto","background-attachment":"scroll","background-type":"","background-media":"","overlay-type":"","overlay-color":"","overlay-opacity":"","overlay-gradient":""}},"footnotes":""},"class_list":["post-240","page","type-page","status-publish","hentry"],"_links":{"self":[{"href":"https:\/\/cloca-evenementiel.com\/index.php\/wp-json\/wp\/v2\/pages\/240","targetHints":{"allow":["GET"]}}],"collection":[{"href":"https:\/\/cloca-evenementiel.com\/index.php\/wp-json\/wp\/v2\/pages"}],"about":[{"href":"https:\/\/cloca-evenementiel.com\/index.php\/wp-json\/wp\/v2\/types\/page"}],"author":[{"embeddable":true,"href":"https:\/\/cloca-evenementiel.com\/index.php\/wp-json\/wp\/v2\/users\/1"}],"replies":[{"embeddable":true,"href":"https:\/\/cloca-evenementiel.com\/index.php\/wp-json\/wp\/v2\/comments?post=240"}],"version-history":[{"count":25,"href":"https:\/\/cloca-evenementiel.com\/index.php\/wp-json\/wp\/v2\/pages\/240\/revisions"}],"predecessor-version":[{"id":359,"href":"https:\/\/cloca-evenementiel.com\/index.php\/wp-json\/wp\/v2\/pages\/240\/revisions\/359"}],"wp:attachment":[{"href":"https:\/\/cloca-evenementiel.com\/index.php\/wp-json\/wp\/v2\/media?parent=240"}],"curies":[{"name":"wp","href":"https:\/\/api.w.org\/{rel}","templated":true}]}}