{"id":230,"date":"2025-07-30T11:14:13","date_gmt":"2025-07-30T11:14:13","guid":{"rendered":"https:\/\/cloca-evenementiel.com\/?page_id=230"},"modified":"2026-02-25T17:10:35","modified_gmt":"2026-02-25T17:10:35","slug":"fetes-de-fin-dannee","status":"publish","type":"page","link":"https:\/\/cloca-evenementiel.com\/index.php\/fetes-de-fin-dannee\/","title":{"rendered":"F\u00eates de fin d&rsquo;ann\u00e9e"},"content":{"rendered":"\t\t<div data-elementor-type=\"wp-page\" data-elementor-id=\"230\" class=\"elementor elementor-230\">\n\t\t\t\t<div class=\"elementor-element elementor-element-cd946d5 e-flex e-con-boxed e-con e-parent\" data-id=\"cd946d5\" data-element_type=\"container\">\n\t\t\t\t\t<div class=\"e-con-inner\">\n\t\t\t\t<div class=\"elementor-element elementor-element-daa1251 elementor-widget elementor-widget-heading\" data-id=\"daa1251\" data-element_type=\"widget\" data-widget_type=\"heading.default\">\n\t\t\t\t\t<h2 class=\"elementor-heading-title elementor-size-default\">Les f\u00eates de fin d'ann\u00e9e<\/h2>\t\t\t\t<\/div>\n\t\t\t\t<div class=\"elementor-element elementor-element-8355478 elementor-widget elementor-widget-image\" data-id=\"8355478\" data-element_type=\"widget\" data-widget_type=\"image.default\">\n\t\t\t\t\t\t\t\t\t\t\t\t\t\t\t<img fetchpriority=\"high\" decoding=\"async\" width=\"225\" height=\"300\" src=\"https:\/\/cloca-evenementiel.com\/wp-content\/uploads\/2026\/02\/IMG_0610-225x300.jpeg\" class=\"attachment-medium size-medium wp-image-378\" alt=\"Traiteur Pont-l&#039;Ev\u00eaque Noel\" srcset=\"https:\/\/cloca-evenementiel.com\/wp-content\/uploads\/2026\/02\/IMG_0610-225x300.jpeg 225w, https:\/\/cloca-evenementiel.com\/wp-content\/uploads\/2026\/02\/IMG_0610-768x1024.jpeg 768w, https:\/\/cloca-evenementiel.com\/wp-content\/uploads\/2026\/02\/IMG_0610-1152x1536.jpeg 1152w, https:\/\/cloca-evenementiel.com\/wp-content\/uploads\/2026\/02\/IMG_0610.jpeg 1536w\" sizes=\"(max-width: 225px) 100vw, 225px\" \/>\t\t\t\t\t\t\t\t\t\t\t\t\t\t\t<\/div>\n\t\t\t\t\t<\/div>\n\t\t\t\t<\/div>\n\t\t<div class=\"elementor-element elementor-element-a5597a3 e-flex e-con-boxed e-con e-parent\" data-id=\"a5597a3\" data-element_type=\"container\">\n\t\t\t\t\t<div class=\"e-con-inner\">\n\t\t\t\t<div class=\"elementor-element elementor-element-bb21525 elementor-widget elementor-widget-text-editor\" data-id=\"bb21525\" data-element_type=\"widget\" data-widget_type=\"text-editor.default\">\n\t\t\t\t\t\t\t\t\t<p>Pour No\u00ebl et les f\u00eates de fin d\u2019ann\u00e9e, r\u00e9galez vos proches, collaborateurs ou invit\u00e9s sans passer des heures en cuisine !<\/p><p>Je vous propose une offre sp\u00e9ciale compos\u00e9e de :<\/p><p>\u2022 Ap\u00e9ritif festif<\/p><p>\u2022 Entr\u00e9e savoureuse<\/p><p>\u2022 Plat principal gourmand<\/p><p>Vous avez le choix :<\/p><p>\u2022 Formule compl\u00e8te (ap\u00e9ritif + entr\u00e9e + plat)<\/p><p>\u2022 Ou uniquement certaines cat\u00e9gories, selon vos envies<\/p><p>Le d\u00e9pliant d\u00e9taill\u00e9 sera disponible d\u00e9but novembre.<\/p><p>Les pr\u00e9commandes seront ouvertes \u00e0 ce moment-l\u00e0, mais vous pouvez d\u00e9j\u00e0 me contacter pour toute question ou r\u00e9servation anticip\u00e9e.<\/p>\t\t\t\t\t\t\t\t<\/div>\n\t\t\t\t<div class=\"elementor-element elementor-element-7be7eb9 elementor-widget elementor-widget-button\" data-id=\"7be7eb9\" data-element_type=\"widget\" data-widget_type=\"button.default\">\n\t\t\t\t\t\t\t\t\t\t<a class=\"elementor-button elementor-button-link elementor-size-sm\" href=\"https:\/\/cloca-evenementiel.com\/wp-content\/uploads\/2026\/02\/Depliant-de-Noel-.pdf\">\n\t\t\t\t\t\t<span class=\"elementor-button-content-wrapper\">\n\t\t\t\t\t\t\t\t\t<span class=\"elementor-button-text\">T\u00e9l\u00e9charger le menu 2025<\/span>\n\t\t\t\t\t<\/span>\n\t\t\t\t\t<\/a>\n\t\t\t\t\t\t\t\t<\/div>\n\t\t\t\t\t<\/div>\n\t\t\t\t<\/div>\n\t\t<div class=\"elementor-element elementor-element-e2d43ee e-flex e-con-boxed e-con e-parent\" data-id=\"e2d43ee\" data-element_type=\"container\">\n\t\t\t\t\t<div class=\"e-con-inner\">\n\t\t\t\t<div class=\"elementor-element elementor-element-78ea497 elementor-widget elementor-widget-image\" data-id=\"78ea497\" data-element_type=\"widget\" data-widget_type=\"image.default\">\n\t\t\t\t\t\t\t\t\t\t\t\t\t\t\t<img decoding=\"async\" width=\"231\" height=\"300\" src=\"https:\/\/cloca-evenementiel.com\/wp-content\/uploads\/2026\/02\/IMG_0612-231x300.jpeg\" class=\"attachment-medium size-medium wp-image-379\" alt=\"\" srcset=\"https:\/\/cloca-evenementiel.com\/wp-content\/uploads\/2026\/02\/IMG_0612-231x300.jpeg 231w, https:\/\/cloca-evenementiel.com\/wp-content\/uploads\/2026\/02\/IMG_0612-787x1024.jpeg 787w, https:\/\/cloca-evenementiel.com\/wp-content\/uploads\/2026\/02\/IMG_0612-768x999.jpeg 768w, https:\/\/cloca-evenementiel.com\/wp-content\/uploads\/2026\/02\/IMG_0612.jpeg 1178w\" sizes=\"(max-width: 231px) 100vw, 231px\" \/>\t\t\t\t\t\t\t\t\t\t\t\t\t\t\t<\/div>\n\t\t\t\t<div class=\"elementor-element elementor-element-d94c29d elementor-widget elementor-widget-image\" data-id=\"d94c29d\" data-element_type=\"widget\" data-widget_type=\"image.default\">\n\t\t\t\t\t\t\t\t\t\t\t\t\t\t\t<img decoding=\"async\" width=\"225\" height=\"300\" src=\"https:\/\/cloca-evenementiel.com\/wp-content\/uploads\/2026\/02\/IMG_0611-225x300.jpeg\" class=\"attachment-medium size-medium wp-image-380\" alt=\"\" srcset=\"https:\/\/cloca-evenementiel.com\/wp-content\/uploads\/2026\/02\/IMG_0611-225x300.jpeg 225w, https:\/\/cloca-evenementiel.com\/wp-content\/uploads\/2026\/02\/IMG_0611-768x1024.jpeg 768w, https:\/\/cloca-evenementiel.com\/wp-content\/uploads\/2026\/02\/IMG_0611-1152x1536.jpeg 1152w, https:\/\/cloca-evenementiel.com\/wp-content\/uploads\/2026\/02\/IMG_0611.jpeg 1536w\" sizes=\"(max-width: 225px) 100vw, 225px\" \/>\t\t\t\t\t\t\t\t\t\t\t\t\t\t\t<\/div>\n\t\t\t\t<div class=\"elementor-element elementor-element-c9cf8c7 elementor-widget elementor-widget-image\" data-id=\"c9cf8c7\" data-element_type=\"widget\" data-widget_type=\"image.default\">\n\t\t\t\t\t\t\t\t\t\t\t\t\t\t\t<img loading=\"lazy\" decoding=\"async\" width=\"300\" height=\"225\" src=\"https:\/\/cloca-evenementiel.com\/wp-content\/uploads\/2026\/02\/IMG_0613-300x225.jpeg\" class=\"attachment-medium size-medium wp-image-381\" alt=\"\" srcset=\"https:\/\/cloca-evenementiel.com\/wp-content\/uploads\/2026\/02\/IMG_0613-300x225.jpeg 300w, https:\/\/cloca-evenementiel.com\/wp-content\/uploads\/2026\/02\/IMG_0613-1024x768.jpeg 1024w, https:\/\/cloca-evenementiel.com\/wp-content\/uploads\/2026\/02\/IMG_0613-768x576.jpeg 768w, https:\/\/cloca-evenementiel.com\/wp-content\/uploads\/2026\/02\/IMG_0613-1536x1152.jpeg 1536w, https:\/\/cloca-evenementiel.com\/wp-content\/uploads\/2026\/02\/IMG_0613.jpeg 2048w\" sizes=\"(max-width: 300px) 100vw, 300px\" \/>\t\t\t\t\t\t\t\t\t\t\t\t\t\t\t<\/div>\n\t\t\t\t<div class=\"elementor-element elementor-element-006c7ee elementor-widget elementor-widget-image\" data-id=\"006c7ee\" data-element_type=\"widget\" data-widget_type=\"image.default\">\n\t\t\t\t\t\t\t\t\t\t\t\t\t\t\t<img loading=\"lazy\" decoding=\"async\" width=\"300\" height=\"225\" src=\"https:\/\/cloca-evenementiel.com\/wp-content\/uploads\/2026\/02\/IMG_0615-300x225.jpeg\" class=\"attachment-medium size-medium wp-image-382\" alt=\"\" srcset=\"https:\/\/cloca-evenementiel.com\/wp-content\/uploads\/2026\/02\/IMG_0615-300x225.jpeg 300w, https:\/\/cloca-evenementiel.com\/wp-content\/uploads\/2026\/02\/IMG_0615-1024x768.jpeg 1024w, https:\/\/cloca-evenementiel.com\/wp-content\/uploads\/2026\/02\/IMG_0615-768x576.jpeg 768w, https:\/\/cloca-evenementiel.com\/wp-content\/uploads\/2026\/02\/IMG_0615-1536x1152.jpeg 1536w, https:\/\/cloca-evenementiel.com\/wp-content\/uploads\/2026\/02\/IMG_0615.jpeg 2048w\" sizes=\"(max-width: 300px) 100vw, 300px\" \/>\t\t\t\t\t\t\t\t\t\t\t\t\t\t\t<\/div>\n\t\t\t\t<div class=\"elementor-element elementor-element-c41814b elementor-widget elementor-widget-image\" data-id=\"c41814b\" data-element_type=\"widget\" data-widget_type=\"image.default\">\n\t\t\t\t\t\t\t\t\t\t\t\t\t\t\t<img loading=\"lazy\" decoding=\"async\" width=\"225\" height=\"300\" src=\"https:\/\/cloca-evenementiel.com\/wp-content\/uploads\/2025\/07\/IMG_1094-225x300.jpeg\" class=\"attachment-medium size-medium wp-image-231\" alt=\"\" srcset=\"https:\/\/cloca-evenementiel.com\/wp-content\/uploads\/2025\/07\/IMG_1094-225x300.jpeg 225w, https:\/\/cloca-evenementiel.com\/wp-content\/uploads\/2025\/07\/IMG_1094.jpeg 768w\" sizes=\"(max-width: 225px) 100vw, 225px\" \/>\t\t\t\t\t\t\t\t\t\t\t\t\t\t\t<\/div>\n\t\t\t\t<div class=\"elementor-element elementor-element-502de19 elementor-widget elementor-widget-image\" data-id=\"502de19\" data-element_type=\"widget\" data-widget_type=\"image.default\">\n\t\t\t\t\t\t\t\t\t\t\t\t\t\t\t<img loading=\"lazy\" decoding=\"async\" width=\"225\" height=\"300\" src=\"https:\/\/cloca-evenementiel.com\/wp-content\/uploads\/2025\/07\/IMG_3164-225x300.jpeg\" class=\"attachment-medium size-medium wp-image-235\" alt=\"\" srcset=\"https:\/\/cloca-evenementiel.com\/wp-content\/uploads\/2025\/07\/IMG_3164-225x300.jpeg 225w, https:\/\/cloca-evenementiel.com\/wp-content\/uploads\/2025\/07\/IMG_3164-768x1024.jpeg 768w, https:\/\/cloca-evenementiel.com\/wp-content\/uploads\/2025\/07\/IMG_3164-1152x1536.jpeg 1152w, https:\/\/cloca-evenementiel.com\/wp-content\/uploads\/2025\/07\/IMG_3164-1536x2048.jpeg 1536w, https:\/\/cloca-evenementiel.com\/wp-content\/uploads\/2025\/07\/IMG_3164-scaled.jpeg 1920w\" sizes=\"(max-width: 225px) 100vw, 225px\" \/>\t\t\t\t\t\t\t\t\t\t\t\t\t\t\t<\/div>\n\t\t\t\t<div class=\"elementor-element elementor-element-615d1be elementor-widget elementor-widget-image\" data-id=\"615d1be\" data-element_type=\"widget\" data-widget_type=\"image.default\">\n\t\t\t\t\t\t\t\t\t\t\t\t\t\t\t<img loading=\"lazy\" decoding=\"async\" width=\"225\" height=\"300\" src=\"https:\/\/cloca-evenementiel.com\/wp-content\/uploads\/2025\/07\/IMG_3150-225x300.jpeg\" class=\"attachment-medium size-medium wp-image-233\" alt=\"\" srcset=\"https:\/\/cloca-evenementiel.com\/wp-content\/uploads\/2025\/07\/IMG_3150-225x300.jpeg 225w, https:\/\/cloca-evenementiel.com\/wp-content\/uploads\/2025\/07\/IMG_3150-768x1024.jpeg 768w, https:\/\/cloca-evenementiel.com\/wp-content\/uploads\/2025\/07\/IMG_3150-1152x1536.jpeg 1152w, https:\/\/cloca-evenementiel.com\/wp-content\/uploads\/2025\/07\/IMG_3150-1536x2048.jpeg 1536w, https:\/\/cloca-evenementiel.com\/wp-content\/uploads\/2025\/07\/IMG_3150-scaled.jpeg 1920w\" sizes=\"(max-width: 225px) 100vw, 225px\" \/>\t\t\t\t\t\t\t\t\t\t\t\t\t\t\t<\/div>\n\t\t\t\t<div class=\"elementor-element elementor-element-d783963 elementor-widget elementor-widget-image\" data-id=\"d783963\" data-element_type=\"widget\" data-widget_type=\"image.default\">\n\t\t\t\t\t\t\t\t\t\t\t\t\t\t\t<img loading=\"lazy\" decoding=\"async\" width=\"225\" height=\"300\" src=\"https:\/\/cloca-evenementiel.com\/wp-content\/uploads\/2025\/07\/IMG_3161-225x300.jpeg\" class=\"attachment-medium size-medium wp-image-234\" alt=\"\" srcset=\"https:\/\/cloca-evenementiel.com\/wp-content\/uploads\/2025\/07\/IMG_3161-225x300.jpeg 225w, https:\/\/cloca-evenementiel.com\/wp-content\/uploads\/2025\/07\/IMG_3161-768x1024.jpeg 768w, https:\/\/cloca-evenementiel.com\/wp-content\/uploads\/2025\/07\/IMG_3161-1152x1536.jpeg 1152w, https:\/\/cloca-evenementiel.com\/wp-content\/uploads\/2025\/07\/IMG_3161-1536x2048.jpeg 1536w, https:\/\/cloca-evenementiel.com\/wp-content\/uploads\/2025\/07\/IMG_3161-scaled.jpeg 1920w\" sizes=\"(max-width: 225px) 100vw, 225px\" \/>\t\t\t\t\t\t\t\t\t\t\t\t\t\t\t<\/div>\n\t\t\t\t<div class=\"elementor-element elementor-element-4c073dc elementor-widget elementor-widget-image\" data-id=\"4c073dc\" data-element_type=\"widget\" data-widget_type=\"image.default\">\n\t\t\t\t\t\t\t\t\t\t\t\t\t\t\t<img loading=\"lazy\" decoding=\"async\" width=\"225\" height=\"300\" src=\"https:\/\/cloca-evenementiel.com\/wp-content\/uploads\/2025\/07\/IMG_1095-225x300.jpeg\" class=\"attachment-medium size-medium wp-image-232\" alt=\"\" srcset=\"https:\/\/cloca-evenementiel.com\/wp-content\/uploads\/2025\/07\/IMG_1095-225x300.jpeg 225w, https:\/\/cloca-evenementiel.com\/wp-content\/uploads\/2025\/07\/IMG_1095-768x1024.jpeg 768w, https:\/\/cloca-evenementiel.com\/wp-content\/uploads\/2025\/07\/IMG_1095-1152x1536.jpeg 1152w, https:\/\/cloca-evenementiel.com\/wp-content\/uploads\/2025\/07\/IMG_1095.jpeg 1536w\" sizes=\"(max-width: 225px) 100vw, 225px\" \/>\t\t\t\t\t\t\t\t\t\t\t\t\t\t\t<\/div>\n\t\t\t\t\t<\/div>\n\t\t\t\t<\/div>\n\t\t\t\t<\/div>\n\t\t","protected":false},"excerpt":{"rendered":"<p>Les f\u00eates de fin d&rsquo;ann\u00e9e Pour No\u00ebl et les f\u00eates de fin d\u2019ann\u00e9e, r\u00e9galez vos proches, collaborateurs ou invit\u00e9s sans [&hellip;]<\/p>\n","protected":false},"author":1,"featured_media":0,"parent":0,"menu_order":0,"comment_status":"closed","ping_status":"closed","template":"","meta":{"site-sidebar-layout":"no-sidebar","site-content-layout":"","ast-site-content-layout":"full-width-container","site-content-style":"default","site-sidebar-style":"default","ast-global-header-display":"","ast-banner-title-visibility":"","ast-main-header-display":"","ast-hfb-above-header-display":"","ast-hfb-below-header-display":"","ast-hfb-mobile-header-display":"","site-post-title":"disabled","ast-breadcrumbs-content":"","ast-featured-img":"disabled","footer-sml-layout":"","theme-transparent-header-meta":"","adv-header-id-meta":"","stick-header-meta":"","header-above-stick-meta":"","header-main-stick-meta":"","header-below-stick-meta":"","astra-migrate-meta-layouts":"default","ast-page-background-enabled":"default","ast-page-background-meta":{"desktop":{"background-color":"var(--ast-global-color-5)","background-image":"","background-repeat":"repeat","background-position":"center center","background-size":"auto","background-attachment":"scroll","background-type":"","background-media":"","overlay-type":"","overlay-color":"","overlay-opacity":"","overlay-gradient":""},"tablet":{"background-color":"","background-image":"","background-repeat":"repeat","background-position":"center center","background-size":"auto","background-attachment":"scroll","background-type":"","background-media":"","overlay-type":"","overlay-color":"","overlay-opacity":"","overlay-gradient":""},"mobile":{"background-color":"","background-image":"","background-repeat":"repeat","background-position":"center center","background-size":"auto","background-attachment":"scroll","background-type":"","background-media":"","overlay-type":"","overlay-color":"","overlay-opacity":"","overlay-gradient":""}},"ast-content-background-meta":{"desktop":{"background-color":"var(--ast-global-color-4)","background-image":"","background-repeat":"repeat","background-position":"center center","background-size":"auto","background-attachment":"scroll","background-type":"","background-media":"","overlay-type":"","overlay-color":"","overlay-opacity":"","overlay-gradient":""},"tablet":{"background-color":"var(--ast-global-color-4)","background-image":"","background-repeat":"repeat","background-position":"center center","background-size":"auto","background-attachment":"scroll","background-type":"","background-media":"","overlay-type":"","overlay-color":"","overlay-opacity":"","overlay-gradient":""},"mobile":{"background-color":"var(--ast-global-color-4)","background-image":"","background-repeat":"repeat","background-position":"center center","background-size":"auto","background-attachment":"scroll","background-type":"","background-media":"","overlay-type":"","overlay-color":"","overlay-opacity":"","overlay-gradient":""}},"footnotes":""},"class_list":["post-230","page","type-page","status-publish","hentry"],"_links":{"self":[{"href":"https:\/\/cloca-evenementiel.com\/index.php\/wp-json\/wp\/v2\/pages\/230","targetHints":{"allow":["GET"]}}],"collection":[{"href":"https:\/\/cloca-evenementiel.com\/index.php\/wp-json\/wp\/v2\/pages"}],"about":[{"href":"https:\/\/cloca-evenementiel.com\/index.php\/wp-json\/wp\/v2\/types\/page"}],"author":[{"embeddable":true,"href":"https:\/\/cloca-evenementiel.com\/index.php\/wp-json\/wp\/v2\/users\/1"}],"replies":[{"embeddable":true,"href":"https:\/\/cloca-evenementiel.com\/index.php\/wp-json\/wp\/v2\/comments?post=230"}],"version-history":[{"count":9,"href":"https:\/\/cloca-evenementiel.com\/index.php\/wp-json\/wp\/v2\/pages\/230\/revisions"}],"predecessor-version":[{"id":389,"href":"https:\/\/cloca-evenementiel.com\/index.php\/wp-json\/wp\/v2\/pages\/230\/revisions\/389"}],"wp:attachment":[{"href":"https:\/\/cloca-evenementiel.com\/index.php\/wp-json\/wp\/v2\/media?parent=230"}],"curies":[{"name":"wp","href":"https:\/\/api.w.org\/{rel}","templated":true}]}}