{"id":218,"date":"2025-07-30T09:52:13","date_gmt":"2025-07-30T09:52:13","guid":{"rendered":"https:\/\/cloca-evenementiel.com\/?page_id=218"},"modified":"2026-02-25T16:54:00","modified_gmt":"2026-02-25T16:54:00","slug":"plateaux-repas","status":"publish","type":"page","link":"https:\/\/cloca-evenementiel.com\/index.php\/plateaux-repas\/","title":{"rendered":"Plateaux repas"},"content":{"rendered":"\t\t<div data-elementor-type=\"wp-page\" data-elementor-id=\"218\" class=\"elementor elementor-218\">\n\t\t\t\t<div class=\"elementor-element elementor-element-32fd629 e-flex e-con-boxed e-con e-parent\" data-id=\"32fd629\" data-element_type=\"container\">\n\t\t\t\t\t<div class=\"e-con-inner\">\n\t\t\t\t<div class=\"elementor-element elementor-element-f5ea63b elementor-widget elementor-widget-heading\" data-id=\"f5ea63b\" data-element_type=\"widget\" data-widget_type=\"heading.default\">\n\t\t\t\t\t<h2 class=\"elementor-heading-title elementor-size-default\">Plateaux repas<\/h2>\t\t\t\t<\/div>\n\t\t\t\t<div class=\"elementor-element elementor-element-e1cd044 elementor-widget elementor-widget-image\" data-id=\"e1cd044\" data-element_type=\"widget\" data-widget_type=\"image.default\">\n\t\t\t\t\t\t\t\t\t\t\t\t\t\t\t<img fetchpriority=\"high\" decoding=\"async\" width=\"300\" height=\"225\" src=\"https:\/\/cloca-evenementiel.com\/wp-content\/uploads\/2025\/07\/20250424_103213-300x225.jpg\" class=\"attachment-medium size-medium wp-image-223\" alt=\"Plateaux repas traiteur Lisieux\" srcset=\"https:\/\/cloca-evenementiel.com\/wp-content\/uploads\/2025\/07\/20250424_103213-300x225.jpg 300w, https:\/\/cloca-evenementiel.com\/wp-content\/uploads\/2025\/07\/20250424_103213-1024x768.jpg 1024w, https:\/\/cloca-evenementiel.com\/wp-content\/uploads\/2025\/07\/20250424_103213-768x576.jpg 768w, https:\/\/cloca-evenementiel.com\/wp-content\/uploads\/2025\/07\/20250424_103213-1536x1152.jpg 1536w, https:\/\/cloca-evenementiel.com\/wp-content\/uploads\/2025\/07\/20250424_103213-2048x1536.jpg 2048w\" sizes=\"(max-width: 300px) 100vw, 300px\" \/>\t\t\t\t\t\t\t\t\t\t\t\t\t\t\t<\/div>\n\t\t\t\t\t<\/div>\n\t\t\t\t<\/div>\n\t\t<div class=\"elementor-element elementor-element-2eba1fd e-flex e-con-boxed e-con e-parent\" data-id=\"2eba1fd\" data-element_type=\"container\">\n\t\t\t\t\t<div class=\"e-con-inner\">\n\t\t\t\t<div class=\"elementor-element elementor-element-da82331 elementor-widget elementor-widget-text-editor\" data-id=\"da82331\" data-element_type=\"widget\" data-widget_type=\"text-editor.default\">\n\t\t\t\t\t\t\t\t\t<p>Nos plateaux repas s\u2019adaptent \u00e0 tous types d\u2019\u00e9v\u00e9nements, qu\u2019ils soient particuliers ou professionnels, pour les associations, les entreprises, le secteur public ou priv\u00e9.<\/p><p>Les plateaux repas sont une solution pratique et flexible pour faciliter l\u2019organisation de vos \u00e9v\u00e9nements.<\/p><p>Ils peuvent \u00eatre d\u00e9gust\u00e9s partout, m\u00eame dans des lieux insolites : lors d\u2019un rallye automobile, d\u2019une sortie professionnelle en plein air, ou d\u2019un pique-nique d\u2019entreprise, par exemple.<\/p><p>Un vrai gain de temps, et l\u2019avantage de permettre \u00e0 vos convives ou collaborateurs de manger \u00e0 des horaires d\u00e9cal\u00e9s.<\/p><p>Un large choix vous est propos\u00e9, de l\u2019entr\u00e9e au dessert :<\/p><p>\u2022 Composez vous-m\u00eame votre plateau<\/p><p>\u2022 Ou choisissez parmi nos suggestions pr\u00eates \u00e0 servir<\/p><p>Viande, poisson ou version v\u00e9g\u00e9tarienne\u2026 il y en a pour tous les go\u00fbts !<\/p>\t\t\t\t\t\t\t\t<\/div>\n\t\t\t\t<div class=\"elementor-element elementor-element-ce86510 elementor-widget elementor-widget-button\" data-id=\"ce86510\" data-element_type=\"widget\" data-widget_type=\"button.default\">\n\t\t\t\t\t\t\t\t\t\t<a class=\"elementor-button elementor-button-link elementor-size-sm\" href=\"https:\/\/cloca-evenementiel.com\/wp-content\/uploads\/2026\/02\/Plateaux-repas-1.pdf\">\n\t\t\t\t\t\t<span class=\"elementor-button-content-wrapper\">\n\t\t\t\t\t\t\t\t\t<span class=\"elementor-button-text\">T\u00e9l\u00e9charger la carte des plateaux repas<\/span>\n\t\t\t\t\t<\/span>\n\t\t\t\t\t<\/a>\n\t\t\t\t\t\t\t\t<\/div>\n\t\t\t\t\t<\/div>\n\t\t\t\t<\/div>\n\t\t<div class=\"elementor-element elementor-element-e038172 e-flex e-con-boxed e-con e-parent\" data-id=\"e038172\" data-element_type=\"container\">\n\t\t\t\t\t<div class=\"e-con-inner\">\n\t\t\t\t<div class=\"elementor-element elementor-element-a054043 elementor-widget elementor-widget-image\" data-id=\"a054043\" data-element_type=\"widget\" data-widget_type=\"image.default\">\n\t\t\t\t\t\t\t\t\t\t\t\t\t\t\t<img decoding=\"async\" width=\"300\" height=\"225\" src=\"https:\/\/cloca-evenementiel.com\/wp-content\/uploads\/2025\/07\/20231202_112317-300x225.jpg\" class=\"attachment-medium size-medium wp-image-221\" alt=\"\" srcset=\"https:\/\/cloca-evenementiel.com\/wp-content\/uploads\/2025\/07\/20231202_112317-300x225.jpg 300w, https:\/\/cloca-evenementiel.com\/wp-content\/uploads\/2025\/07\/20231202_112317-1024x768.jpg 1024w, https:\/\/cloca-evenementiel.com\/wp-content\/uploads\/2025\/07\/20231202_112317-768x576.jpg 768w, https:\/\/cloca-evenementiel.com\/wp-content\/uploads\/2025\/07\/20231202_112317-1536x1152.jpg 1536w, https:\/\/cloca-evenementiel.com\/wp-content\/uploads\/2025\/07\/20231202_112317-2048x1536.jpg 2048w\" sizes=\"(max-width: 300px) 100vw, 300px\" \/>\t\t\t\t\t\t\t\t\t\t\t\t\t\t\t<\/div>\n\t\t\t\t<div class=\"elementor-element elementor-element-6269e13 elementor-widget elementor-widget-image\" data-id=\"6269e13\" data-element_type=\"widget\" data-widget_type=\"image.default\">\n\t\t\t\t\t\t\t\t\t\t\t\t\t\t\t<img decoding=\"async\" width=\"225\" height=\"300\" src=\"https:\/\/cloca-evenementiel.com\/wp-content\/uploads\/2025\/07\/20250414_095618-225x300.jpg\" class=\"attachment-medium size-medium wp-image-222\" alt=\"\" srcset=\"https:\/\/cloca-evenementiel.com\/wp-content\/uploads\/2025\/07\/20250414_095618-225x300.jpg 225w, https:\/\/cloca-evenementiel.com\/wp-content\/uploads\/2025\/07\/20250414_095618-768x1024.jpg 768w, https:\/\/cloca-evenementiel.com\/wp-content\/uploads\/2025\/07\/20250414_095618-1152x1536.jpg 1152w, https:\/\/cloca-evenementiel.com\/wp-content\/uploads\/2025\/07\/20250414_095618-1536x2048.jpg 1536w, https:\/\/cloca-evenementiel.com\/wp-content\/uploads\/2025\/07\/20250414_095618-scaled.jpg 1920w\" sizes=\"(max-width: 225px) 100vw, 225px\" \/>\t\t\t\t\t\t\t\t\t\t\t\t\t\t\t<\/div>\n\t\t\t\t<div class=\"elementor-element elementor-element-3c67b4c elementor-widget elementor-widget-image\" data-id=\"3c67b4c\" data-element_type=\"widget\" data-widget_type=\"image.default\">\n\t\t\t\t\t\t\t\t\t\t\t\t\t\t\t<img loading=\"lazy\" decoding=\"async\" width=\"300\" height=\"225\" src=\"https:\/\/cloca-evenementiel.com\/wp-content\/uploads\/2025\/07\/20231202_112304-scaled-e1753869424375-300x225.jpg\" class=\"attachment-medium size-medium wp-image-220\" alt=\"\" srcset=\"https:\/\/cloca-evenementiel.com\/wp-content\/uploads\/2025\/07\/20231202_112304-scaled-e1753869424375-300x225.jpg 300w, https:\/\/cloca-evenementiel.com\/wp-content\/uploads\/2025\/07\/20231202_112304-scaled-e1753869424375-1024x768.jpg 1024w, https:\/\/cloca-evenementiel.com\/wp-content\/uploads\/2025\/07\/20231202_112304-scaled-e1753869424375-768x576.jpg 768w, https:\/\/cloca-evenementiel.com\/wp-content\/uploads\/2025\/07\/20231202_112304-scaled-e1753869424375-1536x1152.jpg 1536w, https:\/\/cloca-evenementiel.com\/wp-content\/uploads\/2025\/07\/20231202_112304-scaled-e1753869424375-2048x1536.jpg 2048w\" sizes=\"(max-width: 300px) 100vw, 300px\" \/>\t\t\t\t\t\t\t\t\t\t\t\t\t\t\t<\/div>\n\t\t\t\t\t<\/div>\n\t\t\t\t<\/div>\n\t\t\t\t<\/div>\n\t\t","protected":false},"excerpt":{"rendered":"<p>Plateaux repas Nos plateaux repas s\u2019adaptent \u00e0 tous types d\u2019\u00e9v\u00e9nements, qu\u2019ils soient particuliers ou professionnels, pour les associations, les entreprises, [&hellip;]<\/p>\n","protected":false},"author":1,"featured_media":0,"parent":0,"menu_order":0,"comment_status":"closed","ping_status":"closed","template":"","meta":{"site-sidebar-layout":"no-sidebar","site-content-layout":"","ast-site-content-layout":"full-width-container","site-content-style":"default","site-sidebar-style":"default","ast-global-header-display":"","ast-banner-title-visibility":"","ast-main-header-display":"","ast-hfb-above-header-display":"","ast-hfb-below-header-display":"","ast-hfb-mobile-header-display":"","site-post-title":"disabled","ast-breadcrumbs-content":"","ast-featured-img":"disabled","footer-sml-layout":"","theme-transparent-header-meta":"","adv-header-id-meta":"","stick-header-meta":"","header-above-stick-meta":"","header-main-stick-meta":"","header-below-stick-meta":"","astra-migrate-meta-layouts":"default","ast-page-background-enabled":"default","ast-page-background-meta":{"desktop":{"background-color":"var(--ast-global-color-5)","background-image":"","background-repeat":"repeat","background-position":"center center","background-size":"auto","background-attachment":"scroll","background-type":"","background-media":"","overlay-type":"","overlay-color":"","overlay-opacity":"","overlay-gradient":""},"tablet":{"background-color":"","background-image":"","background-repeat":"repeat","background-position":"center center","background-size":"auto","background-attachment":"scroll","background-type":"","background-media":"","overlay-type":"","overlay-color":"","overlay-opacity":"","overlay-gradient":""},"mobile":{"background-color":"","background-image":"","background-repeat":"repeat","background-position":"center center","background-size":"auto","background-attachment":"scroll","background-type":"","background-media":"","overlay-type":"","overlay-color":"","overlay-opacity":"","overlay-gradient":""}},"ast-content-background-meta":{"desktop":{"background-color":"var(--ast-global-color-4)","background-image":"","background-repeat":"repeat","background-position":"center center","background-size":"auto","background-attachment":"scroll","background-type":"","background-media":"","overlay-type":"","overlay-color":"","overlay-opacity":"","overlay-gradient":""},"tablet":{"background-color":"var(--ast-global-color-4)","background-image":"","background-repeat":"repeat","background-position":"center center","background-size":"auto","background-attachment":"scroll","background-type":"","background-media":"","overlay-type":"","overlay-color":"","overlay-opacity":"","overlay-gradient":""},"mobile":{"background-color":"var(--ast-global-color-4)","background-image":"","background-repeat":"repeat","background-position":"center center","background-size":"auto","background-attachment":"scroll","background-type":"","background-media":"","overlay-type":"","overlay-color":"","overlay-opacity":"","overlay-gradient":""}},"footnotes":""},"class_list":["post-218","page","type-page","status-publish","hentry"],"_links":{"self":[{"href":"https:\/\/cloca-evenementiel.com\/index.php\/wp-json\/wp\/v2\/pages\/218","targetHints":{"allow":["GET"]}}],"collection":[{"href":"https:\/\/cloca-evenementiel.com\/index.php\/wp-json\/wp\/v2\/pages"}],"about":[{"href":"https:\/\/cloca-evenementiel.com\/index.php\/wp-json\/wp\/v2\/types\/page"}],"author":[{"embeddable":true,"href":"https:\/\/cloca-evenementiel.com\/index.php\/wp-json\/wp\/v2\/users\/1"}],"replies":[{"embeddable":true,"href":"https:\/\/cloca-evenementiel.com\/index.php\/wp-json\/wp\/v2\/comments?post=218"}],"version-history":[{"count":7,"href":"https:\/\/cloca-evenementiel.com\/index.php\/wp-json\/wp\/v2\/pages\/218\/revisions"}],"predecessor-version":[{"id":376,"href":"https:\/\/cloca-evenementiel.com\/index.php\/wp-json\/wp\/v2\/pages\/218\/revisions\/376"}],"wp:attachment":[{"href":"https:\/\/cloca-evenementiel.com\/index.php\/wp-json\/wp\/v2\/media?parent=218"}],"curies":[{"name":"wp","href":"https:\/\/api.w.org\/{rel}","templated":true}]}}