{"id":194,"date":"2025-07-30T09:11:55","date_gmt":"2025-07-30T09:11:55","guid":{"rendered":"https:\/\/cloca-evenementiel.com\/?page_id=194"},"modified":"2026-02-25T16:39:54","modified_gmt":"2026-02-25T16:39:54","slug":"buffet-froid-2","status":"publish","type":"page","link":"https:\/\/cloca-evenementiel.com\/index.php\/buffet-froid-2\/","title":{"rendered":"Buffet froid"},"content":{"rendered":"\t\t<div data-elementor-type=\"wp-page\" data-elementor-id=\"194\" class=\"elementor elementor-194\">\n\t\t\t\t<div class=\"elementor-element elementor-element-743673c e-flex e-con-boxed e-con e-parent\" data-id=\"743673c\" data-element_type=\"container\">\n\t\t\t\t\t<div class=\"e-con-inner\">\n\t\t\t\t<div class=\"elementor-element elementor-element-3990a28 elementor-widget elementor-widget-heading\" data-id=\"3990a28\" data-element_type=\"widget\" data-widget_type=\"heading.default\">\n\t\t\t\t\t<h2 class=\"elementor-heading-title elementor-size-default\">Buffet froid<\/h2>\t\t\t\t<\/div>\n\t\t\t\t\t<\/div>\n\t\t\t\t<\/div>\n\t\t<div class=\"elementor-element elementor-element-caa21d9 e-flex e-con-boxed e-con e-parent\" data-id=\"caa21d9\" data-element_type=\"container\">\n\t\t\t\t\t<div class=\"e-con-inner\">\n\t\t\t\t<div class=\"elementor-element elementor-element-fba12a6 elementor-widget elementor-widget-image\" data-id=\"fba12a6\" data-element_type=\"widget\" data-widget_type=\"image.default\">\n\t\t\t\t\t\t\t\t\t\t\t\t\t\t\t<img fetchpriority=\"high\" decoding=\"async\" width=\"300\" height=\"300\" src=\"https:\/\/cloca-evenementiel.com\/wp-content\/uploads\/2025\/07\/20230527_073128_resized-300x300.jpg\" class=\"attachment-medium size-medium wp-image-203\" alt=\"\" srcset=\"https:\/\/cloca-evenementiel.com\/wp-content\/uploads\/2025\/07\/20230527_073128_resized-300x300.jpg 300w, https:\/\/cloca-evenementiel.com\/wp-content\/uploads\/2025\/07\/20230527_073128_resized-1024x1024.jpg 1024w, https:\/\/cloca-evenementiel.com\/wp-content\/uploads\/2025\/07\/20230527_073128_resized-150x150.jpg 150w, https:\/\/cloca-evenementiel.com\/wp-content\/uploads\/2025\/07\/20230527_073128_resized-768x768.jpg 768w, https:\/\/cloca-evenementiel.com\/wp-content\/uploads\/2025\/07\/20230527_073128_resized.jpg 1512w\" sizes=\"(max-width: 300px) 100vw, 300px\" \/>\t\t\t\t\t\t\t\t\t\t\t\t\t\t\t<\/div>\n\t\t\t\t<div class=\"elementor-element elementor-element-6df7601 elementor-widget elementor-widget-text-editor\" data-id=\"6df7601\" data-element_type=\"widget\" data-widget_type=\"text-editor.default\">\n\t\t\t\t\t\t\t\t\t<p>Nos buffets froids s\u2019adaptent \u00e0 tous types d\u2019\u00e9v\u00e9nements, qu\u2019ils soient petits ou grands, priv\u00e9s, publics ou professionnels, \u00e0 partir de 25 convives.<\/p><p>Plusieurs formules vous sont propos\u00e9es :<\/p><p>\u2022 Des buffets complets, de l\u2019entr\u00e9e au fromage, \u00e0 diff\u00e9rents tarifs<\/p><p>\u2022 Ou la possibilit\u00e9 de composer vous-m\u00eame votre buffet froid gr\u00e2ce \u00e0 un large choix de produits disponibles sur notre carte.<\/p>\t\t\t\t\t\t\t\t<\/div>\n\t\t\t\t<div class=\"elementor-element elementor-element-40c570b elementor-widget elementor-widget-button\" data-id=\"40c570b\" data-element_type=\"widget\" data-widget_type=\"button.default\">\n\t\t\t\t\t\t\t\t\t\t<a class=\"elementor-button elementor-button-link elementor-size-sm\" href=\"https:\/\/cloca-evenementiel.com\/wp-content\/uploads\/2025\/07\/Buffet-froid-.pdf\">\n\t\t\t\t\t\t<span class=\"elementor-button-content-wrapper\">\n\t\t\t\t\t\t\t\t\t<span class=\"elementor-button-text\">T\u00e9l\u00e9charger la carte des buffets froids<\/span>\n\t\t\t\t\t<\/span>\n\t\t\t\t\t<\/a>\n\t\t\t\t\t\t\t\t<\/div>\n\t\t\t\t\t<\/div>\n\t\t\t\t<\/div>\n\t\t<div class=\"elementor-element elementor-element-c624b9f e-flex e-con-boxed e-con e-parent\" data-id=\"c624b9f\" data-element_type=\"container\">\n\t\t\t\t\t<div class=\"e-con-inner\">\n\t\t\t\t<div class=\"elementor-element elementor-element-5130b80 elementor-widget elementor-widget-button\" data-id=\"5130b80\" data-element_type=\"widget\" data-widget_type=\"button.default\">\n\t\t\t\t\t\t\t\t\t\t<a class=\"elementor-button elementor-button-link elementor-size-sm\" href=\"https:\/\/cloca-evenementiel.com\/wp-content\/uploads\/2025\/07\/Off-depliant-buffet-froids.pdf\">\n\t\t\t\t\t\t<span class=\"elementor-button-content-wrapper\">\n\t\t\t\t\t\t\t\t\t<span class=\"elementor-button-text\">T\u00e9l\u00e9charger le d\u00e9pliant<\/span>\n\t\t\t\t\t<\/span>\n\t\t\t\t\t<\/a>\n\t\t\t\t\t\t\t\t<\/div>\n\t\t\t\t\t<\/div>\n\t\t\t\t<\/div>\n\t\t<div class=\"elementor-element elementor-element-345453e e-flex e-con-boxed e-con e-parent\" data-id=\"345453e\" data-element_type=\"container\">\n\t\t\t\t\t<div class=\"e-con-inner\">\n\t\t\t\t<div class=\"elementor-element elementor-element-1c4c3b7 elementor-widget elementor-widget-image\" data-id=\"1c4c3b7\" data-element_type=\"widget\" data-widget_type=\"image.default\">\n\t\t\t\t\t\t\t\t\t\t\t\t\t\t\t<img decoding=\"async\" width=\"300\" height=\"300\" src=\"https:\/\/cloca-evenementiel.com\/wp-content\/uploads\/2025\/07\/20230527_081604_resized-300x300.jpg\" class=\"attachment-medium size-medium wp-image-204\" alt=\"\" srcset=\"https:\/\/cloca-evenementiel.com\/wp-content\/uploads\/2025\/07\/20230527_081604_resized-300x300.jpg 300w, https:\/\/cloca-evenementiel.com\/wp-content\/uploads\/2025\/07\/20230527_081604_resized-1024x1024.jpg 1024w, https:\/\/cloca-evenementiel.com\/wp-content\/uploads\/2025\/07\/20230527_081604_resized-150x150.jpg 150w, https:\/\/cloca-evenementiel.com\/wp-content\/uploads\/2025\/07\/20230527_081604_resized-768x768.jpg 768w, https:\/\/cloca-evenementiel.com\/wp-content\/uploads\/2025\/07\/20230527_081604_resized.jpg 1512w\" sizes=\"(max-width: 300px) 100vw, 300px\" \/>\t\t\t\t\t\t\t\t\t\t\t\t\t\t\t<\/div>\n\t\t\t\t<div class=\"elementor-element elementor-element-d8e7092 elementor-widget elementor-widget-image\" data-id=\"d8e7092\" data-element_type=\"widget\" data-widget_type=\"image.default\">\n\t\t\t\t\t\t\t\t\t\t\t\t\t\t\t<img decoding=\"async\" width=\"300\" height=\"300\" src=\"https:\/\/cloca-evenementiel.com\/wp-content\/uploads\/2025\/07\/20230526_170740_resized-300x300.jpg\" class=\"attachment-medium size-medium wp-image-202\" alt=\"\" srcset=\"https:\/\/cloca-evenementiel.com\/wp-content\/uploads\/2025\/07\/20230526_170740_resized-300x300.jpg 300w, https:\/\/cloca-evenementiel.com\/wp-content\/uploads\/2025\/07\/20230526_170740_resized-1024x1024.jpg 1024w, https:\/\/cloca-evenementiel.com\/wp-content\/uploads\/2025\/07\/20230526_170740_resized-150x150.jpg 150w, https:\/\/cloca-evenementiel.com\/wp-content\/uploads\/2025\/07\/20230526_170740_resized-768x768.jpg 768w, https:\/\/cloca-evenementiel.com\/wp-content\/uploads\/2025\/07\/20230526_170740_resized.jpg 1512w\" sizes=\"(max-width: 300px) 100vw, 300px\" \/>\t\t\t\t\t\t\t\t\t\t\t\t\t\t\t<\/div>\n\t\t\t\t<div class=\"elementor-element elementor-element-d41b1db elementor-widget elementor-widget-image\" data-id=\"d41b1db\" data-element_type=\"widget\" data-widget_type=\"image.default\">\n\t\t\t\t\t\t\t\t\t\t\t\t\t\t\t<img loading=\"lazy\" decoding=\"async\" width=\"300\" height=\"225\" src=\"https:\/\/cloca-evenementiel.com\/wp-content\/uploads\/2025\/07\/20250614_062251_resized-300x225.jpg\" class=\"attachment-medium size-medium wp-image-212\" alt=\"\" srcset=\"https:\/\/cloca-evenementiel.com\/wp-content\/uploads\/2025\/07\/20250614_062251_resized-300x225.jpg 300w, https:\/\/cloca-evenementiel.com\/wp-content\/uploads\/2025\/07\/20250614_062251_resized-1024x768.jpg 1024w, https:\/\/cloca-evenementiel.com\/wp-content\/uploads\/2025\/07\/20250614_062251_resized-768x576.jpg 768w, https:\/\/cloca-evenementiel.com\/wp-content\/uploads\/2025\/07\/20250614_062251_resized-1536x1152.jpg 1536w, https:\/\/cloca-evenementiel.com\/wp-content\/uploads\/2025\/07\/20250614_062251_resized.jpg 2016w\" sizes=\"(max-width: 300px) 100vw, 300px\" \/>\t\t\t\t\t\t\t\t\t\t\t\t\t\t\t<\/div>\n\t\t\t\t<div class=\"elementor-element elementor-element-2f6e4b1 elementor-widget elementor-widget-image\" data-id=\"2f6e4b1\" data-element_type=\"widget\" data-widget_type=\"image.default\">\n\t\t\t\t\t\t\t\t\t\t\t\t\t\t\t<img loading=\"lazy\" decoding=\"async\" width=\"300\" height=\"225\" src=\"https:\/\/cloca-evenementiel.com\/wp-content\/uploads\/2025\/07\/20240720_061804_resized-300x225.jpg\" class=\"attachment-medium size-medium wp-image-206\" alt=\"\" srcset=\"https:\/\/cloca-evenementiel.com\/wp-content\/uploads\/2025\/07\/20240720_061804_resized-300x225.jpg 300w, https:\/\/cloca-evenementiel.com\/wp-content\/uploads\/2025\/07\/20240720_061804_resized-1024x768.jpg 1024w, https:\/\/cloca-evenementiel.com\/wp-content\/uploads\/2025\/07\/20240720_061804_resized-768x576.jpg 768w, https:\/\/cloca-evenementiel.com\/wp-content\/uploads\/2025\/07\/20240720_061804_resized-1536x1152.jpg 1536w, https:\/\/cloca-evenementiel.com\/wp-content\/uploads\/2025\/07\/20240720_061804_resized.jpg 2016w\" sizes=\"(max-width: 300px) 100vw, 300px\" \/>\t\t\t\t\t\t\t\t\t\t\t\t\t\t\t<\/div>\n\t\t\t\t\t<\/div>\n\t\t\t\t<\/div>\n\t\t<div class=\"elementor-element elementor-element-430fde0 e-flex e-con-boxed e-con e-parent\" data-id=\"430fde0\" data-element_type=\"container\">\n\t\t\t\t\t<div class=\"e-con-inner\">\n\t\t\t\t<div class=\"elementor-element elementor-element-c514941 elementor-widget elementor-widget-image\" data-id=\"c514941\" data-element_type=\"widget\" data-widget_type=\"image.default\">\n\t\t\t\t\t\t\t\t\t\t\t\t\t\t\t<img loading=\"lazy\" decoding=\"async\" width=\"300\" height=\"300\" src=\"https:\/\/cloca-evenementiel.com\/wp-content\/uploads\/2025\/07\/20230527_091203_resized-300x300.jpg\" class=\"attachment-medium size-medium wp-image-205\" alt=\"\" srcset=\"https:\/\/cloca-evenementiel.com\/wp-content\/uploads\/2025\/07\/20230527_091203_resized-300x300.jpg 300w, https:\/\/cloca-evenementiel.com\/wp-content\/uploads\/2025\/07\/20230527_091203_resized-1024x1024.jpg 1024w, https:\/\/cloca-evenementiel.com\/wp-content\/uploads\/2025\/07\/20230527_091203_resized-150x150.jpg 150w, https:\/\/cloca-evenementiel.com\/wp-content\/uploads\/2025\/07\/20230527_091203_resized-768x768.jpg 768w, https:\/\/cloca-evenementiel.com\/wp-content\/uploads\/2025\/07\/20230527_091203_resized.jpg 1512w\" sizes=\"(max-width: 300px) 100vw, 300px\" \/>\t\t\t\t\t\t\t\t\t\t\t\t\t\t\t<\/div>\n\t\t\t\t<div class=\"elementor-element elementor-element-a39a66d elementor-widget elementor-widget-image\" data-id=\"a39a66d\" data-element_type=\"widget\" data-widget_type=\"image.default\">\n\t\t\t\t\t\t\t\t\t\t\t\t\t\t\t<img loading=\"lazy\" decoding=\"async\" width=\"300\" height=\"225\" src=\"https:\/\/cloca-evenementiel.com\/wp-content\/uploads\/2025\/07\/20250524_135114_resized-300x225.jpg\" class=\"attachment-medium size-medium wp-image-210\" alt=\"\" srcset=\"https:\/\/cloca-evenementiel.com\/wp-content\/uploads\/2025\/07\/20250524_135114_resized-300x225.jpg 300w, https:\/\/cloca-evenementiel.com\/wp-content\/uploads\/2025\/07\/20250524_135114_resized-1024x768.jpg 1024w, https:\/\/cloca-evenementiel.com\/wp-content\/uploads\/2025\/07\/20250524_135114_resized-768x576.jpg 768w, https:\/\/cloca-evenementiel.com\/wp-content\/uploads\/2025\/07\/20250524_135114_resized-1536x1152.jpg 1536w, https:\/\/cloca-evenementiel.com\/wp-content\/uploads\/2025\/07\/20250524_135114_resized.jpg 2016w\" sizes=\"(max-width: 300px) 100vw, 300px\" \/>\t\t\t\t\t\t\t\t\t\t\t\t\t\t\t<\/div>\n\t\t\t\t<div class=\"elementor-element elementor-element-90785a1 elementor-widget elementor-widget-image\" data-id=\"90785a1\" data-element_type=\"widget\" data-widget_type=\"image.default\">\n\t\t\t\t\t\t\t\t\t\t\t\t\t\t\t<img loading=\"lazy\" decoding=\"async\" width=\"300\" height=\"225\" src=\"https:\/\/cloca-evenementiel.com\/wp-content\/uploads\/2025\/07\/20250614_055122_resized-300x225.jpg\" class=\"attachment-medium size-medium wp-image-211\" alt=\"\" srcset=\"https:\/\/cloca-evenementiel.com\/wp-content\/uploads\/2025\/07\/20250614_055122_resized-300x225.jpg 300w, https:\/\/cloca-evenementiel.com\/wp-content\/uploads\/2025\/07\/20250614_055122_resized-1024x768.jpg 1024w, https:\/\/cloca-evenementiel.com\/wp-content\/uploads\/2025\/07\/20250614_055122_resized-768x576.jpg 768w, https:\/\/cloca-evenementiel.com\/wp-content\/uploads\/2025\/07\/20250614_055122_resized-1536x1152.jpg 1536w, https:\/\/cloca-evenementiel.com\/wp-content\/uploads\/2025\/07\/20250614_055122_resized.jpg 2016w\" sizes=\"(max-width: 300px) 100vw, 300px\" \/>\t\t\t\t\t\t\t\t\t\t\t\t\t\t\t<\/div>\n\t\t\t\t<div class=\"elementor-element elementor-element-cde5655 elementor-widget elementor-widget-image\" data-id=\"cde5655\" data-element_type=\"widget\" data-widget_type=\"image.default\">\n\t\t\t\t\t\t\t\t\t\t\t\t\t\t\t<img loading=\"lazy\" decoding=\"async\" width=\"300\" height=\"225\" src=\"https:\/\/cloca-evenementiel.com\/wp-content\/uploads\/2025\/07\/20250714_092209_resized-300x225.jpg\" class=\"attachment-medium size-medium wp-image-214\" alt=\"\" srcset=\"https:\/\/cloca-evenementiel.com\/wp-content\/uploads\/2025\/07\/20250714_092209_resized-300x225.jpg 300w, https:\/\/cloca-evenementiel.com\/wp-content\/uploads\/2025\/07\/20250714_092209_resized-1024x768.jpg 1024w, https:\/\/cloca-evenementiel.com\/wp-content\/uploads\/2025\/07\/20250714_092209_resized-768x576.jpg 768w, https:\/\/cloca-evenementiel.com\/wp-content\/uploads\/2025\/07\/20250714_092209_resized-1536x1152.jpg 1536w, https:\/\/cloca-evenementiel.com\/wp-content\/uploads\/2025\/07\/20250714_092209_resized.jpg 2016w\" sizes=\"(max-width: 300px) 100vw, 300px\" \/>\t\t\t\t\t\t\t\t\t\t\t\t\t\t\t<\/div>\n\t\t\t\t<div class=\"elementor-element elementor-element-fb9fd13 elementor-widget elementor-widget-image\" data-id=\"fb9fd13\" data-element_type=\"widget\" data-widget_type=\"image.default\">\n\t\t\t\t\t\t\t\t\t\t\t\t\t\t\t<img loading=\"lazy\" decoding=\"async\" width=\"300\" height=\"225\" src=\"https:\/\/cloca-evenementiel.com\/wp-content\/uploads\/2025\/07\/20250714_092204_resized-300x225.jpg\" class=\"attachment-medium size-medium wp-image-213\" alt=\"\" srcset=\"https:\/\/cloca-evenementiel.com\/wp-content\/uploads\/2025\/07\/20250714_092204_resized-300x225.jpg 300w, https:\/\/cloca-evenementiel.com\/wp-content\/uploads\/2025\/07\/20250714_092204_resized-1024x768.jpg 1024w, https:\/\/cloca-evenementiel.com\/wp-content\/uploads\/2025\/07\/20250714_092204_resized-768x576.jpg 768w, https:\/\/cloca-evenementiel.com\/wp-content\/uploads\/2025\/07\/20250714_092204_resized-1536x1152.jpg 1536w, https:\/\/cloca-evenementiel.com\/wp-content\/uploads\/2025\/07\/20250714_092204_resized.jpg 2016w\" sizes=\"(max-width: 300px) 100vw, 300px\" \/>\t\t\t\t\t\t\t\t\t\t\t\t\t\t\t<\/div>\n\t\t\t\t<div class=\"elementor-element elementor-element-4b64b2d elementor-widget elementor-widget-image\" data-id=\"4b64b2d\" data-element_type=\"widget\" data-widget_type=\"image.default\">\n\t\t\t\t\t\t\t\t\t\t\t\t\t\t\t<img loading=\"lazy\" decoding=\"async\" width=\"300\" height=\"225\" src=\"https:\/\/cloca-evenementiel.com\/wp-content\/uploads\/2025\/07\/20250503_212245_resized-300x225.jpg\" class=\"attachment-medium size-medium wp-image-209\" alt=\"\" srcset=\"https:\/\/cloca-evenementiel.com\/wp-content\/uploads\/2025\/07\/20250503_212245_resized-300x225.jpg 300w, https:\/\/cloca-evenementiel.com\/wp-content\/uploads\/2025\/07\/20250503_212245_resized-1024x768.jpg 1024w, https:\/\/cloca-evenementiel.com\/wp-content\/uploads\/2025\/07\/20250503_212245_resized-768x576.jpg 768w, https:\/\/cloca-evenementiel.com\/wp-content\/uploads\/2025\/07\/20250503_212245_resized-1536x1152.jpg 1536w, https:\/\/cloca-evenementiel.com\/wp-content\/uploads\/2025\/07\/20250503_212245_resized.jpg 2016w\" sizes=\"(max-width: 300px) 100vw, 300px\" \/>\t\t\t\t\t\t\t\t\t\t\t\t\t\t\t<\/div>\n\t\t\t\t<div class=\"elementor-element elementor-element-5c4ee73 elementor-widget elementor-widget-image\" data-id=\"5c4ee73\" data-element_type=\"widget\" data-widget_type=\"image.default\">\n\t\t\t\t\t\t\t\t\t\t\t\t\t\t\t<img loading=\"lazy\" decoding=\"async\" width=\"300\" height=\"225\" src=\"https:\/\/cloca-evenementiel.com\/wp-content\/uploads\/2025\/07\/20250503_212237_resized-300x225.jpg\" class=\"attachment-medium size-medium wp-image-208\" alt=\"\" srcset=\"https:\/\/cloca-evenementiel.com\/wp-content\/uploads\/2025\/07\/20250503_212237_resized-300x225.jpg 300w, https:\/\/cloca-evenementiel.com\/wp-content\/uploads\/2025\/07\/20250503_212237_resized-1024x768.jpg 1024w, https:\/\/cloca-evenementiel.com\/wp-content\/uploads\/2025\/07\/20250503_212237_resized-768x576.jpg 768w, https:\/\/cloca-evenementiel.com\/wp-content\/uploads\/2025\/07\/20250503_212237_resized-1536x1152.jpg 1536w, https:\/\/cloca-evenementiel.com\/wp-content\/uploads\/2025\/07\/20250503_212237_resized.jpg 2016w\" sizes=\"(max-width: 300px) 100vw, 300px\" \/>\t\t\t\t\t\t\t\t\t\t\t\t\t\t\t<\/div>\n\t\t\t\t<div class=\"elementor-element elementor-element-0adcf01 elementor-widget elementor-widget-image\" data-id=\"0adcf01\" data-element_type=\"widget\" data-widget_type=\"image.default\">\n\t\t\t\t\t\t\t\t\t\t\t\t\t\t\t<img loading=\"lazy\" decoding=\"async\" width=\"300\" height=\"225\" src=\"https:\/\/cloca-evenementiel.com\/wp-content\/uploads\/2025\/07\/20240824_203444_resized-300x225.jpg\" class=\"attachment-medium size-medium wp-image-207\" alt=\"\" srcset=\"https:\/\/cloca-evenementiel.com\/wp-content\/uploads\/2025\/07\/20240824_203444_resized-300x225.jpg 300w, https:\/\/cloca-evenementiel.com\/wp-content\/uploads\/2025\/07\/20240824_203444_resized-1024x768.jpg 1024w, https:\/\/cloca-evenementiel.com\/wp-content\/uploads\/2025\/07\/20240824_203444_resized-768x576.jpg 768w, https:\/\/cloca-evenementiel.com\/wp-content\/uploads\/2025\/07\/20240824_203444_resized-1536x1152.jpg 1536w, https:\/\/cloca-evenementiel.com\/wp-content\/uploads\/2025\/07\/20240824_203444_resized.jpg 2016w\" sizes=\"(max-width: 300px) 100vw, 300px\" \/>\t\t\t\t\t\t\t\t\t\t\t\t\t\t\t<\/div>\n\t\t\t\t\t<\/div>\n\t\t\t\t<\/div>\n\t\t\t\t<\/div>\n\t\t","protected":false},"excerpt":{"rendered":"<p>Buffet froid Nos buffets froids s\u2019adaptent \u00e0 tous types d\u2019\u00e9v\u00e9nements, qu\u2019ils soient petits ou grands, priv\u00e9s, publics ou professionnels, \u00e0 [&hellip;]<\/p>\n","protected":false},"author":1,"featured_media":0,"parent":0,"menu_order":0,"comment_status":"closed","ping_status":"closed","template":"","meta":{"site-sidebar-layout":"no-sidebar","site-content-layout":"","ast-site-content-layout":"full-width-container","site-content-style":"default","site-sidebar-style":"default","ast-global-header-display":"","ast-banner-title-visibility":"","ast-main-header-display":"","ast-hfb-above-header-display":"","ast-hfb-below-header-display":"","ast-hfb-mobile-header-display":"","site-post-title":"disabled","ast-breadcrumbs-content":"","ast-featured-img":"disabled","footer-sml-layout":"","theme-transparent-header-meta":"","adv-header-id-meta":"","stick-header-meta":"","header-above-stick-meta":"","header-main-stick-meta":"","header-below-stick-meta":"","astra-migrate-meta-layouts":"default","ast-page-background-enabled":"default","ast-page-background-meta":{"desktop":{"background-color":"var(--ast-global-color-5)","background-image":"","background-repeat":"repeat","background-position":"center center","background-size":"auto","background-attachment":"scroll","background-type":"","background-media":"","overlay-type":"","overlay-color":"","overlay-opacity":"","overlay-gradient":""},"tablet":{"background-color":"","background-image":"","background-repeat":"repeat","background-position":"center center","background-size":"auto","background-attachment":"scroll","background-type":"","background-media":"","overlay-type":"","overlay-color":"","overlay-opacity":"","overlay-gradient":""},"mobile":{"background-color":"","background-image":"","background-repeat":"repeat","background-position":"center center","background-size":"auto","background-attachment":"scroll","background-type":"","background-media":"","overlay-type":"","overlay-color":"","overlay-opacity":"","overlay-gradient":""}},"ast-content-background-meta":{"desktop":{"background-color":"var(--ast-global-color-4)","background-image":"","background-repeat":"repeat","background-position":"center center","background-size":"auto","background-attachment":"scroll","background-type":"","background-media":"","overlay-type":"","overlay-color":"","overlay-opacity":"","overlay-gradient":""},"tablet":{"background-color":"var(--ast-global-color-4)","background-image":"","background-repeat":"repeat","background-position":"center center","background-size":"auto","background-attachment":"scroll","background-type":"","background-media":"","overlay-type":"","overlay-color":"","overlay-opacity":"","overlay-gradient":""},"mobile":{"background-color":"var(--ast-global-color-4)","background-image":"","background-repeat":"repeat","background-position":"center center","background-size":"auto","background-attachment":"scroll","background-type":"","background-media":"","overlay-type":"","overlay-color":"","overlay-opacity":"","overlay-gradient":""}},"footnotes":""},"class_list":["post-194","page","type-page","status-publish","hentry"],"_links":{"self":[{"href":"https:\/\/cloca-evenementiel.com\/index.php\/wp-json\/wp\/v2\/pages\/194","targetHints":{"allow":["GET"]}}],"collection":[{"href":"https:\/\/cloca-evenementiel.com\/index.php\/wp-json\/wp\/v2\/pages"}],"about":[{"href":"https:\/\/cloca-evenementiel.com\/index.php\/wp-json\/wp\/v2\/types\/page"}],"author":[{"embeddable":true,"href":"https:\/\/cloca-evenementiel.com\/index.php\/wp-json\/wp\/v2\/users\/1"}],"replies":[{"embeddable":true,"href":"https:\/\/cloca-evenementiel.com\/index.php\/wp-json\/wp\/v2\/comments?post=194"}],"version-history":[{"count":10,"href":"https:\/\/cloca-evenementiel.com\/index.php\/wp-json\/wp\/v2\/pages\/194\/revisions"}],"predecessor-version":[{"id":362,"href":"https:\/\/cloca-evenementiel.com\/index.php\/wp-json\/wp\/v2\/pages\/194\/revisions\/362"}],"wp:attachment":[{"href":"https:\/\/cloca-evenementiel.com\/index.php\/wp-json\/wp\/v2\/media?parent=194"}],"curies":[{"name":"wp","href":"https:\/\/api.w.org\/{rel}","templated":true}]}}