{"id":152,"date":"2025-07-23T10:14:16","date_gmt":"2025-07-23T10:14:16","guid":{"rendered":"http:\/\/cloca-evenementiel.com\/?page_id=152"},"modified":"2025-07-23T10:21:58","modified_gmt":"2025-07-23T10:21:58","slug":"elementor-152","status":"publish","type":"page","link":"https:\/\/cloca-evenementiel.com\/index.php\/elementor-152\/","title":{"rendered":"Mes locations"},"content":{"rendered":"\t\t<div data-elementor-type=\"wp-page\" data-elementor-id=\"152\" class=\"elementor elementor-152\">\n\t\t\t\t<div class=\"elementor-element elementor-element-138284f e-flex e-con-boxed e-con e-parent\" data-id=\"138284f\" data-element_type=\"container\">\n\t\t\t\t\t<div class=\"e-con-inner\">\n\t\t\t\t<div class=\"elementor-element elementor-element-cb825b1 elementor-widget elementor-widget-heading\" data-id=\"cb825b1\" data-element_type=\"widget\" data-widget_type=\"heading.default\">\n\t\t\t\t\t<h2 class=\"elementor-heading-title elementor-size-default\">Mes locations<\/h2>\t\t\t\t<\/div>\n\t\t\t\t<div class=\"elementor-element elementor-element-5fffd36 elementor-widget elementor-widget-image\" data-id=\"5fffd36\" data-element_type=\"widget\" data-widget_type=\"image.default\">\n\t\t\t\t\t\t\t\t\t\t\t\t\t\t\t<img fetchpriority=\"high\" decoding=\"async\" width=\"300\" height=\"300\" src=\"https:\/\/cloca-evenementiel.com\/wp-content\/uploads\/2025\/07\/IMG_0881-300x300.jpeg\" class=\"attachment-medium size-medium wp-image-155\" alt=\"\" srcset=\"https:\/\/cloca-evenementiel.com\/wp-content\/uploads\/2025\/07\/IMG_0881-300x300.jpeg 300w, https:\/\/cloca-evenementiel.com\/wp-content\/uploads\/2025\/07\/IMG_0881-1024x1024.jpeg 1024w, https:\/\/cloca-evenementiel.com\/wp-content\/uploads\/2025\/07\/IMG_0881-150x150.jpeg 150w, https:\/\/cloca-evenementiel.com\/wp-content\/uploads\/2025\/07\/IMG_0881-768x768.jpeg 768w, https:\/\/cloca-evenementiel.com\/wp-content\/uploads\/2025\/07\/IMG_0881-1536x1536.jpeg 1536w, https:\/\/cloca-evenementiel.com\/wp-content\/uploads\/2025\/07\/IMG_0881.jpeg 2048w\" sizes=\"(max-width: 300px) 100vw, 300px\" \/>\t\t\t\t\t\t\t\t\t\t\t\t\t\t\t<\/div>\n\t\t\t\t<div class=\"elementor-element elementor-element-03f4e41 elementor-widget elementor-widget-text-editor\" data-id=\"03f4e41\" data-element_type=\"widget\" data-widget_type=\"text-editor.default\">\n\t\t\t\t\t\t\t\t\t<p>Location machine \u00e0 barbe \u00e0 papa<\/p><p>Caract\u00e9ristiques :\u00a0<\/p><p>Tension : 230 V<\/p><p>Puissance : 1 050W<\/p><p>Dimensions : 52 x 52 x 41,5 cm<\/p><p>Production : 1 barbe \u00e0 papa \/ 30 secondes ( 75g )<\/p><p>Tarifs :\u00a0<\/p><p>Pack : 1 machine \u00e0 barbe \u00e0 papa, 1kg de sucre, 50 b\u00e2tons 50\u20ac le week-end<\/p><p>10\u20ac le kilo de sucre suppl\u00e9mentaire<\/p><p>Caution : 300\u20ac ( non d\u00e9bit\u00e9e )<\/p>\t\t\t\t\t\t\t\t<\/div>\n\t\t\t\t\t<\/div>\n\t\t\t\t<\/div>\n\t\t<div class=\"elementor-element elementor-element-bfab597 e-flex e-con-boxed e-con e-parent\" data-id=\"bfab597\" data-element_type=\"container\">\n\t\t\t\t\t<div class=\"e-con-inner\">\n\t\t\t\t<div class=\"elementor-element elementor-element-6a1c97c elementor-widget elementor-widget-image\" data-id=\"6a1c97c\" data-element_type=\"widget\" data-widget_type=\"image.default\">\n\t\t\t\t\t\t\t\t\t\t\t\t\t\t\t<img decoding=\"async\" width=\"300\" height=\"300\" src=\"https:\/\/cloca-evenementiel.com\/wp-content\/uploads\/2025\/07\/IMG_0883-300x300.jpeg\" class=\"attachment-medium size-medium wp-image-156\" alt=\"Location mat\u00e9riel \u00e9v\u00e9nementiel Pont-l&#039;Ev\u00eaque\" srcset=\"https:\/\/cloca-evenementiel.com\/wp-content\/uploads\/2025\/07\/IMG_0883-300x300.jpeg 300w, https:\/\/cloca-evenementiel.com\/wp-content\/uploads\/2025\/07\/IMG_0883-1024x1024.jpeg 1024w, https:\/\/cloca-evenementiel.com\/wp-content\/uploads\/2025\/07\/IMG_0883-150x150.jpeg 150w, https:\/\/cloca-evenementiel.com\/wp-content\/uploads\/2025\/07\/IMG_0883-768x768.jpeg 768w, https:\/\/cloca-evenementiel.com\/wp-content\/uploads\/2025\/07\/IMG_0883-1536x1536.jpeg 1536w, https:\/\/cloca-evenementiel.com\/wp-content\/uploads\/2025\/07\/IMG_0883.jpeg 2048w\" sizes=\"(max-width: 300px) 100vw, 300px\" \/>\t\t\t\t\t\t\t\t\t\t\t\t\t\t\t<\/div>\n\t\t\t\t\t<\/div>\n\t\t\t\t<\/div>\n\t\t<div class=\"elementor-element elementor-element-b6b959d e-flex e-con-boxed e-con e-parent\" data-id=\"b6b959d\" data-element_type=\"container\">\n\t\t\t\t\t<div class=\"e-con-inner\">\n\t\t\t\t<div class=\"elementor-element elementor-element-d47b309 elementor-widget elementor-widget-text-editor\" data-id=\"d47b309\" data-element_type=\"widget\" data-widget_type=\"text-editor.default\">\n\t\t\t\t\t\t\t\t\t<p>Location machine \u00e0 pop-corn<\/p><p>Caract\u00e9ristiques :<\/p><p>Puissance : 1350W ( 250V \/ 50Hz )<\/p><p>Capacit\u00e9 du bol : 8 oz<\/p><p>Rendement : 5kg \/ heure<\/p><p>Dimensions : 50cm x 36cm x 76cm<\/p><p>Poids : 21,6 kg<\/p><p>Temps de pr\u00e9paration : 5min<\/p><p>Tarifs :\u00a0<\/p><p>50\u20ac le week-end ( ma\u00efs non fourni )<\/p><p>Caution : 350\u20ac ( non d\u00e9bit\u00e9e )<\/p>\t\t\t\t\t\t\t\t<\/div>\n\t\t\t\t\t<\/div>\n\t\t\t\t<\/div>\n\t\t<div class=\"elementor-element elementor-element-db9fe8d e-flex e-con-boxed e-con e-parent\" data-id=\"db9fe8d\" data-element_type=\"container\">\n\t\t\t\t\t<div class=\"e-con-inner\">\n\t\t\t\t<div class=\"elementor-element elementor-element-497994c elementor-widget elementor-widget-image\" data-id=\"497994c\" data-element_type=\"widget\" data-widget_type=\"image.default\">\n\t\t\t\t\t\t\t\t\t\t\t\t\t\t\t<img decoding=\"async\" width=\"225\" height=\"300\" src=\"https:\/\/cloca-evenementiel.com\/wp-content\/uploads\/2025\/07\/IMG_0882-225x300.jpeg\" class=\"attachment-medium size-medium wp-image-157\" alt=\"\" srcset=\"https:\/\/cloca-evenementiel.com\/wp-content\/uploads\/2025\/07\/IMG_0882-225x300.jpeg 225w, https:\/\/cloca-evenementiel.com\/wp-content\/uploads\/2025\/07\/IMG_0882-768x1024.jpeg 768w, https:\/\/cloca-evenementiel.com\/wp-content\/uploads\/2025\/07\/IMG_0882-1152x1536.jpeg 1152w, https:\/\/cloca-evenementiel.com\/wp-content\/uploads\/2025\/07\/IMG_0882.jpeg 1536w\" sizes=\"(max-width: 225px) 100vw, 225px\" \/>\t\t\t\t\t\t\t\t\t\t\t\t\t\t\t<\/div>\n\t\t\t\t\t<\/div>\n\t\t\t\t<\/div>\n\t\t<div class=\"elementor-element elementor-element-940e2db e-flex e-con-boxed e-con e-parent\" data-id=\"940e2db\" data-element_type=\"container\">\n\t\t\t\t\t<div class=\"e-con-inner\">\n\t\t\t\t<div class=\"elementor-element elementor-element-2bb8f63 elementor-widget elementor-widget-text-editor\" data-id=\"2bb8f63\" data-element_type=\"widget\" data-widget_type=\"text-editor.default\">\n\t\t\t\t\t\t\t\t\t<p>Location fontaine \u00e0 champagne lumineuse\u00a0<\/p><p>Caract\u00e9ristiques :\u00a0<\/p><p>Poids : 9 kg<\/p><p>5 disques pour 5 \u00e9tages de prestations\u00a0<\/p><p>Dimensions : 37, 31, 25, 19 et 13 cm<\/p><p>Tarifs :<\/p><p>Location : 30\u20ac ( sans fl\u00fbtes ), 45\u20ac ( avec 72 fl\u00fbtes de 15,5cl ) le week-end<\/p><p>Caution : 200\u20ac ( non d\u00e9bit\u00e9e )<\/p>\t\t\t\t\t\t\t\t<\/div>\n\t\t\t\t\t<\/div>\n\t\t\t\t<\/div>\n\t\t<div class=\"elementor-element elementor-element-850ffaf e-flex e-con-boxed e-con e-parent\" data-id=\"850ffaf\" data-element_type=\"container\">\n\t\t\t\t\t<div class=\"e-con-inner\">\n\t\t\t\t<div class=\"elementor-element elementor-element-e048581 elementor-widget elementor-widget-image\" data-id=\"e048581\" data-element_type=\"widget\" data-widget_type=\"image.default\">\n\t\t\t\t\t\t\t\t\t\t\t\t\t\t\t<img loading=\"lazy\" decoding=\"async\" width=\"300\" height=\"300\" src=\"https:\/\/cloca-evenementiel.com\/wp-content\/uploads\/2025\/07\/IMG_0885-300x300.jpeg\" class=\"attachment-medium size-medium wp-image-158\" alt=\"\" srcset=\"https:\/\/cloca-evenementiel.com\/wp-content\/uploads\/2025\/07\/IMG_0885-300x300.jpeg 300w, https:\/\/cloca-evenementiel.com\/wp-content\/uploads\/2025\/07\/IMG_0885-1024x1024.jpeg 1024w, https:\/\/cloca-evenementiel.com\/wp-content\/uploads\/2025\/07\/IMG_0885-150x150.jpeg 150w, https:\/\/cloca-evenementiel.com\/wp-content\/uploads\/2025\/07\/IMG_0885-768x768.jpeg 768w, https:\/\/cloca-evenementiel.com\/wp-content\/uploads\/2025\/07\/IMG_0885-1536x1536.jpeg 1536w, https:\/\/cloca-evenementiel.com\/wp-content\/uploads\/2025\/07\/IMG_0885.jpeg 2048w\" sizes=\"(max-width: 300px) 100vw, 300px\" \/>\t\t\t\t\t\t\t\t\t\t\t\t\t\t\t<\/div>\n\t\t\t\t\t<\/div>\n\t\t\t\t<\/div>\n\t\t<div class=\"elementor-element elementor-element-efce227 e-flex e-con-boxed e-con e-parent\" data-id=\"efce227\" data-element_type=\"container\">\n\t\t\t\t\t<div class=\"e-con-inner\">\n\t\t\t\t<div class=\"elementor-element elementor-element-a9200b7 elementor-widget elementor-widget-text-editor\" data-id=\"a9200b7\" data-element_type=\"widget\" data-widget_type=\"text-editor.default\">\n\t\t\t\t\t\t\t\t\t<p>Location percolateur\u00a0<\/p><p>Percolateur 100 tasses &#8211; 15 litres<\/p><p>Caract\u00e9ristiques :\u00a0<\/p><p>Temps de pr\u00e9paration : 45min<\/p><p>Diam\u00e8tre : 27cm<\/p><p>Hauteur : 44cm<\/p><p>Puissance : 1650W &#8211; 230V<\/p><p>Poids : 5,5 kg<\/p><p>Tarifs :\u00a0<\/p><p>Location : 20\u20ac le week-end ( tasse non fourni )\u00a0<\/p><p>Caution : 130\u20ac ( non d\u00e9bit\u00e9e )<\/p>\t\t\t\t\t\t\t\t<\/div>\n\t\t\t\t\t<\/div>\n\t\t\t\t<\/div>\n\t\t<div class=\"elementor-element elementor-element-20e317b e-flex e-con-boxed e-con e-parent\" data-id=\"20e317b\" data-element_type=\"container\">\n\t\t\t\t\t<div class=\"e-con-inner\">\n\t\t\t\t<div class=\"elementor-element elementor-element-64fc9ad elementor-widget elementor-widget-image\" data-id=\"64fc9ad\" data-element_type=\"widget\" data-widget_type=\"image.default\">\n\t\t\t\t\t\t\t\t\t\t\t\t\t\t\t<img loading=\"lazy\" decoding=\"async\" width=\"300\" height=\"300\" src=\"https:\/\/cloca-evenementiel.com\/wp-content\/uploads\/2025\/07\/IMG_0884-300x300.jpeg\" class=\"attachment-medium size-medium wp-image-159\" alt=\"\" srcset=\"https:\/\/cloca-evenementiel.com\/wp-content\/uploads\/2025\/07\/IMG_0884-300x300.jpeg 300w, https:\/\/cloca-evenementiel.com\/wp-content\/uploads\/2025\/07\/IMG_0884-1024x1024.jpeg 1024w, https:\/\/cloca-evenementiel.com\/wp-content\/uploads\/2025\/07\/IMG_0884-150x150.jpeg 150w, https:\/\/cloca-evenementiel.com\/wp-content\/uploads\/2025\/07\/IMG_0884-768x768.jpeg 768w, https:\/\/cloca-evenementiel.com\/wp-content\/uploads\/2025\/07\/IMG_0884-1536x1536.jpeg 1536w, https:\/\/cloca-evenementiel.com\/wp-content\/uploads\/2025\/07\/IMG_0884.jpeg 2048w\" sizes=\"(max-width: 300px) 100vw, 300px\" \/>\t\t\t\t\t\t\t\t\t\t\t\t\t\t\t<\/div>\n\t\t\t\t\t<\/div>\n\t\t\t\t<\/div>\n\t\t<div class=\"elementor-element elementor-element-10dd0c7 e-flex e-con-boxed e-con e-parent\" data-id=\"10dd0c7\" data-element_type=\"container\">\n\t\t\t\t\t<div class=\"e-con-inner\">\n\t\t\t\t<div class=\"elementor-element elementor-element-2b69262 elementor-widget elementor-widget-text-editor\" data-id=\"2b69262\" data-element_type=\"widget\" data-widget_type=\"text-editor.default\">\n\t\t\t\t\t\t\t\t\t<p>Location d&rsquo;\u00e9tuve de remise en chauffe traiteur<\/p><p>Etuve de remise en chauffe traiteur de marque tournus<\/p><p>Caract\u00e9ristiques :<\/p><p>Profondeur : 73cm<\/p><p>Largeur : 48cm<\/p><p>Hauteur : 1m48<\/p><p>Sur roulette\u00a0<\/p><p>Temp\u00e9rature de 30\u00b0 \u00e0 90\u00b0<\/p><p>Monophas\u00e9e<\/p><p>15 niveau de plats gastronomiques GN1<\/p><p>Tarifs :<\/p><p>Location : 90\u20ac le week-end<\/p><p>Caution : 1000\u20ac ( non d\u00e9bit\u00e9e )\u00a0<\/p>\t\t\t\t\t\t\t\t<\/div>\n\t\t\t\t\t<\/div>\n\t\t\t\t<\/div>\n\t\t<div class=\"elementor-element elementor-element-cc223ba e-flex e-con-boxed e-con e-parent\" data-id=\"cc223ba\" data-element_type=\"container\">\n\t\t\t\t\t<div class=\"e-con-inner\">\n\t\t\t\t<div class=\"elementor-element elementor-element-b05499d elementor-widget elementor-widget-image\" data-id=\"b05499d\" data-element_type=\"widget\" data-widget_type=\"image.default\">\n\t\t\t\t\t\t\t\t\t\t\t\t\t\t\t<img loading=\"lazy\" decoding=\"async\" width=\"300\" height=\"226\" src=\"https:\/\/cloca-evenementiel.com\/wp-content\/uploads\/2025\/07\/IMG_0918-300x226.jpeg\" class=\"attachment-medium size-medium wp-image-160\" alt=\"\" srcset=\"https:\/\/cloca-evenementiel.com\/wp-content\/uploads\/2025\/07\/IMG_0918-300x226.jpeg 300w, https:\/\/cloca-evenementiel.com\/wp-content\/uploads\/2025\/07\/IMG_0918-1024x773.jpeg 1024w, https:\/\/cloca-evenementiel.com\/wp-content\/uploads\/2025\/07\/IMG_0918-768x580.jpeg 768w, https:\/\/cloca-evenementiel.com\/wp-content\/uploads\/2025\/07\/IMG_0918-1536x1159.jpeg 1536w, https:\/\/cloca-evenementiel.com\/wp-content\/uploads\/2025\/07\/IMG_0918.jpeg 1786w\" sizes=\"(max-width: 300px) 100vw, 300px\" \/>\t\t\t\t\t\t\t\t\t\t\t\t\t\t\t<\/div>\n\t\t\t\t\t<\/div>\n\t\t\t\t<\/div>\n\t\t<div class=\"elementor-element elementor-element-e5ba4bf e-flex e-con-boxed e-con e-parent\" data-id=\"e5ba4bf\" data-element_type=\"container\">\n\t\t\t\t\t<div class=\"e-con-inner\">\n\t\t\t\t<div class=\"elementor-element elementor-element-490a0bd elementor-widget elementor-widget-text-editor\" data-id=\"490a0bd\" data-element_type=\"widget\" data-widget_type=\"text-editor.default\">\n\t\t\t\t\t\t\t\t\t<p>Location plancha\u00a0<\/p><p>Caract\u00e9ristiques :\u00a0<\/p><p>Plancha 3 feux, inox, plaque en fonte \u00e9maill\u00e9e<\/p><p>3 br\u00fbleurs<\/p><p>Thermostat r\u00e9glable<\/p><p>Allumage piezzo<\/p><p>R\u00e9cup\u00e9rateur de graisse<\/p><p>Surface de cuisson : 12 x 41,6 cm<\/p><p>Tarifs :\u00a0<\/p><p>Location : 45\u20ac le week-end<\/p><p>Caution : 200\u20ac ( non d\u00e9bit\u00e9e )<\/p>\t\t\t\t\t\t\t\t<\/div>\n\t\t\t\t\t<\/div>\n\t\t\t\t<\/div>\n\t\t<div class=\"elementor-element elementor-element-4042de1 e-flex e-con-boxed e-con e-parent\" data-id=\"4042de1\" data-element_type=\"container\">\n\t\t\t\t\t<div class=\"e-con-inner\">\n\t\t\t\t<div class=\"elementor-element elementor-element-1bb21f4 elementor-widget elementor-widget-image\" data-id=\"1bb21f4\" data-element_type=\"widget\" data-widget_type=\"image.default\">\n\t\t\t\t\t\t\t\t\t\t\t\t\t\t\t<img loading=\"lazy\" decoding=\"async\" width=\"222\" height=\"300\" src=\"https:\/\/cloca-evenementiel.com\/wp-content\/uploads\/2025\/07\/IMG_0919-222x300.jpeg\" class=\"attachment-medium size-medium wp-image-161\" alt=\"\" srcset=\"https:\/\/cloca-evenementiel.com\/wp-content\/uploads\/2025\/07\/IMG_0919-222x300.jpeg 222w, https:\/\/cloca-evenementiel.com\/wp-content\/uploads\/2025\/07\/IMG_0919-759x1024.jpeg 759w, https:\/\/cloca-evenementiel.com\/wp-content\/uploads\/2025\/07\/IMG_0919-768x1037.jpeg 768w, https:\/\/cloca-evenementiel.com\/wp-content\/uploads\/2025\/07\/IMG_0919.jpeg 1089w\" sizes=\"(max-width: 222px) 100vw, 222px\" \/>\t\t\t\t\t\t\t\t\t\t\t\t\t\t\t<\/div>\n\t\t\t\t\t<\/div>\n\t\t\t\t<\/div>\n\t\t<div class=\"elementor-element elementor-element-a24a48d e-flex e-con-boxed e-con e-parent\" data-id=\"a24a48d\" data-element_type=\"container\">\n\t\t\t\t\t<div class=\"e-con-inner\">\n\t\t\t\t<div class=\"elementor-element elementor-element-6f30778 elementor-widget elementor-widget-text-editor\" data-id=\"6f30778\" data-element_type=\"widget\" data-widget_type=\"text-editor.default\">\n\t\t\t\t\t\t\t\t\t<p>Location de fontaine \u00e0 cocktail\u00a0<\/p><p>Caract\u00e9ristiques :\u00a0<\/p><p>Capacit\u00e9 : 8L<\/p><p>Dimensions : 26 x 35 x 58 cm<\/p><p>Poids : 2,6 kg<\/p><p>Contenant \u00e0 gla\u00e7ons \u00e9tanche qui pr\u00e9vient la dilution des boissons.\u00a0<\/p><p>Robinet facile \u00e0 actionner qui favorise un dosage pr\u00e9cis.<\/p><p>Plastique transparent afin de voir le contenu.<\/p><p>Tarifs :\u00a0<\/p><p>Location : 15\u20ac le week-end<\/p><p>Caution : 100\u20ac ( non d\u00e9bit\u00e9e )\u00a0<\/p>\t\t\t\t\t\t\t\t<\/div>\n\t\t\t\t\t<\/div>\n\t\t\t\t<\/div>\n\t\t<div class=\"elementor-element elementor-element-25f167f e-flex e-con-boxed e-con e-parent\" data-id=\"25f167f\" data-element_type=\"container\">\n\t\t\t\t\t<div class=\"e-con-inner\">\n\t\t\t\t<div class=\"elementor-element elementor-element-94934d2 elementor-widget elementor-widget-image\" data-id=\"94934d2\" data-element_type=\"widget\" data-widget_type=\"image.default\">\n\t\t\t\t\t\t\t\t\t\t\t\t\t\t\t<img loading=\"lazy\" decoding=\"async\" width=\"222\" height=\"300\" src=\"https:\/\/cloca-evenementiel.com\/wp-content\/uploads\/2025\/07\/IMG_0915-222x300.jpeg\" class=\"attachment-medium size-medium wp-image-162\" alt=\"\" srcset=\"https:\/\/cloca-evenementiel.com\/wp-content\/uploads\/2025\/07\/IMG_0915-222x300.jpeg 222w, https:\/\/cloca-evenementiel.com\/wp-content\/uploads\/2025\/07\/IMG_0915-757x1024.jpeg 757w, https:\/\/cloca-evenementiel.com\/wp-content\/uploads\/2025\/07\/IMG_0915-768x1039.jpeg 768w, https:\/\/cloca-evenementiel.com\/wp-content\/uploads\/2025\/07\/IMG_0915-1135x1536.jpeg 1135w, https:\/\/cloca-evenementiel.com\/wp-content\/uploads\/2025\/07\/IMG_0915.jpeg 1316w\" sizes=\"(max-width: 222px) 100vw, 222px\" \/>\t\t\t\t\t\t\t\t\t\t\t\t\t\t\t<\/div>\n\t\t\t\t\t<\/div>\n\t\t\t\t<\/div>\n\t\t<div class=\"elementor-element elementor-element-54ff1f0 e-flex e-con-boxed e-con e-parent\" data-id=\"54ff1f0\" data-element_type=\"container\">\n\t\t\t\t\t<div class=\"e-con-inner\">\n\t\t\t\t<div class=\"elementor-element elementor-element-a82c176 elementor-widget elementor-widget-text-editor\" data-id=\"a82c176\" data-element_type=\"widget\" data-widget_type=\"text-editor.default\">\n\t\t\t\t\t\t\t\t\t<p>Location girafe \u00e0 bi\u00e8re\u00a0<\/p><p>Distributeur de boisson<\/p><p>Carat\u00e9ristiques :\u00a0<\/p><p>Capacit\u00e9 : 3,5 L\u00a0<\/p><p>Dimensions : 24,5 x 19,5 x 85 x 5 cm<\/p><p>Robinet en polypropyl\u00e8ne\u00a0<\/p><p>Tarifs :\u00a0<\/p><p>Location week-end : 10\u20ac pour 1 girafe, 25\u20ac pour 3 girafes, 40\u20ac pour 5 girafes<\/p><p>Caution : 60\u20ac ( non d\u00e9bit\u00e9e )<\/p>\t\t\t\t\t\t\t\t<\/div>\n\t\t\t\t\t<\/div>\n\t\t\t\t<\/div>\n\t\t<div class=\"elementor-element elementor-element-3abfce8 e-flex e-con-boxed e-con e-parent\" data-id=\"3abfce8\" data-element_type=\"container\">\n\t\t\t\t\t<div class=\"e-con-inner\">\n\t\t\t\t<div class=\"elementor-element elementor-element-7f21248 elementor-widget elementor-widget-image\" data-id=\"7f21248\" data-element_type=\"widget\" data-widget_type=\"image.default\">\n\t\t\t\t\t\t\t\t\t\t\t\t\t\t\t<img loading=\"lazy\" decoding=\"async\" width=\"218\" height=\"300\" src=\"https:\/\/cloca-evenementiel.com\/wp-content\/uploads\/2025\/07\/IMG_0917-1-218x300.jpeg\" class=\"attachment-medium size-medium wp-image-163\" alt=\"\" srcset=\"https:\/\/cloca-evenementiel.com\/wp-content\/uploads\/2025\/07\/IMG_0917-1-218x300.jpeg 218w, https:\/\/cloca-evenementiel.com\/wp-content\/uploads\/2025\/07\/IMG_0917-1-744x1024.jpeg 744w, https:\/\/cloca-evenementiel.com\/wp-content\/uploads\/2025\/07\/IMG_0917-1-768x1058.jpeg 768w, https:\/\/cloca-evenementiel.com\/wp-content\/uploads\/2025\/07\/IMG_0917-1-1115x1536.jpeg 1115w, https:\/\/cloca-evenementiel.com\/wp-content\/uploads\/2025\/07\/IMG_0917-1.jpeg 1246w\" sizes=\"(max-width: 218px) 100vw, 218px\" \/>\t\t\t\t\t\t\t\t\t\t\t\t\t\t\t<\/div>\n\t\t\t\t\t<\/div>\n\t\t\t\t<\/div>\n\t\t<div class=\"elementor-element elementor-element-a9c688b e-flex e-con-boxed e-con e-parent\" data-id=\"a9c688b\" data-element_type=\"container\">\n\t\t\t\t\t<div class=\"e-con-inner\">\n\t\t\t\t<div class=\"elementor-element elementor-element-2161c18 elementor-widget elementor-widget-text-editor\" data-id=\"2161c18\" data-element_type=\"widget\" data-widget_type=\"text-editor.default\">\n\t\t\t\t\t\t\t\t\t<p>Location lanceur \u00e0 confettis &#8211; Magix FX PowerShot<\/p><p>Caract\u00e9ristiques :\u00a0<\/p><p>Dimensions : 12 x 13 cm<\/p><p>Poids : 1,7 kg<\/p><p>Tension : 230V<\/p><p>Serpentins propuls\u00e9s jusqu&rsquo;\u00e0 20m, confettis jusqu&rsquo;\u00e0 12m<\/p><p>Tarifs :\u00a0<\/p><p>Location : 25\u20ac le week-end ( machine seule )<\/p><p>Caution : 150\u20ac ( non d\u00e9bit\u00e9e )<\/p>\t\t\t\t\t\t\t\t<\/div>\n\t\t\t\t\t<\/div>\n\t\t\t\t<\/div>\n\t\t<div class=\"elementor-element elementor-element-b4707e9 e-flex e-con-boxed e-con e-parent\" data-id=\"b4707e9\" data-element_type=\"container\">\n\t\t\t\t\t<div class=\"e-con-inner\">\n\t\t\t\t<div class=\"elementor-element elementor-element-65a9d3c elementor-widget elementor-widget-button\" data-id=\"65a9d3c\" data-element_type=\"widget\" data-widget_type=\"button.default\">\n\t\t\t\t\t\t\t\t\t\t<a class=\"elementor-button elementor-button-link elementor-size-sm\" href=\"https:\/\/cloca-evenementiel.com\/index.php\/contact\/\">\n\t\t\t\t\t\t<span class=\"elementor-button-content-wrapper\">\n\t\t\t\t\t\t\t\t\t<span class=\"elementor-button-text\">Contact<\/span>\n\t\t\t\t\t<\/span>\n\t\t\t\t\t<\/a>\n\t\t\t\t\t\t\t\t<\/div>\n\t\t\t\t\t<\/div>\n\t\t\t\t<\/div>\n\t\t\t\t<\/div>\n\t\t","protected":false},"excerpt":{"rendered":"<p>Mes locations Location machine \u00e0 barbe \u00e0 papa Caract\u00e9ristiques :\u00a0 Tension : 230 V Puissance : 1 050W Dimensions : [&hellip;]<\/p>\n","protected":false},"author":1,"featured_media":0,"parent":0,"menu_order":0,"comment_status":"closed","ping_status":"closed","template":"","meta":{"site-sidebar-layout":"no-sidebar","site-content-layout":"","ast-site-content-layout":"full-width-container","site-content-style":"default","site-sidebar-style":"default","ast-global-header-display":"","ast-banner-title-visibility":"","ast-main-header-display":"","ast-hfb-above-header-display":"","ast-hfb-below-header-display":"","ast-hfb-mobile-header-display":"","site-post-title":"disabled","ast-breadcrumbs-content":"","ast-featured-img":"disabled","footer-sml-layout":"","theme-transparent-header-meta":"","adv-header-id-meta":"","stick-header-meta":"","header-above-stick-meta":"","header-main-stick-meta":"","header-below-stick-meta":"","astra-migrate-meta-layouts":"default","ast-page-background-enabled":"default","ast-page-background-meta":{"desktop":{"background-color":"var(--ast-global-color-5)","background-image":"","background-repeat":"repeat","background-position":"center center","background-size":"auto","background-attachment":"scroll","background-type":"","background-media":"","overlay-type":"","overlay-color":"","overlay-opacity":"","overlay-gradient":""},"tablet":{"background-color":"","background-image":"","background-repeat":"repeat","background-position":"center center","background-size":"auto","background-attachment":"scroll","background-type":"","background-media":"","overlay-type":"","overlay-color":"","overlay-opacity":"","overlay-gradient":""},"mobile":{"background-color":"","background-image":"","background-repeat":"repeat","background-position":"center center","background-size":"auto","background-attachment":"scroll","background-type":"","background-media":"","overlay-type":"","overlay-color":"","overlay-opacity":"","overlay-gradient":""}},"ast-content-background-meta":{"desktop":{"background-color":"var(--ast-global-color-4)","background-image":"","background-repeat":"repeat","background-position":"center center","background-size":"auto","background-attachment":"scroll","background-type":"","background-media":"","overlay-type":"","overlay-color":"","overlay-opacity":"","overlay-gradient":""},"tablet":{"background-color":"var(--ast-global-color-4)","background-image":"","background-repeat":"repeat","background-position":"center center","background-size":"auto","background-attachment":"scroll","background-type":"","background-media":"","overlay-type":"","overlay-color":"","overlay-opacity":"","overlay-gradient":""},"mobile":{"background-color":"var(--ast-global-color-4)","background-image":"","background-repeat":"repeat","background-position":"center center","background-size":"auto","background-attachment":"scroll","background-type":"","background-media":"","overlay-type":"","overlay-color":"","overlay-opacity":"","overlay-gradient":""}},"footnotes":""},"class_list":["post-152","page","type-page","status-publish","hentry"],"_links":{"self":[{"href":"https:\/\/cloca-evenementiel.com\/index.php\/wp-json\/wp\/v2\/pages\/152","targetHints":{"allow":["GET"]}}],"collection":[{"href":"https:\/\/cloca-evenementiel.com\/index.php\/wp-json\/wp\/v2\/pages"}],"about":[{"href":"https:\/\/cloca-evenementiel.com\/index.php\/wp-json\/wp\/v2\/types\/page"}],"author":[{"embeddable":true,"href":"https:\/\/cloca-evenementiel.com\/index.php\/wp-json\/wp\/v2\/users\/1"}],"replies":[{"embeddable":true,"href":"https:\/\/cloca-evenementiel.com\/index.php\/wp-json\/wp\/v2\/comments?post=152"}],"version-history":[{"count":10,"href":"https:\/\/cloca-evenementiel.com\/index.php\/wp-json\/wp\/v2\/pages\/152\/revisions"}],"predecessor-version":[{"id":172,"href":"https:\/\/cloca-evenementiel.com\/index.php\/wp-json\/wp\/v2\/pages\/152\/revisions\/172"}],"wp:attachment":[{"href":"https:\/\/cloca-evenementiel.com\/index.php\/wp-json\/wp\/v2\/media?parent=152"}],"curies":[{"name":"wp","href":"https:\/\/api.w.org\/{rel}","templated":true}]}}